{"id":4520,"date":"2012-02-15T10:22:04","date_gmt":"2012-02-15T10:22:04","guid":{"rendered":"https:\/\/muralunique.com\/?post_type=product&#038;p=4520"},"modified":"2021-09-15T16:59:30","modified_gmt":"2021-09-15T20:59:30","slug":"couleurs-dautomne","status":"publish","type":"product","link":"https:\/\/www.muralunique.com\/fr\/produit\/couleurs-dautomne\/","title":{"rendered":"Couleurs d&#8217;Automne"},"content":{"rendered":"<p>-Murale en papier\u00a0peint d&#8217;une for\u00eat en automne avec un chemin. Cette murale du photographe Lars Van de Goor est un excellent choix d\u00e9co pour donner de la profondeur et du cachet \u00e0 une pi\u00e8ce.<\/p>\n<p>-La murale comprend des laizes de 18&#8243; (45cm) de largeur. Par exemple, une murale de 6&#8242; (1,83m) de largeur a 4 laizes et une murale de 12&#8242; (3,66m) de largeur a 8 laizes.<\/p>\n<p>-Murale en papier\u00a0peint pr\u00e9encoll\u00e9e, lavable, s&#8217;enl\u00e8ve \u00e0 sec et r\u00e9utilisable. Facile \u00e0 installer, se pose comme du papier\u00a0peint (tapisserie).<\/p>\n<p>-Photographie de Lars van de Goor. Vous pouvez obtenir plus d&#8217;informations \u00e0 <a href=\"http:\/\/www.larsvandegoor.com\" rel=\"nofollow noopener\" target=\"_blank\">www.larsvandegoor.com<\/a>.<\/p>\n<p>-murale trompe l&#8217;oeil, murale de for\u00eat, papier peint de for\u00eat, murale for\u00eat d&#8217;automne, murale de la nature,murale de paysages<\/p>\n","protected":false},"excerpt":{"rendered":"<p>-Murale en papier\u00a0peint d&#8217;une for\u00eat en automne avec un chemin. Cette murale du photographe Lars Van de Goor est un excellent choix d\u00e9co pour donner de la profondeur et du cachet \u00e0 une pi\u00e8ce. -La murale comprend des laizes de 18&#8243; (45cm) de largeur. Par exemple, une murale de 6&#8242; (1,83m) de largeur a 4 [&hellip;]<\/p>\n","protected":false},"featured_media":31492,"template":"","meta":{"_acf_changed":false},"product_brand":[185],"product_cat":[141,401,163],"product_tag":[9478,8979,8788,8864,9019,9219,9261,9137,9467],"class_list":{"0":"post-4520","1":"product","2":"type-product","3":"status-publish","4":"has-post-thumbnail","6":"artist-lars-van-de-goor-fr","7":"product_brand-lars-van-de-goor","8":"product_cat-nature-et-paysages","9":"product_cat-tous-nos-produits","10":"product_cat-trompe-loeil","11":"product_tag-arbres","12":"product_tag-automne-fr","13":"product_tag-automne","14":"product_tag-calme","15":"product_tag-foret","16":"product_tag-nature-fr","17":"product_tag-paisible","18":"product_tag-paysage","19":"product_tag-tranquilite","21":"first","22":"instock","23":"taxable","24":"shipping-taxable","25":"purchasable","26":"product-type-variable","27":"has-default-attributes"},"acf":[],"_links":{"self":[{"href":"https:\/\/www.muralunique.com\/fr\/wp-json\/wp\/v2\/product\/4520","targetHints":{"allow":["GET"]}}],"collection":[{"href":"https:\/\/www.muralunique.com\/fr\/wp-json\/wp\/v2\/product"}],"about":[{"href":"https:\/\/www.muralunique.com\/fr\/wp-json\/wp\/v2\/types\/product"}],"wp:featuredmedia":[{"embeddable":true,"href":"https:\/\/www.muralunique.com\/fr\/wp-json\/wp\/v2\/media\/31492"}],"wp:attachment":[{"href":"https:\/\/www.muralunique.com\/fr\/wp-json\/wp\/v2\/media?parent=4520"}],"wp:term":[{"taxonomy":"product_brand","embeddable":true,"href":"https:\/\/www.muralunique.com\/fr\/wp-json\/wp\/v2\/product_brand?post=4520"},{"taxonomy":"product_cat","embeddable":true,"href":"https:\/\/www.muralunique.com\/fr\/wp-json\/wp\/v2\/product_cat?post=4520"},{"taxonomy":"product_tag","embeddable":true,"href":"https:\/\/www.muralunique.com\/fr\/wp-json\/wp\/v2\/product_tag?post=4520"}],"curies":[{"name":"wp","href":"https:\/\/api.w.org\/{rel}","templated":true}]}}