{"id":4535,"date":"2012-02-15T10:47:12","date_gmt":"2012-02-15T10:47:12","guid":{"rendered":"https:\/\/muralunique.com\/?post_type=product&#038;p=4535"},"modified":"2021-09-15T16:59:31","modified_gmt":"2021-09-15T20:59:31","slug":"tranquilite","status":"publish","type":"product","link":"https:\/\/www.muralunique.com\/fr\/produit\/tranquilite\/","title":{"rendered":"Tranquilit\u00e9"},"content":{"rendered":"<p>-Magnifique photo murale d&#8217;une for\u00eat ensoleill\u00e9e.<\/p>\n<p>-La murale comprend des laizes de 18\u2033 (45cm) de largeur. Par exemple, une murale de 6\u2032 (1,83m) de largeur a 4 laizes et une murale de 12\u2032 (3,66m) de largeur a 8 laizes.<\/p>\n<p>-Murale en papier\u00a0peint pr\u00e9encoll\u00e9e, lavable, s\u2019enl\u00e8ve \u00e0 sec et r\u00e9utilisable. Facile \u00e0 installer, se pose comme du papier\u00a0peint (tapisserie).<\/p>\n<p>-murale tranquilit\u00e9, photo murale tranquilit\u00e9, murale for\u00eat, murale for\u00eat verte, papier peint for\u00eat<\/p>\n","protected":false},"excerpt":{"rendered":"<p>-Magnifique photo murale d&#8217;une for\u00eat ensoleill\u00e9e. -La murale comprend des laizes de 18\u2033 (45cm) de largeur. Par exemple, une murale de 6\u2032 (1,83m) de largeur a 4 laizes et une murale de 12\u2032 (3,66m) de largeur a 8 laizes. -Murale en papier\u00a0peint pr\u00e9encoll\u00e9e, lavable, s\u2019enl\u00e8ve \u00e0 sec et r\u00e9utilisable. Facile \u00e0 installer, se pose comme [&hellip;]<\/p>\n","protected":false},"featured_media":31546,"template":"","meta":{"_acf_changed":false},"product_brand":[203],"product_cat":[367,141,401],"product_tag":[9478,8864,9427,9019,9219,9261,9137,9467],"class_list":{"0":"post-4535","1":"product","2":"type-product","3":"status-publish","4":"has-post-thumbnail","6":"product_brand-muralunique-com","7":"product_cat-murales-en-r-p-tition","8":"product_cat-nature-et-paysages","9":"product_cat-tous-nos-produits","10":"product_tag-arbres","11":"product_tag-calme","12":"product_tag-ete","13":"product_tag-foret","14":"product_tag-nature-fr","15":"product_tag-paisible","16":"product_tag-paysage","17":"product_tag-tranquilite","19":"first","20":"instock","21":"taxable","22":"shipping-taxable","23":"purchasable","24":"product-type-variable","25":"has-default-attributes"},"acf":[],"_links":{"self":[{"href":"https:\/\/www.muralunique.com\/fr\/wp-json\/wp\/v2\/product\/4535","targetHints":{"allow":["GET"]}}],"collection":[{"href":"https:\/\/www.muralunique.com\/fr\/wp-json\/wp\/v2\/product"}],"about":[{"href":"https:\/\/www.muralunique.com\/fr\/wp-json\/wp\/v2\/types\/product"}],"wp:featuredmedia":[{"embeddable":true,"href":"https:\/\/www.muralunique.com\/fr\/wp-json\/wp\/v2\/media\/31546"}],"wp:attachment":[{"href":"https:\/\/www.muralunique.com\/fr\/wp-json\/wp\/v2\/media?parent=4535"}],"wp:term":[{"taxonomy":"product_brand","embeddable":true,"href":"https:\/\/www.muralunique.com\/fr\/wp-json\/wp\/v2\/product_brand?post=4535"},{"taxonomy":"product_cat","embeddable":true,"href":"https:\/\/www.muralunique.com\/fr\/wp-json\/wp\/v2\/product_cat?post=4535"},{"taxonomy":"product_tag","embeddable":true,"href":"https:\/\/www.muralunique.com\/fr\/wp-json\/wp\/v2\/product_tag?post=4535"}],"curies":[{"name":"wp","href":"https:\/\/api.w.org\/{rel}","templated":true}]}}