{"id":4548,"date":"2012-02-15T11:09:10","date_gmt":"2012-02-15T11:09:10","guid":{"rendered":"https:\/\/muralunique.com\/?post_type=product&#038;p=4548"},"modified":"2025-09-30T16:18:39","modified_gmt":"2025-09-30T20:18:39","slug":"foret-tropicale","status":"publish","type":"product","link":"https:\/\/www.muralunique.com\/fr\/produit\/foret-tropicale\/","title":{"rendered":"For\u00eat Tropicale"},"content":{"rendered":"<p>-Murale en papier peint d&#8217;une for\u00eat tropicale (photo murale).<\/p>\n<p>-La murale comprend des laizes de 18\u2033 (45cm) de largeur. Par exemple, une murale de 6\u2032 (1,83m) de largeur a 4 laizes et une murale de 12\u2032 (3,66m) de largeur a 8 laizes.<\/p>\n<p>-Murale en papier\u00a0peint pr\u00e9encoll\u00e9e, lavable, s\u2019enl\u00e8ve \u00e0 sec et r\u00e9utilisable. Facile \u00e0 installer, se pose comme du papier\u00a0peint (tapisserie).<\/p>\n<p>-murale for\u00eat tropicale, murale en papier peint for\u00eat tropicale, tapisserie for\u00eat tropicale, photo murale for\u00eat tropicale, murale tropicale<\/p>\n","protected":false},"excerpt":{"rendered":"<p>-Murale en papier peint d&#8217;une for\u00eat tropicale (photo murale). -La murale comprend des laizes de 18\u2033 (45cm) de largeur. Par exemple, une murale de 6\u2032 (1,83m) de largeur a 4 laizes et une murale de 12\u2032 (3,66m) de largeur a 8 laizes. -Murale en papier\u00a0peint pr\u00e9encoll\u00e9e, lavable, s\u2019enl\u00e8ve \u00e0 sec et r\u00e9utilisable. Facile \u00e0 installer, [&hellip;]<\/p>\n","protected":false},"featured_media":31526,"template":"","meta":{"_acf_changed":false},"product_brand":[203],"product_cat":[150,141,305,401],"product_tag":[9478,8970,9014,9142,9144,9019,9313,9219,9137,9486],"class_list":{"0":"post-4548","1":"product","2":"type-product","3":"status-publish","4":"has-post-thumbnail","6":"product_brand-muralunique-com","7":"product_cat-fleurs-et-feuillages","8":"product_cat-nature-et-paysages","9":"product_cat-produits-vedettes","10":"product_cat-tous-nos-produits","11":"product_tag-arbres","12":"product_tag-exotique","13":"product_tag-feuillage","14":"product_tag-feuille","15":"product_tag-feuilles","16":"product_tag-foret","17":"product_tag-foret-tropicale","18":"product_tag-nature-fr","19":"product_tag-paysage","20":"product_tag-tropical-fr","22":"first","23":"instock","24":"taxable","25":"shipping-taxable","26":"purchasable","27":"product-type-variable","28":"has-default-attributes"},"acf":[],"_links":{"self":[{"href":"https:\/\/www.muralunique.com\/fr\/wp-json\/wp\/v2\/product\/4548","targetHints":{"allow":["GET"]}}],"collection":[{"href":"https:\/\/www.muralunique.com\/fr\/wp-json\/wp\/v2\/product"}],"about":[{"href":"https:\/\/www.muralunique.com\/fr\/wp-json\/wp\/v2\/types\/product"}],"wp:featuredmedia":[{"embeddable":true,"href":"https:\/\/www.muralunique.com\/fr\/wp-json\/wp\/v2\/media\/31526"}],"wp:attachment":[{"href":"https:\/\/www.muralunique.com\/fr\/wp-json\/wp\/v2\/media?parent=4548"}],"wp:term":[{"taxonomy":"product_brand","embeddable":true,"href":"https:\/\/www.muralunique.com\/fr\/wp-json\/wp\/v2\/product_brand?post=4548"},{"taxonomy":"product_cat","embeddable":true,"href":"https:\/\/www.muralunique.com\/fr\/wp-json\/wp\/v2\/product_cat?post=4548"},{"taxonomy":"product_tag","embeddable":true,"href":"https:\/\/www.muralunique.com\/fr\/wp-json\/wp\/v2\/product_tag?post=4548"}],"curies":[{"name":"wp","href":"https:\/\/api.w.org\/{rel}","templated":true}]}}