{"id":4560,"date":"2012-02-15T19:17:11","date_gmt":"2012-02-15T19:17:11","guid":{"rendered":"https:\/\/muralunique.com\/?post_type=product&#038;p=4560"},"modified":"2022-04-16T19:43:47","modified_gmt":"2022-04-16T23:43:47","slug":"le-pont-de-brooklyn-la-nuit-sepia","status":"publish","type":"product","link":"https:\/\/www.muralunique.com\/fr\/produit\/le-pont-de-brooklyn-la-nuit-sepia\/","title":{"rendered":"Le Pont de Brooklyn la Nuit (S\u00e9pia)"},"content":{"rendered":"<p>-Photo murale en papier peint en s\u00e9pia du Pont de Brooklyn dans toute sa splendeur. Les murales de New York sont tr\u00e8s populaires et ce Pont de Brooklyn est un moyen facile de d\u00e9corer d&#8217;importe quel mur de votre maison ou bureau. Vous serez enchant\u00e9 du r\u00e9sultat.<\/p>\n<p>-La murale comprend des laizes de 18&#8243; (45cm) de largeur. Par exemple, une murale de 6&#8242; (1,83m) de largeur a 4 laizes et une murale de 12&#8242; (3,66m) de largeur a 8 laizes.<\/p>\n<p>-Murale en papier\u00a0peint pr\u00e9encoll\u00e9e, lavable, s&#8217;enl\u00e8ve \u00e0 sec et r\u00e9utilisable. Facile \u00e0 installer, se pose comme du papier\u00a0peint (tapisserie).<\/p>\n<p>-murale Pont de Brooklyn, murale Pont de Brooklyn la nuit, murale de New York, papier peint de New York, tapisserie Pont de Brooklyn<\/p>\n","protected":false},"excerpt":{"rendered":"<p>-Photo murale en papier peint en s\u00e9pia du Pont de Brooklyn dans toute sa splendeur. Les murales de New York sont tr\u00e8s populaires et ce Pont de Brooklyn est un moyen facile de d\u00e9corer d&#8217;importe quel mur de votre maison ou bureau. Vous serez enchant\u00e9 du r\u00e9sultat. -La murale comprend des laizes de 18&#8243; (45cm) [&hellip;]<\/p>\n","protected":false},"featured_media":63297,"template":"","meta":{"_acf_changed":false},"product_brand":[203],"product_cat":[166,401],"product_tag":[8850,8921,9499,9381,9170,9226,9227,9230,8902,8849,9500,8901],"class_list":{"0":"post-4560","1":"product","2":"type-product","3":"status-publish","4":"has-post-thumbnail","6":"product_brand-muralunique-com","7":"product_cat-scenes-urbaines-villes","8":"product_cat-tous-nos-produits","9":"product_tag-brooklyn-fr","10":"product_tag-contemporain","11":"product_tag-etats-unis","12":"product_tag-horizon","13":"product_tag-manhattan-fr","14":"product_tag-new-york-fr","15":"product_tag-nuit","16":"product_tag-nyc-fr","17":"product_tag-paysage-urbain","18":"product_tag-pont","19":"product_tag-urbain","20":"product_tag-ville","22":"first","23":"instock","24":"taxable","25":"shipping-taxable","26":"purchasable","27":"product-type-variable","28":"has-default-attributes"},"acf":[],"_links":{"self":[{"href":"https:\/\/www.muralunique.com\/fr\/wp-json\/wp\/v2\/product\/4560","targetHints":{"allow":["GET"]}}],"collection":[{"href":"https:\/\/www.muralunique.com\/fr\/wp-json\/wp\/v2\/product"}],"about":[{"href":"https:\/\/www.muralunique.com\/fr\/wp-json\/wp\/v2\/types\/product"}],"wp:featuredmedia":[{"embeddable":true,"href":"https:\/\/www.muralunique.com\/fr\/wp-json\/wp\/v2\/media\/63297"}],"wp:attachment":[{"href":"https:\/\/www.muralunique.com\/fr\/wp-json\/wp\/v2\/media?parent=4560"}],"wp:term":[{"taxonomy":"product_brand","embeddable":true,"href":"https:\/\/www.muralunique.com\/fr\/wp-json\/wp\/v2\/product_brand?post=4560"},{"taxonomy":"product_cat","embeddable":true,"href":"https:\/\/www.muralunique.com\/fr\/wp-json\/wp\/v2\/product_cat?post=4560"},{"taxonomy":"product_tag","embeddable":true,"href":"https:\/\/www.muralunique.com\/fr\/wp-json\/wp\/v2\/product_tag?post=4560"}],"curies":[{"name":"wp","href":"https:\/\/api.w.org\/{rel}","templated":true}]}}