{"id":45606,"date":"2021-01-04T12:07:25","date_gmt":"2021-01-04T17:07:25","guid":{"rendered":"https:\/\/www.muralunique.com\/?post_type=product&#038;p=45606"},"modified":"2025-09-30T16:18:01","modified_gmt":"2025-09-30T20:18:01","slug":"fond-marin-avec-poissons-et-dauphins","status":"publish","type":"product","link":"https:\/\/www.muralunique.com\/fr\/produit\/fond-marin-avec-poissons-et-dauphins\/","title":{"rendered":"Fond Marin avec Poissons et Dauphins"},"content":{"rendered":"<p>-Murale en papier peint pour enfants d&#8217;une sc\u00e8ne d&#8217;un fond marin avec des dauphins, des poissons et des coraux. Une id\u00e9e amusante pour d\u00e9corer une chambre d&#8217;enfant ou un bureau de dentiste ou de docteur.<\/p>\n<p>-Cette murale est imprim\u00e9e horizontalement en un seul morceau, donc sans aucun joints. Les instructions de pose sont incluses avec la murale.<\/p>\n<p>-Murale en papier\u00a0peint pr\u00e9encoll\u00e9e, lavable, s\u2019enl\u00e8ve \u00e0 sec et r\u00e9utilisable. Facile \u00e0 installer, se pose comme du papier\u00a0peint (tapisserie).<\/p>\n<p>-murale fond marin, murale en papier peint fond marin, tapisserie fond marin, papier peint fond marin, murale sous la mer, papier peint sous la mer, tapisserie sous la mer, murale pour enfants, papier peint pour enfants, murale de dauphins, papier peint de dauphins<\/p>\n","protected":false},"excerpt":{"rendered":"<p>-Murale en papier peint pour enfants d&#8217;une sc\u00e8ne d&#8217;un fond marin avec des dauphins, des poissons et des coraux. Une id\u00e9e amusante pour d\u00e9corer une chambre d&#8217;enfant ou un bureau de dentiste ou de docteur. -Cette murale est imprim\u00e9e horizontalement en un seul morceau, donc sans aucun joints. Les instructions de pose sont incluses avec [&hellip;]<\/p>\n","protected":false},"featured_media":45605,"template":"","meta":{"_acf_changed":false},"product_brand":[],"product_cat":[134,153,173,401],"product_tag":[8922,8952,8894,8895,9696,9125,9352,9231,9002,9003,9494],"class_list":{"0":"post-45606","1":"product","2":"type-product","3":"status-publish","4":"has-post-thumbnail","6":"product_cat-animaux","7":"product_cat-eau-et-plages","8":"product_cat-enfants","9":"product_cat-tous-nos-produits","10":"product_tag-corail","11":"product_tag-dauphins","12":"product_tag-enfant","13":"product_tag-enfants","14":"product_tag-fond-marin","15":"product_tag-gamins","16":"product_tag-mer","17":"product_tag-ocean-fr-2","18":"product_tag-poisson","19":"product_tag-poissons","20":"product_tag-sous-marin","22":"first","23":"instock","24":"taxable","25":"shipping-taxable","26":"purchasable","27":"product-type-variable","28":"has-default-attributes"},"acf":[],"_links":{"self":[{"href":"https:\/\/www.muralunique.com\/fr\/wp-json\/wp\/v2\/product\/45606","targetHints":{"allow":["GET"]}}],"collection":[{"href":"https:\/\/www.muralunique.com\/fr\/wp-json\/wp\/v2\/product"}],"about":[{"href":"https:\/\/www.muralunique.com\/fr\/wp-json\/wp\/v2\/types\/product"}],"wp:featuredmedia":[{"embeddable":true,"href":"https:\/\/www.muralunique.com\/fr\/wp-json\/wp\/v2\/media\/45605"}],"wp:attachment":[{"href":"https:\/\/www.muralunique.com\/fr\/wp-json\/wp\/v2\/media?parent=45606"}],"wp:term":[{"taxonomy":"product_brand","embeddable":true,"href":"https:\/\/www.muralunique.com\/fr\/wp-json\/wp\/v2\/product_brand?post=45606"},{"taxonomy":"product_cat","embeddable":true,"href":"https:\/\/www.muralunique.com\/fr\/wp-json\/wp\/v2\/product_cat?post=45606"},{"taxonomy":"product_tag","embeddable":true,"href":"https:\/\/www.muralunique.com\/fr\/wp-json\/wp\/v2\/product_tag?post=45606"}],"curies":[{"name":"wp","href":"https:\/\/api.w.org\/{rel}","templated":true}]}}