{"id":4582,"date":"2012-02-15T21:59:10","date_gmt":"2012-02-15T21:59:10","guid":{"rendered":"https:\/\/muralunique.com\/?post_type=product&#038;p=4582"},"modified":"2021-09-15T16:59:36","modified_gmt":"2021-09-15T20:59:36","slug":"big-wheels","status":"publish","type":"product","link":"https:\/\/www.muralunique.com\/fr\/produit\/big-wheels\/","title":{"rendered":"Big Wheels"},"content":{"rendered":"<p>-Une murale en papier peint de camions &#8220;Monster Trucks&#8221;. Une murale stimulante et color\u00e9e, parfaite pour les enfants pleins d&#8217;\u00e9nergie.<\/p>\n<p>-La murale comprend des laizes de 18&#8243; (45cm) de largeur. Par exemple, une murale de 6&#8242; (1,83m) de largeur a 4 laizes et une murale de 12&#8242; (3,66m) de largeur a 8 laizes.<\/p>\n<p>-Murale en papier\u00a0peint pr\u00e9encoll\u00e9e, lavable, s&#8217;enl\u00e8ve \u00e0 sec et r\u00e9utilisable. Facile \u00e0 installer, se pose comme du papier\u00a0peint (tapisserie).<\/p>\n<p>-Cette toile est une cr\u00e9ation de Tony Floreani.<\/p>\n<p>-murale de camions, murale en papier peint de camions, murale big wheels, murale monster trucks, tapisserie de camions<\/p>\n","protected":false},"excerpt":{"rendered":"<p>-Une murale en papier peint de camions &#8220;Monster Trucks&#8221;. Une murale stimulante et color\u00e9e, parfaite pour les enfants pleins d&#8217;\u00e9nergie. -La murale comprend des laizes de 18&#8243; (45cm) de largeur. Par exemple, une murale de 6&#8242; (1,83m) de largeur a 4 laizes et une murale de 12&#8242; (3,66m) de largeur a 8 laizes. -Murale en [&hellip;]<\/p>\n","protected":false},"featured_media":4583,"template":"","meta":{"_acf_changed":false},"product_brand":[136],"product_cat":[173,401,425],"product_tag":[8791,8790,8816,8817,9487,8894,8895,9125,9193],"class_list":{"0":"post-4582","1":"product","2":"type-product","3":"status-publish","4":"has-post-thumbnail","6":"artist-tony-floreani-fr","7":"product_brand-tony-floreani","8":"product_cat-enfants","9":"product_cat-tous-nos-produits","10":"product_cat-ultra-haute-d-finition-art","11":"product_tag-bebe","12":"product_tag-bebes","13":"product_tag-big-foot-fr","14":"product_tag-big-wheels-fr","15":"product_tag-camions","16":"product_tag-enfant","17":"product_tag-enfants","18":"product_tag-gamins","19":"product_tag-monster-trucks-fr","21":"first","22":"instock","23":"taxable","24":"shipping-taxable","25":"purchasable","26":"product-type-variable","27":"has-default-attributes"},"acf":[],"_links":{"self":[{"href":"https:\/\/www.muralunique.com\/fr\/wp-json\/wp\/v2\/product\/4582","targetHints":{"allow":["GET"]}}],"collection":[{"href":"https:\/\/www.muralunique.com\/fr\/wp-json\/wp\/v2\/product"}],"about":[{"href":"https:\/\/www.muralunique.com\/fr\/wp-json\/wp\/v2\/types\/product"}],"wp:featuredmedia":[{"embeddable":true,"href":"https:\/\/www.muralunique.com\/fr\/wp-json\/wp\/v2\/media\/4583"}],"wp:attachment":[{"href":"https:\/\/www.muralunique.com\/fr\/wp-json\/wp\/v2\/media?parent=4582"}],"wp:term":[{"taxonomy":"product_brand","embeddable":true,"href":"https:\/\/www.muralunique.com\/fr\/wp-json\/wp\/v2\/product_brand?post=4582"},{"taxonomy":"product_cat","embeddable":true,"href":"https:\/\/www.muralunique.com\/fr\/wp-json\/wp\/v2\/product_cat?post=4582"},{"taxonomy":"product_tag","embeddable":true,"href":"https:\/\/www.muralunique.com\/fr\/wp-json\/wp\/v2\/product_tag?post=4582"}],"curies":[{"name":"wp","href":"https:\/\/api.w.org\/{rel}","templated":true}]}}