{"id":4590,"date":"2012-02-15T22:09:10","date_gmt":"2012-02-15T22:09:10","guid":{"rendered":"https:\/\/muralunique.com\/?post_type=product&#038;p=4590"},"modified":"2021-09-15T16:59:36","modified_gmt":"2021-09-15T20:59:36","slug":"bibliotheque","status":"publish","type":"product","link":"https:\/\/www.muralunique.com\/fr\/produit\/bibliotheque\/","title":{"rendered":"Biblioth\u00e8que"},"content":{"rendered":"<p>-Murale en papier peint pour enfants d&#8217;une bibliot\u00e8que avec des livres. Un \u00e9l\u00e9ment d\u00e9co tr\u00e8s original pour les murs d&#8217;une chambre d&#8217;enfants, d&#8217;une salle de jeu, d&#8217;une garderie ou d&#8217;une \u00e9cole.<\/p>\n<p>-La murale comprend des laizes de 18&#8243; (45cm) de largeur. Par exemple, une murale de 6&#8242; (1,83m) de largeur a 4 laizes et une murale de 12&#8242; (3,66m) de largeur a 8 laizes.<\/p>\n<p>-Murale en papier\u00a0peint pr\u00e9encoll\u00e9e, lavable, s&#8217;enl\u00e8ve \u00e0 sec et r\u00e9utilisable. Facile \u00e0 installer, se pose comme du papier\u00a0peint (tapisserie).<\/p>\n<p>-Cette toile est une cr\u00e9ation d&#8217;Annie Giroux. Vous pouvez obtenir plus d&#8217;informations \u00e0 <strong><u><a href=\"http:\/\/www.anniegiroux.com\/\" rel=\"nofollow noopener\" target=\"_blank\">www.anniegiroux.com<\/a>.<\/u><\/strong><\/p>\n<p>-murales en papier peint de biblioth\u00e8que, murales avec des livres, tapisserie pour enfants, papier peint pour chambres d&#8217;enfants, murales pour enfants<\/p>\n","protected":false},"excerpt":{"rendered":"<p>-Murale en papier peint pour enfants d&#8217;une bibliot\u00e8que avec des livres. Un \u00e9l\u00e9ment d\u00e9co tr\u00e8s original pour les murs d&#8217;une chambre d&#8217;enfants, d&#8217;une salle de jeu, d&#8217;une garderie ou d&#8217;une \u00e9cole. -La murale comprend des laizes de 18&#8243; (45cm) de largeur. Par exemple, une murale de 6&#8242; (1,83m) de largeur a 4 laizes et une [&hellip;]<\/p>\n","protected":false},"featured_media":4591,"template":"","meta":{"_acf_changed":false},"product_brand":[168],"product_cat":[173,401,425],"product_tag":[8791,8790,8835,8894,8895,10110,10111,9125,9149,8834,8836,9483,9612,9485],"class_list":{"0":"post-4590","1":"product","2":"type-product","3":"status-publish","4":"has-post-thumbnail","6":"artist-annie-giroux-fr","7":"product_brand-annie-giroux-2","8":"product_cat-enfants","9":"product_cat-tous-nos-produits","10":"product_cat-ultra-haute-d-finition-art","11":"product_tag-bebe","12":"product_tag-bebes","13":"product_tag-bibliotheque","14":"product_tag-enfant","15":"product_tag-enfants","16":"product_tag-etagere","17":"product_tag-etageres-fr","18":"product_tag-gamins","19":"product_tag-librairie","20":"product_tag-livre","21":"product_tag-livres","22":"product_tag-trompe-l-oeil","23":"product_tag-trompe-loeil-fr","24":"product_tag-trompe-oeil-fr","26":"first","27":"instock","28":"taxable","29":"shipping-taxable","30":"purchasable","31":"product-type-variable","32":"has-default-attributes"},"acf":[],"_links":{"self":[{"href":"https:\/\/www.muralunique.com\/fr\/wp-json\/wp\/v2\/product\/4590","targetHints":{"allow":["GET"]}}],"collection":[{"href":"https:\/\/www.muralunique.com\/fr\/wp-json\/wp\/v2\/product"}],"about":[{"href":"https:\/\/www.muralunique.com\/fr\/wp-json\/wp\/v2\/types\/product"}],"wp:featuredmedia":[{"embeddable":true,"href":"https:\/\/www.muralunique.com\/fr\/wp-json\/wp\/v2\/media\/4591"}],"wp:attachment":[{"href":"https:\/\/www.muralunique.com\/fr\/wp-json\/wp\/v2\/media?parent=4590"}],"wp:term":[{"taxonomy":"product_brand","embeddable":true,"href":"https:\/\/www.muralunique.com\/fr\/wp-json\/wp\/v2\/product_brand?post=4590"},{"taxonomy":"product_cat","embeddable":true,"href":"https:\/\/www.muralunique.com\/fr\/wp-json\/wp\/v2\/product_cat?post=4590"},{"taxonomy":"product_tag","embeddable":true,"href":"https:\/\/www.muralunique.com\/fr\/wp-json\/wp\/v2\/product_tag?post=4590"}],"curies":[{"name":"wp","href":"https:\/\/api.w.org\/{rel}","templated":true}]}}