{"id":46028,"date":"2021-01-12T10:00:46","date_gmt":"2021-01-12T15:00:46","guid":{"rendered":"https:\/\/www.muralunique.com\/?post_type=product&#038;p=46028"},"modified":"2022-05-24T11:13:37","modified_gmt":"2022-05-24T15:13:37","slug":"coquelicots-blancs","status":"publish","type":"product","link":"https:\/\/www.muralunique.com\/fr\/produit\/coquelicots-blancs\/","title":{"rendered":"Coquelicots Blancs"},"content":{"rendered":"<p>-Murale en papier peint florale de coquelicots blancs sur un fond vieillot. Un design classique et versatil; un \u00e9l\u00e9ment d\u00e9co parfait pour un mur de cuisine, de salon, de chambre \u00e0 coucher ou salle de bain.<\/p>\n<p>-La murale comprend des laizes de 18\u2033 (45cm) de largeur. Par exemple, une murale de 6\u2032 (1,83m) de largeur a 4 laizes et une murale de 12\u2032 (3,66m) de largeur a 8 laizes.<\/p>\n<p>-Murale en papier\u00a0peint pr\u00e9encoll\u00e9e, lavable, s\u2019enl\u00e8ve \u00e0 sec et r\u00e9utilisable. Facile \u00e0 installer, se pose comme du papier\u00a0peint (tapisserie).<\/p>\n<p>-murale florale, murale en papier peint florale, tapisserie florale, murale coquelicots blancs, murale en papier peint coquelicots blancs, tapisserie coquelicots blancs, papier peint coquelicots blancs, murale de fleurs, papier peint de fleurs, tapisserie de fleurs<\/p>\n","protected":false},"excerpt":{"rendered":"<p>-Murale en papier peint florale de coquelicots blancs sur un fond vieillot. Un design classique et versatil; un \u00e9l\u00e9ment d\u00e9co parfait pour un mur de cuisine, de salon, de chambre \u00e0 coucher ou salle de bain. -La murale comprend des laizes de 18\u2033 (45cm) de largeur. Par exemple, une murale de 6\u2032 (1,83m) de largeur [&hellip;]<\/p>\n","protected":false},"featured_media":46408,"template":"","meta":{"_acf_changed":false},"product_brand":[],"product_cat":[150,401],"product_tag":[9291,9010,9006],"class_list":{"0":"post-46028","1":"product","2":"type-product","3":"status-publish","4":"has-post-thumbnail","6":"product_cat-fleurs-et-feuillages","7":"product_cat-tous-nos-produits","8":"product_tag-coquelicots","9":"product_tag-fleurs","10":"product_tag-floral-fr","12":"first","13":"instock","14":"taxable","15":"shipping-taxable","16":"purchasable","17":"product-type-variable","18":"has-default-attributes"},"acf":[],"_links":{"self":[{"href":"https:\/\/www.muralunique.com\/fr\/wp-json\/wp\/v2\/product\/46028","targetHints":{"allow":["GET"]}}],"collection":[{"href":"https:\/\/www.muralunique.com\/fr\/wp-json\/wp\/v2\/product"}],"about":[{"href":"https:\/\/www.muralunique.com\/fr\/wp-json\/wp\/v2\/types\/product"}],"wp:featuredmedia":[{"embeddable":true,"href":"https:\/\/www.muralunique.com\/fr\/wp-json\/wp\/v2\/media\/46408"}],"wp:attachment":[{"href":"https:\/\/www.muralunique.com\/fr\/wp-json\/wp\/v2\/media?parent=46028"}],"wp:term":[{"taxonomy":"product_brand","embeddable":true,"href":"https:\/\/www.muralunique.com\/fr\/wp-json\/wp\/v2\/product_brand?post=46028"},{"taxonomy":"product_cat","embeddable":true,"href":"https:\/\/www.muralunique.com\/fr\/wp-json\/wp\/v2\/product_cat?post=46028"},{"taxonomy":"product_tag","embeddable":true,"href":"https:\/\/www.muralunique.com\/fr\/wp-json\/wp\/v2\/product_tag?post=46028"}],"curies":[{"name":"wp","href":"https:\/\/api.w.org\/{rel}","templated":true}]}}