{"id":4606,"date":"2012-02-15T22:23:18","date_gmt":"2012-02-15T22:23:18","guid":{"rendered":"https:\/\/muralunique.com\/?post_type=product&#038;p=4606"},"modified":"2021-09-15T16:59:38","modified_gmt":"2021-09-15T20:59:38","slug":"papillons-du-jardin","status":"publish","type":"product","link":"https:\/\/www.muralunique.com\/fr\/produit\/papillons-du-jardin\/","title":{"rendered":"Papillons du Jardin"},"content":{"rendered":"<p>-Jolie murale en papier peint de feuillage, de fleurs et de papillons dans les tons de bleu et de vert. Cr\u00e9ez un mur accent dans une chambre de b\u00e9b\u00e9, une chambre d&#8217;enfant ou une salle de jeu avec cette murale color\u00e9e.<\/p>\n<p>-La murale comprend des laizes de 18&#8243; (45cm) de largeur. Par exemple, une murale de 6&#8242; (1,83m) de largeur a 4 laizes et une murale de 12&#8242; (3,66m) de largeur a 8 laizes.<\/p>\n<p>-Murale en papier\u00a0peint pr\u00e9encoll\u00e9e, lavable, s&#8217;enl\u00e8ve \u00e0 sec et r\u00e9utilisable. Facile \u00e0 installer, se pose comme du papier\u00a0peint (tapisserie).<\/p>\n<p>&#8211;<span style=\"white-space: pre-wrap;\">Cette toile est une cr\u00e9ation de Ruth Baker.<\/span><\/p>\n<p>-murale de papillons, tapisserie pour filles, papier peint pour enfants, murale en papier peint pour enfants, murale pour enfants<\/p>\n","protected":false},"excerpt":{"rendered":"<p>-Jolie murale en papier peint de feuillage, de fleurs et de papillons dans les tons de bleu et de vert. Cr\u00e9ez un mur accent dans une chambre de b\u00e9b\u00e9, une chambre d&#8217;enfant ou une salle de jeu avec cette murale color\u00e9e. -La murale comprend des laizes de 18&#8243; (45cm) de largeur. Par exemple, une murale [&hellip;]<\/p>\n","protected":false},"featured_media":4607,"template":"","meta":{"_acf_changed":false},"product_brand":[152],"product_cat":[173,401,425],"product_tag":[8791,8790,8894,8895,9427,9010,9125,9063,9108,9044,8859,8858,9401],"class_list":{"0":"post-4606","1":"product","2":"type-product","3":"status-publish","4":"has-post-thumbnail","6":"artist-ruth-baker-fr","7":"product_brand-ruth-baker","8":"product_cat-enfants","9":"product_cat-tous-nos-produits","10":"product_cat-ultra-haute-d-finition-art","11":"product_tag-bebe","12":"product_tag-bebes","13":"product_tag-enfant","14":"product_tag-enfants","15":"product_tag-ete","16":"product_tag-fleurs","17":"product_tag-gamins","18":"product_tag-gazon","19":"product_tag-insectes","20":"product_tag-jardin","21":"product_tag-papillon","22":"product_tag-papillons","23":"product_tag-printemps-fr","25":"first","26":"instock","27":"taxable","28":"shipping-taxable","29":"purchasable","30":"product-type-variable","31":"has-default-attributes"},"acf":[],"_links":{"self":[{"href":"https:\/\/www.muralunique.com\/fr\/wp-json\/wp\/v2\/product\/4606","targetHints":{"allow":["GET"]}}],"collection":[{"href":"https:\/\/www.muralunique.com\/fr\/wp-json\/wp\/v2\/product"}],"about":[{"href":"https:\/\/www.muralunique.com\/fr\/wp-json\/wp\/v2\/types\/product"}],"wp:featuredmedia":[{"embeddable":true,"href":"https:\/\/www.muralunique.com\/fr\/wp-json\/wp\/v2\/media\/4607"}],"wp:attachment":[{"href":"https:\/\/www.muralunique.com\/fr\/wp-json\/wp\/v2\/media?parent=4606"}],"wp:term":[{"taxonomy":"product_brand","embeddable":true,"href":"https:\/\/www.muralunique.com\/fr\/wp-json\/wp\/v2\/product_brand?post=4606"},{"taxonomy":"product_cat","embeddable":true,"href":"https:\/\/www.muralunique.com\/fr\/wp-json\/wp\/v2\/product_cat?post=4606"},{"taxonomy":"product_tag","embeddable":true,"href":"https:\/\/www.muralunique.com\/fr\/wp-json\/wp\/v2\/product_tag?post=4606"}],"curies":[{"name":"wp","href":"https:\/\/api.w.org\/{rel}","templated":true}]}}