{"id":46235,"date":"2021-01-18T17:25:10","date_gmt":"2021-01-18T22:25:10","guid":{"rendered":"https:\/\/www.muralunique.com\/?post_type=product&#038;p=46235"},"modified":"2022-03-16T17:38:02","modified_gmt":"2022-03-16T21:38:02","slug":"plantes-sauvages-sur-aquarelle-avec-texture-toile-de-jute-beige","status":"publish","type":"product","link":"https:\/\/www.muralunique.com\/fr\/produit\/plantes-sauvages-sur-aquarelle-avec-texture-toile-de-jute-beige\/","title":{"rendered":"Plantes Sauvages sur Aquarelle avec Texture Toile de Jute (Beige)"},"content":{"rendered":"<p>-Murale en papier peint de plantes sauvages sur une aquarelle avec une texture de toile de jute beige. Un design simple mais original. Les murales de feuillages sont tr\u00e8s tendances et s&#8217;adaptent facilement \u00e0 n&#8217;importe quel d\u00e9cor. Une tr\u00e8s bonne id\u00e9e d\u00e9co pour un salon, une chambre ou une salle de bain.<\/p>\n<p>-La murale comprend des laizes de 18\u2033 (45cm) de largeur. Par exemple, une murale de 6\u2032 (1,83m) de largeur a 4 laizes et une murale de 12\u2032 (3,66m) de largeur a 8 laizes.<\/p>\n<p>-Murale en papier\u00a0peint pr\u00e9encoll\u00e9e, lavable, s\u2019enl\u00e8ve \u00e0 sec et r\u00e9utilisable. Facile \u00e0 installer, se pose comme du papier\u00a0peint (tapisserie).<\/p>\n<p>-murale de feuillage, papier peint de feuillage, tapisserie de feuillage, murale plantes sauvages sur aquarelle, tapisserie plantes sauvages sur aquarelle, papier peint plantes sauvages sur aquarelle, photo murale plantes sauvages sur aquarelle<\/p>\n","protected":false},"excerpt":{"rendered":"<p>-Murale en papier peint de plantes sauvages sur une aquarelle avec une texture de toile de jute beige. Un design simple mais original. Les murales de feuillages sont tr\u00e8s tendances et s&#8217;adaptent facilement \u00e0 n&#8217;importe quel d\u00e9cor. Une tr\u00e8s bonne id\u00e9e d\u00e9co pour un salon, une chambre ou une salle de bain. -La murale comprend [&hellip;]<\/p>\n","protected":false},"featured_media":46294,"template":"","meta":{"_acf_changed":false},"product_brand":[],"product_cat":[150,401],"product_tag":[9653,8994,9014,9006,9652,9524,9698],"class_list":{"0":"post-46235","1":"product","2":"type-product","3":"status-publish","4":"has-post-thumbnail","6":"product_cat-fleurs-et-feuillages","7":"product_cat-tous-nos-produits","8":"product_tag-aquarelle","9":"product_tag-champ","10":"product_tag-feuillage","11":"product_tag-floral-fr","12":"product_tag-plantes","13":"product_tag-sauvage","14":"product_tag-toile-de-jute","16":"first","17":"instock","18":"taxable","19":"shipping-taxable","20":"purchasable","21":"product-type-variable","22":"has-default-attributes"},"acf":[],"_links":{"self":[{"href":"https:\/\/www.muralunique.com\/fr\/wp-json\/wp\/v2\/product\/46235","targetHints":{"allow":["GET"]}}],"collection":[{"href":"https:\/\/www.muralunique.com\/fr\/wp-json\/wp\/v2\/product"}],"about":[{"href":"https:\/\/www.muralunique.com\/fr\/wp-json\/wp\/v2\/types\/product"}],"wp:featuredmedia":[{"embeddable":true,"href":"https:\/\/www.muralunique.com\/fr\/wp-json\/wp\/v2\/media\/46294"}],"wp:attachment":[{"href":"https:\/\/www.muralunique.com\/fr\/wp-json\/wp\/v2\/media?parent=46235"}],"wp:term":[{"taxonomy":"product_brand","embeddable":true,"href":"https:\/\/www.muralunique.com\/fr\/wp-json\/wp\/v2\/product_brand?post=46235"},{"taxonomy":"product_cat","embeddable":true,"href":"https:\/\/www.muralunique.com\/fr\/wp-json\/wp\/v2\/product_cat?post=46235"},{"taxonomy":"product_tag","embeddable":true,"href":"https:\/\/www.muralunique.com\/fr\/wp-json\/wp\/v2\/product_tag?post=46235"}],"curies":[{"name":"wp","href":"https:\/\/api.w.org\/{rel}","templated":true}]}}