{"id":4638,"date":"2012-02-16T12:17:11","date_gmt":"2012-02-16T12:17:11","guid":{"rendered":"https:\/\/muralunique.com\/?post_type=product&#038;p=4638"},"modified":"2022-04-16T19:44:01","modified_gmt":"2022-04-16T23:44:01","slug":"caserne-de-pompiers-version-francaise","status":"publish","type":"product","link":"https:\/\/www.muralunique.com\/fr\/produit\/caserne-de-pompiers-version-francaise\/","title":{"rendered":"Caserne de Pompiers (Version Fran\u00e7aise)"},"content":{"rendered":"<p>-Murale en papier peint\u00a0pour enfants d&#8217;une caserne de pompier. Une cr\u00e9ation de Johanne P\u00e9pin.<\/p>\n<p>-La murale comprend des laizes de 18&#8243; (45cm) de largeur. Par exemple, une murale de 6&#8242; (1,83m) de largeur a 4 laizes et une murale de 12&#8242; (3,66m) de largeur a 8 laizes.<\/p>\n<p>-Murale en papier\u00a0peint pr\u00e9encoll\u00e9e, lavable, s&#8217;enl\u00e8ve \u00e0 sec et r\u00e9utilisable. Facile \u00e0 installer, se pose comme du papier\u00a0peint (tapisserie).<\/p>\n<p>-Cette toile est une cr\u00e9ation originale de Johanne P\u00e9pin.<\/p>\n<p>-Version anglaise disponible sous le code 2205.<\/p>\n<p>-murale en papier peint pour gar\u00e7ons, murale d&#8217;une caserne de pompiers, murale pour gar\u00e7ons, papier peint pour enfants, tapisserie pour gar\u00e7ons<\/p>\n","protected":false},"excerpt":{"rendered":"<p>-Murale en papier peint\u00a0pour enfants d&#8217;une caserne de pompier. Une cr\u00e9ation de Johanne P\u00e9pin. -La murale comprend des laizes de 18&#8243; (45cm) de largeur. Par exemple, une murale de 6&#8242; (1,83m) de largeur a 4 laizes et une murale de 12&#8242; (3,66m) de largeur a 8 laizes. -Murale en papier\u00a0peint pr\u00e9encoll\u00e9e, lavable, s&#8217;enl\u00e8ve \u00e0 sec [&hellip;]<\/p>\n","protected":false},"featured_media":4639,"template":"","meta":{"_acf_changed":false},"product_brand":[133],"product_cat":[173,401,425],"product_tag":[8791,8790,9001,9487,8894,8895,8998,9125,8999,9000,9410],"class_list":{"0":"post-4638","1":"product","2":"type-product","3":"status-publish","4":"has-post-thumbnail","6":"artist-johanne-pepin-fr","7":"product_brand-johanne-pepin","8":"product_cat-enfants","9":"product_cat-tous-nos-produits","10":"product_cat-ultra-haute-d-finition-art","11":"product_tag-bebe","12":"product_tag-bebes","13":"product_tag-camion-de-pompiers","14":"product_tag-camions","15":"product_tag-enfant","16":"product_tag-enfants","17":"product_tag-feu","18":"product_tag-gamins","19":"product_tag-pompier","20":"product_tag-pompiers","21":"product_tag-station-fr","23":"first","24":"instock","25":"taxable","26":"shipping-taxable","27":"purchasable","28":"product-type-variable","29":"has-default-attributes"},"acf":[],"_links":{"self":[{"href":"https:\/\/www.muralunique.com\/fr\/wp-json\/wp\/v2\/product\/4638","targetHints":{"allow":["GET"]}}],"collection":[{"href":"https:\/\/www.muralunique.com\/fr\/wp-json\/wp\/v2\/product"}],"about":[{"href":"https:\/\/www.muralunique.com\/fr\/wp-json\/wp\/v2\/types\/product"}],"wp:featuredmedia":[{"embeddable":true,"href":"https:\/\/www.muralunique.com\/fr\/wp-json\/wp\/v2\/media\/4639"}],"wp:attachment":[{"href":"https:\/\/www.muralunique.com\/fr\/wp-json\/wp\/v2\/media?parent=4638"}],"wp:term":[{"taxonomy":"product_brand","embeddable":true,"href":"https:\/\/www.muralunique.com\/fr\/wp-json\/wp\/v2\/product_brand?post=4638"},{"taxonomy":"product_cat","embeddable":true,"href":"https:\/\/www.muralunique.com\/fr\/wp-json\/wp\/v2\/product_cat?post=4638"},{"taxonomy":"product_tag","embeddable":true,"href":"https:\/\/www.muralunique.com\/fr\/wp-json\/wp\/v2\/product_tag?post=4638"}],"curies":[{"name":"wp","href":"https:\/\/api.w.org\/{rel}","templated":true}]}}