{"id":4644,"date":"2012-02-16T12:20:32","date_gmt":"2012-02-16T12:20:32","guid":{"rendered":"https:\/\/muralunique.com\/?post_type=product&#038;p=4644"},"modified":"2022-04-16T19:44:04","modified_gmt":"2022-04-16T23:44:04","slug":"destination-lune","status":"publish","type":"product","link":"https:\/\/www.muralunique.com\/fr\/produit\/destination-lune\/","title":{"rendered":"Destination Lune"},"content":{"rendered":"<p>-Murale en papier peint de l&#8217;espace. Cr\u00e9ation originale de Ruth Baker.<\/p>\n<p>-La murale comprend des laizes de 18&#8243; (45cm) de largeur. Par exemple, une murale de 6&#8242; (1,83m) de largeur a 4 laizes et une murale de 12&#8242; (3,66m) de largeur a 8 laizes.<\/p>\n<p>-Murale en papier\u00a0peint pr\u00e9encoll\u00e9e, lavable, s&#8217;enl\u00e8ve \u00e0 sec et r\u00e9utilisable. Facile \u00e0 installer, se pose comme du papier\u00a0peint (tapisserie).<\/p>\n<p>-Cette toile est une cr\u00e9ation de Ruth Baker.<\/p>\n<p>-murale de la lune, murale de l&#8217;espace, murale en papier peint de l&#8217;espace, papier peint pour gar\u00e7ons, tapisserie de l&#8217;espace<\/p>\n","protected":false},"excerpt":{"rendered":"<p>-Murale en papier peint de l&#8217;espace. Cr\u00e9ation originale de Ruth Baker. -La murale comprend des laizes de 18&#8243; (45cm) de largeur. Par exemple, une murale de 6&#8242; (1,83m) de largeur a 4 laizes et une murale de 12&#8242; (3,66m) de largeur a 8 laizes. -Murale en papier\u00a0peint pr\u00e9encoll\u00e9e, lavable, s&#8217;enl\u00e8ve \u00e0 sec et r\u00e9utilisable. Facile [&hellip;]<\/p>\n","protected":false},"featured_media":4645,"template":"","meta":{"_acf_changed":false},"product_brand":[152],"product_cat":[173,176,401,425],"product_tag":[8785,8791,8790,8923,8894,8895,9395,8761,9334,9125,9196,9281,9393,8740,9396],"class_list":{"0":"post-4644","1":"product","2":"type-product","3":"status-publish","4":"has-post-thumbnail","6":"artist-ruth-baker-fr","7":"product_brand-ruth-baker","8":"product_cat-enfants","9":"product_cat-espace","10":"product_cat-tous-nos-produits","11":"product_cat-ultra-haute-d-finition-art","12":"product_tag-astronaute","13":"product_tag-bebe","14":"product_tag-bebes","15":"product_tag-cosmos-fr","16":"product_tag-enfant","17":"product_tag-enfants","18":"product_tag-espace","19":"product_tag-extraterrestre","20":"product_tag-fusee","21":"product_tag-gamins","22":"product_tag-lune","23":"product_tag-planetes","24":"product_tag-systeme-solaire","25":"product_tag-ufo-fr","26":"product_tag-vaisseau-spatial","28":"first","29":"instock","30":"taxable","31":"shipping-taxable","32":"purchasable","33":"product-type-variable","34":"has-default-attributes"},"acf":[],"_links":{"self":[{"href":"https:\/\/www.muralunique.com\/fr\/wp-json\/wp\/v2\/product\/4644","targetHints":{"allow":["GET"]}}],"collection":[{"href":"https:\/\/www.muralunique.com\/fr\/wp-json\/wp\/v2\/product"}],"about":[{"href":"https:\/\/www.muralunique.com\/fr\/wp-json\/wp\/v2\/types\/product"}],"wp:featuredmedia":[{"embeddable":true,"href":"https:\/\/www.muralunique.com\/fr\/wp-json\/wp\/v2\/media\/4645"}],"wp:attachment":[{"href":"https:\/\/www.muralunique.com\/fr\/wp-json\/wp\/v2\/media?parent=4644"}],"wp:term":[{"taxonomy":"product_brand","embeddable":true,"href":"https:\/\/www.muralunique.com\/fr\/wp-json\/wp\/v2\/product_brand?post=4644"},{"taxonomy":"product_cat","embeddable":true,"href":"https:\/\/www.muralunique.com\/fr\/wp-json\/wp\/v2\/product_cat?post=4644"},{"taxonomy":"product_tag","embeddable":true,"href":"https:\/\/www.muralunique.com\/fr\/wp-json\/wp\/v2\/product_tag?post=4644"}],"curies":[{"name":"wp","href":"https:\/\/api.w.org\/{rel}","templated":true}]}}