{"id":4650,"date":"2012-02-16T12:23:46","date_gmt":"2012-02-16T12:23:46","guid":{"rendered":"https:\/\/muralunique.com\/?post_type=product&#038;p=4650"},"modified":"2022-04-16T19:44:06","modified_gmt":"2022-04-16T23:44:06","slug":"bonne-nuit","status":"publish","type":"product","link":"https:\/\/www.muralunique.com\/fr\/produit\/bonne-nuit\/","title":{"rendered":"Bonne Nuit"},"content":{"rendered":"<p>-Une magnifique murale en papier peint d&#8217;une nuit dans un petit village.<\/p>\n<p>-La murale comprend des laizes de 18&#8243; (45cm) de largeur. Par exemple, une murale de 6&#8242; (1,83m) de largeur a 4 laizes et une murale de 12&#8242; (3,66m) de largeur a 8 laizes.<\/p>\n<p>-Murale en papier\u00a0peint pr\u00e9encoll\u00e9e, lavable, s&#8217;enl\u00e8ve \u00e0 sec et r\u00e9utilisable. Facile \u00e0 installer, se pose comme du papier\u00a0peint (tapisserie).<\/p>\n<p>-Cette toile est une cr\u00e9ation d&#8217;Annie Giroux. Vous pouvez obtenir plus d&#8217;informations \u00e0 <a href=\"http:\/\/www.anniegiroux.com\/\" rel=\"nofollow noopener\" target=\"_blank\">www.anniegiroux.com<\/a>.<\/p>\n<p>-murale pour enfants, murale pour chambres d&#8217;enfants, tapisserie pour enfants, papier peint pour chambre d&#8217;enfants, murale pour b\u00e9b\u00e9s<\/p>\n","protected":false},"excerpt":{"rendered":"<p>-Une magnifique murale en papier peint d&#8217;une nuit dans un petit village. -La murale comprend des laizes de 18&#8243; (45cm) de largeur. Par exemple, une murale de 6&#8242; (1,83m) de largeur a 4 laizes et une murale de 12&#8242; (3,66m) de largeur a 8 laizes. -Murale en papier\u00a0peint pr\u00e9encoll\u00e9e, lavable, s&#8217;enl\u00e8ve \u00e0 sec et r\u00e9utilisable. [&hellip;]<\/p>\n","protected":false},"featured_media":4651,"template":"","meta":{"_acf_changed":false},"product_brand":[168],"product_cat":[173,401,425],"product_tag":[8791,8790,8864,8894,8895,9125,9196,9099,9227,9261,9467,9510],"class_list":{"0":"post-4650","1":"product","2":"type-product","3":"status-publish","4":"has-post-thumbnail","6":"artist-annie-giroux-fr","7":"product_brand-annie-giroux-2","8":"product_cat-enfants","9":"product_cat-tous-nos-produits","10":"product_cat-ultra-haute-d-finition-art","11":"product_tag-bebe","12":"product_tag-bebes","13":"product_tag-calme","14":"product_tag-enfant","15":"product_tag-enfants","16":"product_tag-gamins","17":"product_tag-lune","18":"product_tag-maisons","19":"product_tag-nuit","20":"product_tag-paisible","21":"product_tag-tranquilite","22":"product_tag-village-fr","24":"first","25":"instock","26":"taxable","27":"shipping-taxable","28":"purchasable","29":"product-type-variable","30":"has-default-attributes"},"acf":[],"_links":{"self":[{"href":"https:\/\/www.muralunique.com\/fr\/wp-json\/wp\/v2\/product\/4650","targetHints":{"allow":["GET"]}}],"collection":[{"href":"https:\/\/www.muralunique.com\/fr\/wp-json\/wp\/v2\/product"}],"about":[{"href":"https:\/\/www.muralunique.com\/fr\/wp-json\/wp\/v2\/types\/product"}],"wp:featuredmedia":[{"embeddable":true,"href":"https:\/\/www.muralunique.com\/fr\/wp-json\/wp\/v2\/media\/4651"}],"wp:attachment":[{"href":"https:\/\/www.muralunique.com\/fr\/wp-json\/wp\/v2\/media?parent=4650"}],"wp:term":[{"taxonomy":"product_brand","embeddable":true,"href":"https:\/\/www.muralunique.com\/fr\/wp-json\/wp\/v2\/product_brand?post=4650"},{"taxonomy":"product_cat","embeddable":true,"href":"https:\/\/www.muralunique.com\/fr\/wp-json\/wp\/v2\/product_cat?post=4650"},{"taxonomy":"product_tag","embeddable":true,"href":"https:\/\/www.muralunique.com\/fr\/wp-json\/wp\/v2\/product_tag?post=4650"}],"curies":[{"name":"wp","href":"https:\/\/api.w.org\/{rel}","templated":true}]}}