{"id":4656,"date":"2012-02-16T12:27:29","date_gmt":"2012-02-16T12:27:29","guid":{"rendered":"https:\/\/muralunique.com\/?post_type=product&#038;p=4656"},"modified":"2022-04-16T19:44:11","modified_gmt":"2022-04-16T23:44:11","slug":"grand-prix","status":"publish","type":"product","link":"https:\/\/www.muralunique.com\/fr\/produit\/grand-prix\/","title":{"rendered":"Grand Prix"},"content":{"rendered":"<p>-Cette murale en papier peint de voitures de course provient d&#8217;une cr\u00e9ation originale de Tony Floreani.<\/p>\n<p>-La murale comprend des laizes de 18&#8243; (45cm) de largeur. Par exemple, une murale de 6&#8242; (1,83m) de largeur a 4 laizes et une murale de 12&#8242; (3,66m) de largeur a 8 laizes.<\/p>\n<p>-Murale en papier\u00a0peint pr\u00e9encoll\u00e9e, lavable, s&#8217;enl\u00e8ve \u00e0 sec et r\u00e9utilisable. Facile \u00e0 installer, se pose comme du papier\u00a0peint (tapisserie).<\/p>\n<p>-Cr\u00e9ation de Tony Floreani.<\/p>\n<p>-murale pour enfants, murale pour gar\u00e7ons, murale pour chambre de gar\u00e7ons, tapisserie pour enfants, murale grand prix<\/p>\n","protected":false},"excerpt":{"rendered":"<p>-Cette murale en papier peint de voitures de course provient d&#8217;une cr\u00e9ation originale de Tony Floreani. -La murale comprend des laizes de 18&#8243; (45cm) de largeur. Par exemple, une murale de 6&#8242; (1,83m) de largeur a 4 laizes et une murale de 12&#8242; (3,66m) de largeur a 8 laizes. -Murale en papier\u00a0peint pr\u00e9encoll\u00e9e, lavable, s&#8217;enl\u00e8ve [&hellip;]<\/p>\n","protected":false},"featured_media":4657,"template":"","meta":{"_acf_changed":false},"product_brand":[136],"product_cat":[173,145,401,425],"product_tag":[9309,8894,8895,9125,9062,9216,9399,9400,9786,9310,8874],"class_list":{"0":"post-4656","1":"product","2":"type-product","3":"status-publish","4":"has-post-thumbnail","6":"artist-tony-floreani-fr","7":"product_brand-tony-floreani","8":"product_cat-enfants","9":"product_cat-sports-2","10":"product_cat-tous-nos-produits","11":"product_cat-ultra-haute-d-finition-art","12":"product_tag-course-fr","13":"product_tag-enfant","14":"product_tag-enfants","15":"product_tag-gamins","16":"product_tag-grand-prix-fr","17":"product_tag-nascar-fr","18":"product_tag-sport","19":"product_tag-sports","20":"product_tag-voiture","21":"product_tag-voiture-de-course","22":"product_tag-voitures","24":"first","25":"instock","26":"taxable","27":"shipping-taxable","28":"purchasable","29":"product-type-variable","30":"has-default-attributes"},"acf":[],"_links":{"self":[{"href":"https:\/\/www.muralunique.com\/fr\/wp-json\/wp\/v2\/product\/4656","targetHints":{"allow":["GET"]}}],"collection":[{"href":"https:\/\/www.muralunique.com\/fr\/wp-json\/wp\/v2\/product"}],"about":[{"href":"https:\/\/www.muralunique.com\/fr\/wp-json\/wp\/v2\/types\/product"}],"wp:featuredmedia":[{"embeddable":true,"href":"https:\/\/www.muralunique.com\/fr\/wp-json\/wp\/v2\/media\/4657"}],"wp:attachment":[{"href":"https:\/\/www.muralunique.com\/fr\/wp-json\/wp\/v2\/media?parent=4656"}],"wp:term":[{"taxonomy":"product_brand","embeddable":true,"href":"https:\/\/www.muralunique.com\/fr\/wp-json\/wp\/v2\/product_brand?post=4656"},{"taxonomy":"product_cat","embeddable":true,"href":"https:\/\/www.muralunique.com\/fr\/wp-json\/wp\/v2\/product_cat?post=4656"},{"taxonomy":"product_tag","embeddable":true,"href":"https:\/\/www.muralunique.com\/fr\/wp-json\/wp\/v2\/product_tag?post=4656"}],"curies":[{"name":"wp","href":"https:\/\/api.w.org\/{rel}","templated":true}]}}