{"id":4664,"date":"2012-02-16T12:35:06","date_gmt":"2012-02-16T12:35:06","guid":{"rendered":"https:\/\/muralunique.com\/?post_type=product&#038;p=4664"},"modified":"2022-04-16T19:44:14","modified_gmt":"2022-04-16T23:44:14","slug":"montgolfieres","status":"publish","type":"product","link":"https:\/\/www.muralunique.com\/fr\/produit\/montgolfieres\/","title":{"rendered":"Montgolfi\u00e8res"},"content":{"rendered":"<p>-Magnifique murale en papier peint\u00a0pour enfants\u00a0avec des\u00a0montgolfi\u00e8res.<\/p>\n<p>-La murale comprend des laizes de 18&#8243; (45cm) de largeur. Par exemple, une murale de 6&#8242; (1,83m) de largeur a 4 laizes et une murale de 12&#8242; (3,66m) de largeur a 8 laizes.<\/p>\n<p>-Murale en papier\u00a0peint pr\u00e9encoll\u00e9e, lavable, s&#8217;enl\u00e8ve \u00e0 sec et r\u00e9utilisable. Facile \u00e0 installer, se pose comme du papier\u00a0peint (tapisserie).<\/p>\n<p>-murale pour chambre de b\u00e9b\u00e9, murale pour chambres d&#8217;enfants, tapisserie pour enfants, papier peint pour enfants, murale pour enfants<\/p>\n","protected":false},"excerpt":{"rendered":"<p>-Magnifique murale en papier peint\u00a0pour enfants\u00a0avec des\u00a0montgolfi\u00e8res. -La murale comprend des laizes de 18&#8243; (45cm) de largeur. Par exemple, une murale de 6&#8242; (1,83m) de largeur a 4 laizes et une murale de 12&#8242; (3,66m) de largeur a 8 laizes. -Murale en papier\u00a0peint pr\u00e9encoll\u00e9e, lavable, s&#8217;enl\u00e8ve \u00e0 sec et r\u00e9utilisable. Facile \u00e0 installer, se pose [&hellip;]<\/p>\n","protected":false},"featured_media":4665,"template":"","meta":{"_acf_changed":false},"product_brand":[203],"product_cat":[173,401,425],"product_tag":[8793,8794,8791,8790,8864,9380,8894,8895,9125,9196,9097,8907,9227,9261,9466,9467],"class_list":{"0":"post-4664","1":"product","2":"type-product","3":"status-publish","4":"has-post-thumbnail","6":"product_brand-muralunique-com","7":"product_cat-enfants","8":"product_cat-tous-nos-produits","9":"product_cat-ultra-haute-d-finition-art","10":"product_tag-ballon","11":"product_tag-ballons","12":"product_tag-bebe","13":"product_tag-bebes","14":"product_tag-calme","15":"product_tag-ciel","16":"product_tag-enfant","17":"product_tag-enfants","18":"product_tag-gamins","19":"product_tag-lune","20":"product_tag-montgolfieres","21":"product_tag-nuages","22":"product_tag-nuit","23":"product_tag-paisible","24":"product_tag-train-fr","25":"product_tag-tranquilite","27":"first","28":"instock","29":"taxable","30":"shipping-taxable","31":"purchasable","32":"product-type-variable","33":"has-default-attributes"},"acf":[],"_links":{"self":[{"href":"https:\/\/www.muralunique.com\/fr\/wp-json\/wp\/v2\/product\/4664","targetHints":{"allow":["GET"]}}],"collection":[{"href":"https:\/\/www.muralunique.com\/fr\/wp-json\/wp\/v2\/product"}],"about":[{"href":"https:\/\/www.muralunique.com\/fr\/wp-json\/wp\/v2\/types\/product"}],"wp:featuredmedia":[{"embeddable":true,"href":"https:\/\/www.muralunique.com\/fr\/wp-json\/wp\/v2\/media\/4665"}],"wp:attachment":[{"href":"https:\/\/www.muralunique.com\/fr\/wp-json\/wp\/v2\/media?parent=4664"}],"wp:term":[{"taxonomy":"product_brand","embeddable":true,"href":"https:\/\/www.muralunique.com\/fr\/wp-json\/wp\/v2\/product_brand?post=4664"},{"taxonomy":"product_cat","embeddable":true,"href":"https:\/\/www.muralunique.com\/fr\/wp-json\/wp\/v2\/product_cat?post=4664"},{"taxonomy":"product_tag","embeddable":true,"href":"https:\/\/www.muralunique.com\/fr\/wp-json\/wp\/v2\/product_tag?post=4664"}],"curies":[{"name":"wp","href":"https:\/\/api.w.org\/{rel}","templated":true}]}}