{"id":4672,"date":"2012-02-16T12:45:20","date_gmt":"2012-02-16T12:45:20","guid":{"rendered":"https:\/\/muralunique.com\/?post_type=product&#038;p=4672"},"modified":"2022-04-16T19:44:20","modified_gmt":"2022-04-16T23:44:20","slug":"le-monde-des-enfants-version-anglaise","status":"publish","type":"product","link":"https:\/\/www.muralunique.com\/fr\/produit\/le-monde-des-enfants-version-anglaise\/","title":{"rendered":"Le Monde des Enfants (Version Anglaise)"},"content":{"rendered":"<p>-Murale tout \u00e0 fait unique d&#8217;une carte du monde pour enfants.<\/p>\n<p>-La murale comprend des laizes de 18&#8243; (45cm) de largeur. Par exemple, une murale de 6&#8242; (1,83m) de largeur a 4 laizes et une murale de 12&#8242; (3,66m) de largeur a 8 laizes.<\/p>\n<p>-Murale en papier\u00a0peint pr\u00e9encoll\u00e9e, lavable, s&#8217;enl\u00e8ve \u00e0 sec et r\u00e9utilisable. Facile \u00e0 installer, se pose comme du papier\u00a0peint (tapisserie).<\/p>\n<p>-Cette toile est une cr\u00e9ation de Johanne P\u00e9pin.<\/p>\n<p>-murale de carte g\u00e9ographique du monde, murale en papier peint pour enfants, murale d&#8217;art na\u00eff, papier peint de carte du monde, tapisserie pour enfants<\/p>\n","protected":false},"excerpt":{"rendered":"<p>-Murale tout \u00e0 fait unique d&#8217;une carte du monde pour enfants. -La murale comprend des laizes de 18&#8243; (45cm) de largeur. Par exemple, une murale de 6&#8242; (1,83m) de largeur a 4 laizes et une murale de 12&#8242; (3,66m) de largeur a 8 laizes. -Murale en papier\u00a0peint pr\u00e9encoll\u00e9e, lavable, s&#8217;enl\u00e8ve \u00e0 sec et r\u00e9utilisable. Facile [&hellip;]<\/p>\n","protected":false},"featured_media":4673,"template":"","meta":{"_acf_changed":false},"product_brand":[133],"product_cat":[160,173,401,425],"product_tag":[8768,8769,8787,8791,8790,9171,9172,9547,8963,8962,8894,8895,9125,9046,9045,9445,8925,8924],"class_list":{"0":"post-4672","1":"product","2":"type-product","3":"status-publish","4":"has-post-thumbnail","6":"artist-johanne-pepin-fr","7":"product_brand-johanne-pepin","8":"product_cat-cartes-et-drapeaux","9":"product_cat-enfants","10":"product_cat-tous-nos-produits","11":"product_cat-ultra-haute-d-finition-art","12":"product_tag-animal","13":"product_tag-animaux","14":"product_tag-atlas-fr","15":"product_tag-bebe","16":"product_tag-bebes","17":"product_tag-carte-fr","18":"product_tag-cartes","19":"product_tag-cartes-du-monde","20":"product_tag-educatif","21":"product_tag-education-fr","22":"product_tag-enfant","23":"product_tag-enfants","24":"product_tag-gamins","25":"product_tag-geographie","26":"product_tag-geographique","27":"product_tag-globe-terrestre","28":"product_tag-pays-fr","29":"product_tag-pays","31":"first","32":"instock","33":"taxable","34":"shipping-taxable","35":"purchasable","36":"product-type-variable","37":"has-default-attributes"},"acf":[],"_links":{"self":[{"href":"https:\/\/www.muralunique.com\/fr\/wp-json\/wp\/v2\/product\/4672","targetHints":{"allow":["GET"]}}],"collection":[{"href":"https:\/\/www.muralunique.com\/fr\/wp-json\/wp\/v2\/product"}],"about":[{"href":"https:\/\/www.muralunique.com\/fr\/wp-json\/wp\/v2\/types\/product"}],"wp:featuredmedia":[{"embeddable":true,"href":"https:\/\/www.muralunique.com\/fr\/wp-json\/wp\/v2\/media\/4673"}],"wp:attachment":[{"href":"https:\/\/www.muralunique.com\/fr\/wp-json\/wp\/v2\/media?parent=4672"}],"wp:term":[{"taxonomy":"product_brand","embeddable":true,"href":"https:\/\/www.muralunique.com\/fr\/wp-json\/wp\/v2\/product_brand?post=4672"},{"taxonomy":"product_cat","embeddable":true,"href":"https:\/\/www.muralunique.com\/fr\/wp-json\/wp\/v2\/product_cat?post=4672"},{"taxonomy":"product_tag","embeddable":true,"href":"https:\/\/www.muralunique.com\/fr\/wp-json\/wp\/v2\/product_tag?post=4672"}],"curies":[{"name":"wp","href":"https:\/\/api.w.org\/{rel}","templated":true}]}}