{"id":4696,"date":"2012-02-16T13:12:01","date_gmt":"2012-02-16T13:12:01","guid":{"rendered":"https:\/\/muralunique.com\/?post_type=product&#038;p=4696"},"modified":"2022-01-13T12:00:42","modified_gmt":"2022-01-13T17:00:42","slug":"leonard-au-cirque","status":"publish","type":"product","link":"https:\/\/www.muralunique.com\/fr\/produit\/leonard-au-cirque\/","title":{"rendered":"L\u00e9onard au Cirque"},"content":{"rendered":"<p>-Une murale en papier peint amusante d&#8217;un cirque tr\u00e8s original.<\/p>\n<p>-La murale comprend des laizes de 18&#8243; (45cm) de largeur. Par exemple, une murale de 6&#8242; (1,83m) de largeur a 4 laizes et une murale de 12&#8242; (3,66m) de largeur a 8 laizes.<\/p>\n<p>-Murale en papier\u00a0peint pr\u00e9encoll\u00e9e, lavable, s&#8217;enl\u00e8ve \u00e0 sec et r\u00e9utilisable. Facile \u00e0 installer, se pose comme du papier\u00a0peint (tapisserie).<\/p>\n<p>-Cette toile est une cr\u00e9ation de Johanne P\u00e9pin.<\/p>\n<p>-murale pour enfants, murale d&#8217;art na\u00eff, murale en papier peint de cirque, papier peint de cirque, tapisserie dr\u00f4le pour enfants<\/p>\n","protected":false},"excerpt":{"rendered":"<p>-Une murale en papier peint amusante d&#8217;un cirque tr\u00e8s original. -La murale comprend des laizes de 18&#8243; (45cm) de largeur. Par exemple, une murale de 6&#8242; (1,83m) de largeur a 4 laizes et une murale de 12&#8242; (3,66m) de largeur a 8 laizes. -Murale en papier\u00a0peint pr\u00e9encoll\u00e9e, lavable, s&#8217;enl\u00e8ve \u00e0 sec et r\u00e9utilisable. Facile \u00e0 [&hellip;]<\/p>\n","protected":false},"featured_media":4697,"template":"","meta":{"_acf_changed":false},"product_brand":[133],"product_cat":[134,173,401,425],"product_tag":[8766,9036,8768,8769,8791,8790,8947,8900,8909,9038,8967,8894,8895,9125],"class_list":{"0":"post-4696","1":"product","2":"type-product","3":"status-publish","4":"has-post-thumbnail","6":"artist-johanne-pepin-fr","7":"product_brand-johanne-pepin","8":"product_cat-animaux","9":"product_cat-enfants","10":"product_cat-tous-nos-produits","11":"product_cat-ultra-haute-d-finition-art","12":"product_tag-amusant","13":"product_tag-amusement","14":"product_tag-animal","15":"product_tag-animaux","16":"product_tag-bebe","17":"product_tag-bebes","18":"product_tag-chiens-fr","19":"product_tag-cirque","20":"product_tag-clown-fr","21":"product_tag-drole","22":"product_tag-elephants-fr","23":"product_tag-enfant","24":"product_tag-enfants","25":"product_tag-gamins","27":"first","28":"instock","29":"taxable","30":"shipping-taxable","31":"purchasable","32":"product-type-variable","33":"has-default-attributes"},"acf":[],"_links":{"self":[{"href":"https:\/\/www.muralunique.com\/fr\/wp-json\/wp\/v2\/product\/4696","targetHints":{"allow":["GET"]}}],"collection":[{"href":"https:\/\/www.muralunique.com\/fr\/wp-json\/wp\/v2\/product"}],"about":[{"href":"https:\/\/www.muralunique.com\/fr\/wp-json\/wp\/v2\/types\/product"}],"wp:featuredmedia":[{"embeddable":true,"href":"https:\/\/www.muralunique.com\/fr\/wp-json\/wp\/v2\/media\/4697"}],"wp:attachment":[{"href":"https:\/\/www.muralunique.com\/fr\/wp-json\/wp\/v2\/media?parent=4696"}],"wp:term":[{"taxonomy":"product_brand","embeddable":true,"href":"https:\/\/www.muralunique.com\/fr\/wp-json\/wp\/v2\/product_brand?post=4696"},{"taxonomy":"product_cat","embeddable":true,"href":"https:\/\/www.muralunique.com\/fr\/wp-json\/wp\/v2\/product_cat?post=4696"},{"taxonomy":"product_tag","embeddable":true,"href":"https:\/\/www.muralunique.com\/fr\/wp-json\/wp\/v2\/product_tag?post=4696"}],"curies":[{"name":"wp","href":"https:\/\/api.w.org\/{rel}","templated":true}]}}