{"id":4702,"date":"2012-02-19T19:15:51","date_gmt":"2012-02-19T19:15:51","guid":{"rendered":"https:\/\/muralunique.com\/?post_type=product&#038;p=4702"},"modified":"2021-09-15T16:59:23","modified_gmt":"2021-09-15T20:59:23","slug":"leonard-au-parc","status":"publish","type":"product","link":"https:\/\/www.muralunique.com\/fr\/produit\/leonard-au-parc\/","title":{"rendered":"L\u00e9onard au Parc"},"content":{"rendered":"<p>-Une murale pour enfant d&#8217;un parc tr\u00e8s amusant.<\/p>\n<p>-La murale comprend des laizes de 18&#8243; (45cm) de largeur. Par exemple, une murale de 6&#8242; (1,83m) de largeur a 4 laizes et une murale de 12&#8242; (3,66m) de largeur a 8 laizes.<\/p>\n<p>-Murale en papier\u00a0peint pr\u00e9encoll\u00e9e, lavable, s&#8217;enl\u00e8ve \u00e0 sec et r\u00e9utilisable. Facile \u00e0 installer, se pose comme du papier\u00a0peint (tapisserie).<\/p>\n<p>-Cette toile est une cr\u00e9ation originale de Johanne P\u00e9pin.<\/p>\n<p>-murale pour enfants, murale d&#8217;art na\u00eff, papier peint pour chambres d&#8217;enfants, tapisserie pour enfants, murale en papier peint pour enfants<\/p>\n","protected":false},"excerpt":{"rendered":"<p>-Une murale pour enfant d&#8217;un parc tr\u00e8s amusant. -La murale comprend des laizes de 18&#8243; (45cm) de largeur. Par exemple, une murale de 6&#8242; (1,83m) de largeur a 4 laizes et une murale de 12&#8242; (3,66m) de largeur a 8 laizes. -Murale en papier\u00a0peint pr\u00e9encoll\u00e9e, lavable, s&#8217;enl\u00e8ve \u00e0 sec et r\u00e9utilisable. Facile \u00e0 installer, se [&hellip;]<\/p>\n","protected":false},"featured_media":4703,"template":"","meta":{"_acf_changed":false},"product_brand":[133],"product_cat":[173,401,425],"product_tag":[8766,9036,8768,8769,9478,8791,8790,9288,9274,9076,9038,9517,8967,8894,8895,9427,9125,9252,9433],"class_list":{"0":"post-4702","1":"product","2":"type-product","3":"status-publish","4":"has-post-thumbnail","6":"artist-johanne-pepin-fr","7":"product_brand-johanne-pepin","8":"product_cat-enfants","9":"product_cat-tous-nos-produits","10":"product_cat-ultra-haute-d-finition-art","11":"product_tag-amusant","12":"product_tag-amusement","13":"product_tag-animal","14":"product_tag-animaux","15":"product_tag-arbres","16":"product_tag-bebe","17":"product_tag-bebes","18":"product_tag-piscine","19":"product_tag-cochons","20":"product_tag-coeur","21":"product_tag-drole","22":"product_tag-eau","23":"product_tag-elephants-fr","24":"product_tag-enfant","25":"product_tag-enfants","26":"product_tag-ete","27":"product_tag-gamins","28":"product_tag-parc","29":"product_tag-piscine-fr","31":"first","32":"instock","33":"taxable","34":"shipping-taxable","35":"purchasable","36":"product-type-variable","37":"has-default-attributes"},"acf":[],"_links":{"self":[{"href":"https:\/\/www.muralunique.com\/fr\/wp-json\/wp\/v2\/product\/4702","targetHints":{"allow":["GET"]}}],"collection":[{"href":"https:\/\/www.muralunique.com\/fr\/wp-json\/wp\/v2\/product"}],"about":[{"href":"https:\/\/www.muralunique.com\/fr\/wp-json\/wp\/v2\/types\/product"}],"wp:featuredmedia":[{"embeddable":true,"href":"https:\/\/www.muralunique.com\/fr\/wp-json\/wp\/v2\/media\/4703"}],"wp:attachment":[{"href":"https:\/\/www.muralunique.com\/fr\/wp-json\/wp\/v2\/media?parent=4702"}],"wp:term":[{"taxonomy":"product_brand","embeddable":true,"href":"https:\/\/www.muralunique.com\/fr\/wp-json\/wp\/v2\/product_brand?post=4702"},{"taxonomy":"product_cat","embeddable":true,"href":"https:\/\/www.muralunique.com\/fr\/wp-json\/wp\/v2\/product_cat?post=4702"},{"taxonomy":"product_tag","embeddable":true,"href":"https:\/\/www.muralunique.com\/fr\/wp-json\/wp\/v2\/product_tag?post=4702"}],"curies":[{"name":"wp","href":"https:\/\/api.w.org\/{rel}","templated":true}]}}