{"id":4713,"date":"2012-02-19T19:29:22","date_gmt":"2012-02-19T19:29:22","guid":{"rendered":"https:\/\/muralunique.com\/?post_type=product&#038;p=4713"},"modified":"2021-09-15T16:59:23","modified_gmt":"2021-09-15T20:59:23","slug":"leonard-en-voyage","status":"publish","type":"product","link":"https:\/\/www.muralunique.com\/fr\/produit\/leonard-en-voyage\/","title":{"rendered":"L\u00e9onard en Voyage"},"content":{"rendered":"<p>-Une murale pour enfants des merveilles du monde.<\/p>\n<p>-La murale comprend des laizes de 18&#8243; (45cm) de largeur. Par exemple, une murale de 6&#8242; (1,83m) de largeur a 4 laizes et une murale de 12&#8242; (3,66m) de largeur a 8 laizes.<\/p>\n<p>-Murale en papier\u00a0peint pr\u00e9encoll\u00e9e, lavable, s&#8217;enl\u00e8ve \u00e0 sec et r\u00e9utilisable. Facile \u00e0 installer, se pose comme du papier\u00a0peint (tapisserie).<\/p>\n<p>-Cette toile est une cr\u00e9ation de Johanne P\u00e9pin.<\/p>\n<p>-murale d&#8217;art na\u00eff, murale en papier peint pour chambre d&#8217;enfants, murale pour enfants, tapisserie pour enfants, papier peint pour chambre d&#8217;enfants<\/p>\n","protected":false},"excerpt":{"rendered":"<p>-Une murale pour enfants des merveilles du monde. -La murale comprend des laizes de 18&#8243; (45cm) de largeur. Par exemple, une murale de 6&#8242; (1,83m) de largeur a 4 laizes et une murale de 12&#8242; (3,66m) de largeur a 8 laizes. -Murale en papier\u00a0peint pr\u00e9encoll\u00e9e, lavable, s&#8217;enl\u00e8ve \u00e0 sec et r\u00e9utilisable. Facile \u00e0 installer, se [&hellip;]<\/p>\n","protected":false},"featured_media":4714,"template":"","meta":{"_acf_changed":false},"product_brand":[133],"product_cat":[173,401,425],"product_tag":[8766,9036,8769,8791,8790,8681,9038,8688,8894,8895,9125,9166,9536,9537,9545,8924,8925,9338,8733,8735,8965,9090,9473,9475,9474],"class_list":{"0":"post-4713","1":"product","2":"type-product","3":"status-publish","4":"has-post-thumbnail","6":"artist-johanne-pepin-fr","7":"product_brand-johanne-pepin","8":"product_cat-enfants","9":"product_cat-tous-nos-produits","10":"product_cat-ultra-haute-d-finition-art","11":"product_tag-amusant","12":"product_tag-amusement","13":"product_tag-animaux","14":"product_tag-bebe","15":"product_tag-bebes","16":"product_tag-chichen-itza-fr","17":"product_tag-drole","18":"product_tag-egypte","19":"product_tag-enfant","20":"product_tag-enfants","21":"product_tag-gamins","22":"product_tag-machu-picchu-fr","23":"product_tag-merveilles","24":"product_tag-merveilles-du-monde","25":"product_tag-monde","26":"product_tag-pays","27":"product_tag-pays-fr","28":"product_tag-rome-fr","29":"product_tag-sydney-fr","30":"product_tag-taj-mahal-fr","31":"product_tag-tour-eiffel","32":"product_tag-vacances","33":"product_tag-voyage","34":"product_tag-voyager","35":"product_tag-voyageur","37":"first","38":"instock","39":"taxable","40":"shipping-taxable","41":"purchasable","42":"product-type-variable","43":"has-default-attributes"},"acf":[],"_links":{"self":[{"href":"https:\/\/www.muralunique.com\/fr\/wp-json\/wp\/v2\/product\/4713","targetHints":{"allow":["GET"]}}],"collection":[{"href":"https:\/\/www.muralunique.com\/fr\/wp-json\/wp\/v2\/product"}],"about":[{"href":"https:\/\/www.muralunique.com\/fr\/wp-json\/wp\/v2\/types\/product"}],"wp:featuredmedia":[{"embeddable":true,"href":"https:\/\/www.muralunique.com\/fr\/wp-json\/wp\/v2\/media\/4714"}],"wp:attachment":[{"href":"https:\/\/www.muralunique.com\/fr\/wp-json\/wp\/v2\/media?parent=4713"}],"wp:term":[{"taxonomy":"product_brand","embeddable":true,"href":"https:\/\/www.muralunique.com\/fr\/wp-json\/wp\/v2\/product_brand?post=4713"},{"taxonomy":"product_cat","embeddable":true,"href":"https:\/\/www.muralunique.com\/fr\/wp-json\/wp\/v2\/product_cat?post=4713"},{"taxonomy":"product_tag","embeddable":true,"href":"https:\/\/www.muralunique.com\/fr\/wp-json\/wp\/v2\/product_tag?post=4713"}],"curies":[{"name":"wp","href":"https:\/\/api.w.org\/{rel}","templated":true}]}}