{"id":4726,"date":"2012-02-19T19:47:39","date_gmt":"2012-02-19T19:47:39","guid":{"rendered":"https:\/\/muralunique.com\/?post_type=product&#038;p=4726"},"modified":"2021-09-15T16:59:25","modified_gmt":"2021-09-15T20:59:25","slug":"chateau-medieval","status":"publish","type":"product","link":"https:\/\/www.muralunique.com\/fr\/produit\/chateau-medieval\/","title":{"rendered":"Ch\u00e2teau M\u00e9di\u00e9val"},"content":{"rendered":"<p>-Murale en papier peint pour enfants d&#8217;un ch\u00e2teau m\u00e9di\u00e9val.<\/p>\n<p>-La murale comprend des laizes de 18&#8243; (45cm) de largeur. Par exemple, une murale de 6&#8242; (1,83m) de largeur a 4 laizes et une murale de 12&#8242; (3,66m) de largeur a 8 laizes.<\/p>\n<p>-Murale en papier\u00a0peint pr\u00e9encoll\u00e9e, lavable, s&#8217;enl\u00e8ve \u00e0 sec et r\u00e9utilisable. Facile \u00e0 installer, se pose comme du papier\u00a0peint (tapisserie).<\/p>\n<p>-Cette toile est une cr\u00e9ation de Ruth Baker.<\/p>\n<p>-murale de ch\u00e2teau, murales de ch\u00e2teaux, murale en papier peint de ch\u00e2teaux, murale pour garderie, tapisserie pour chambre d&#8217;enfants<\/p>\n","protected":false},"excerpt":{"rendered":"<p>-Murale en papier peint pour enfants d&#8217;un ch\u00e2teau m\u00e9di\u00e9val. -La murale comprend des laizes de 18&#8243; (45cm) de largeur. Par exemple, une murale de 6&#8242; (1,83m) de largeur a 4 laizes et une murale de 12&#8242; (3,66m) de largeur a 8 laizes. -Murale en papier\u00a0peint pr\u00e9encoll\u00e9e, lavable, s&#8217;enl\u00e8ve \u00e0 sec et r\u00e9utilisable. Facile \u00e0 installer, [&hellip;]<\/p>\n","protected":false},"featured_media":4727,"template":"","meta":{"_acf_changed":false},"product_brand":[152],"product_cat":[173,401,425],"product_tag":[8767,8791,8790,8846,8847,8877,8894,8895,9020,9021,9125,9181,9240,9417,8953,9459],"class_list":{"0":"post-4726","1":"product","2":"type-product","3":"status-publish","4":"has-post-thumbnail","6":"artist-ruth-baker-fr","7":"product_brand-ruth-baker","8":"product_cat-enfants","9":"product_cat-tous-nos-produits","10":"product_cat-ultra-haute-d-finition-art","11":"product_tag-ancient-fr","12":"product_tag-bebe","13":"product_tag-bebes","14":"product_tag-brique","15":"product_tag-briques","16":"product_tag-chateau","17":"product_tag-enfant","18":"product_tag-enfants","19":"product_tag-fort-fr","20":"product_tag-forteresse","21":"product_tag-gamins","22":"product_tag-medieval-fr","23":"product_tag-palace-fr","24":"product_tag-pierres","25":"product_tag-portes","26":"product_tag-tours","28":"first","29":"instock","30":"taxable","31":"shipping-taxable","32":"purchasable","33":"product-type-variable","34":"has-default-attributes"},"acf":[],"_links":{"self":[{"href":"https:\/\/www.muralunique.com\/fr\/wp-json\/wp\/v2\/product\/4726","targetHints":{"allow":["GET"]}}],"collection":[{"href":"https:\/\/www.muralunique.com\/fr\/wp-json\/wp\/v2\/product"}],"about":[{"href":"https:\/\/www.muralunique.com\/fr\/wp-json\/wp\/v2\/types\/product"}],"wp:featuredmedia":[{"embeddable":true,"href":"https:\/\/www.muralunique.com\/fr\/wp-json\/wp\/v2\/media\/4727"}],"wp:attachment":[{"href":"https:\/\/www.muralunique.com\/fr\/wp-json\/wp\/v2\/media?parent=4726"}],"wp:term":[{"taxonomy":"product_brand","embeddable":true,"href":"https:\/\/www.muralunique.com\/fr\/wp-json\/wp\/v2\/product_brand?post=4726"},{"taxonomy":"product_cat","embeddable":true,"href":"https:\/\/www.muralunique.com\/fr\/wp-json\/wp\/v2\/product_cat?post=4726"},{"taxonomy":"product_tag","embeddable":true,"href":"https:\/\/www.muralunique.com\/fr\/wp-json\/wp\/v2\/product_tag?post=4726"}],"curies":[{"name":"wp","href":"https:\/\/api.w.org\/{rel}","templated":true}]}}