{"id":4735,"date":"2012-02-19T20:18:59","date_gmt":"2012-02-19T20:18:59","guid":{"rendered":"https:\/\/muralunique.com\/?post_type=product&#038;p=4735"},"modified":"2021-09-15T16:59:26","modified_gmt":"2021-09-15T20:59:26","slug":"le-monde-de-mia","status":"publish","type":"product","link":"https:\/\/www.muralunique.com\/fr\/produit\/le-monde-de-mia\/","title":{"rendered":"Le Monde de Mia"},"content":{"rendered":"<p>-Une magnifique murale en papier peint pour les petites princesses!<\/p>\n<p>-La murale comprend des laizes de 18&#8243; (45cm) de largeur. Par exemple, une murale de 6&#8242; (1,83m) de largeur a 4 laizes et une murale de 12&#8242; (3,66m) de largeur a 8 laizes.<\/p>\n<p>-Murale en papier\u00a0peint pr\u00e9encoll\u00e9e, lavable, s&#8217;enl\u00e8ve \u00e0 sec et r\u00e9utilisable. Facile \u00e0 installer, se pose comme du papier\u00a0peint (tapisserie).<\/p>\n<p>-Cette toile est une cr\u00e9ation originale de Johanne P\u00e9pin.<\/p>\n<p>-murale pour filles, murale en papier peint pour filles, murale pour petites filles, papier peint pour filles, tapisserie pour chambre de filles<\/p>\n","protected":false},"excerpt":{"rendered":"<p>-Une magnifique murale en papier peint pour les petites princesses! -La murale comprend des laizes de 18&#8243; (45cm) de largeur. Par exemple, une murale de 6&#8242; (1,83m) de largeur a 4 laizes et une murale de 12&#8242; (3,66m) de largeur a 8 laizes. -Murale en papier\u00a0peint pr\u00e9encoll\u00e9e, lavable, s&#8217;enl\u00e8ve \u00e0 sec et r\u00e9utilisable. Facile \u00e0 [&hellip;]<\/p>\n","protected":false},"featured_media":51283,"template":"","meta":{"_acf_changed":false},"product_brand":[133],"product_cat":[173,401,425],"product_tag":[8766,9036,8791,8790,8877,9038,8894,8895,9125,9308,9535,8950,9296,9297],"class_list":{"0":"post-4735","1":"product","2":"type-product","3":"status-publish","4":"has-post-thumbnail","6":"artist-johanne-pepin-fr","7":"product_brand-johanne-pepin","8":"product_cat-enfants","9":"product_cat-tous-nos-produits","10":"product_cat-ultra-haute-d-finition-art","11":"product_tag-amusant","12":"product_tag-amusement","13":"product_tag-bebe","14":"product_tag-bebes","15":"product_tag-chateau","16":"product_tag-drole","17":"product_tag-enfant","18":"product_tag-enfants","19":"product_tag-gamins","20":"product_tag-lapins-fr","21":"product_tag-pays-des-merveilles","22":"product_tag-poupees","23":"product_tag-princesse","24":"product_tag-princesses-fr","26":"first","27":"instock","28":"taxable","29":"shipping-taxable","30":"purchasable","31":"product-type-variable","32":"has-default-attributes"},"acf":[],"_links":{"self":[{"href":"https:\/\/www.muralunique.com\/fr\/wp-json\/wp\/v2\/product\/4735","targetHints":{"allow":["GET"]}}],"collection":[{"href":"https:\/\/www.muralunique.com\/fr\/wp-json\/wp\/v2\/product"}],"about":[{"href":"https:\/\/www.muralunique.com\/fr\/wp-json\/wp\/v2\/types\/product"}],"wp:featuredmedia":[{"embeddable":true,"href":"https:\/\/www.muralunique.com\/fr\/wp-json\/wp\/v2\/media\/51283"}],"wp:attachment":[{"href":"https:\/\/www.muralunique.com\/fr\/wp-json\/wp\/v2\/media?parent=4735"}],"wp:term":[{"taxonomy":"product_brand","embeddable":true,"href":"https:\/\/www.muralunique.com\/fr\/wp-json\/wp\/v2\/product_brand?post=4735"},{"taxonomy":"product_cat","embeddable":true,"href":"https:\/\/www.muralunique.com\/fr\/wp-json\/wp\/v2\/product_cat?post=4735"},{"taxonomy":"product_tag","embeddable":true,"href":"https:\/\/www.muralunique.com\/fr\/wp-json\/wp\/v2\/product_tag?post=4735"}],"curies":[{"name":"wp","href":"https:\/\/api.w.org\/{rel}","templated":true}]}}