{"id":4744,"date":"2012-02-19T20:25:59","date_gmt":"2012-02-19T20:25:59","guid":{"rendered":"https:\/\/muralunique.com\/?post_type=product&#038;p=4744"},"modified":"2021-09-15T16:59:26","modified_gmt":"2021-09-15T20:59:26","slug":"motocross-sport-extreme","status":"publish","type":"product","link":"https:\/\/www.muralunique.com\/fr\/produit\/motocross-sport-extreme\/","title":{"rendered":"Motocross Sport Extr\u00eame"},"content":{"rendered":"<p>-Murale originale pour enfants de motocross sport extr\u00eame.<\/p>\n<p>-La murale comprend des laizes de 18\u2033 (45cm) de largeur. Par exemple, une murale de 6\u2032 (1,83m) de largeur a 4 laizes et une murale de 12\u2032 (3,66m) de largeur a 8 laizes.<\/p>\n<p>-Murale en papier\u00a0peint pr\u00e9encoll\u00e9e, lavable, s\u2019enl\u00e8ve \u00e0 sec et r\u00e9utilisable. Facile \u00e0 installer, se pose comme du papier\u00a0peint (tapisserie).<\/p>\n<p>-Cette toile est une cr\u00e9ation de Tony Floreani.<\/p>\n<p>-murale de motocross, murale en papier peint de motocross, murale de sports, papier peint de sports, tapisserie de sports<\/p>\n","protected":false},"excerpt":{"rendered":"<p>-Murale originale pour enfants de motocross sport extr\u00eame. -La murale comprend des laizes de 18\u2033 (45cm) de largeur. Par exemple, une murale de 6\u2032 (1,83m) de largeur a 4 laizes et une murale de 12\u2032 (3,66m) de largeur a 8 laizes. -Murale en papier\u00a0peint pr\u00e9encoll\u00e9e, lavable, s\u2019enl\u00e8ve \u00e0 sec et r\u00e9utilisable. Facile \u00e0 installer, se [&hellip;]<\/p>\n","protected":false},"featured_media":4745,"template":"","meta":{"_acf_changed":false},"product_brand":[136],"product_cat":[173,145,401,425],"product_tag":[8818,8819,8917,9309,8894,8895,8971,9125,9899,9204,9900,9205,9206,9399,9400,8972],"class_list":{"0":"post-4744","1":"product","2":"type-product","3":"status-publish","4":"has-post-thumbnail","6":"artist-tony-floreani-fr","7":"product_brand-tony-floreani","8":"product_cat-enfants","9":"product_cat-sports-2","10":"product_cat-tous-nos-produits","11":"product_cat-ultra-haute-d-finition-art","12":"product_tag-bicyclette","13":"product_tag-bicyclettes","14":"product_tag-competition-fr","15":"product_tag-course-fr","16":"product_tag-enfant","17":"product_tag-enfants","18":"product_tag-extreme-fr","19":"product_tag-gamins","20":"product_tag-moto-fr","21":"product_tag-motocross-fr","22":"product_tag-motocyclette","23":"product_tag-motocyclettes","24":"product_tag-motos-fr","25":"product_tag-sport","26":"product_tag-sports","27":"product_tag-sports-extremes","29":"first","30":"instock","31":"taxable","32":"shipping-taxable","33":"purchasable","34":"product-type-variable","35":"has-default-attributes"},"acf":[],"_links":{"self":[{"href":"https:\/\/www.muralunique.com\/fr\/wp-json\/wp\/v2\/product\/4744","targetHints":{"allow":["GET"]}}],"collection":[{"href":"https:\/\/www.muralunique.com\/fr\/wp-json\/wp\/v2\/product"}],"about":[{"href":"https:\/\/www.muralunique.com\/fr\/wp-json\/wp\/v2\/types\/product"}],"wp:featuredmedia":[{"embeddable":true,"href":"https:\/\/www.muralunique.com\/fr\/wp-json\/wp\/v2\/media\/4745"}],"wp:attachment":[{"href":"https:\/\/www.muralunique.com\/fr\/wp-json\/wp\/v2\/media?parent=4744"}],"wp:term":[{"taxonomy":"product_brand","embeddable":true,"href":"https:\/\/www.muralunique.com\/fr\/wp-json\/wp\/v2\/product_brand?post=4744"},{"taxonomy":"product_cat","embeddable":true,"href":"https:\/\/www.muralunique.com\/fr\/wp-json\/wp\/v2\/product_cat?post=4744"},{"taxonomy":"product_tag","embeddable":true,"href":"https:\/\/www.muralunique.com\/fr\/wp-json\/wp\/v2\/product_tag?post=4744"}],"curies":[{"name":"wp","href":"https:\/\/api.w.org\/{rel}","templated":true}]}}