{"id":47451,"date":"2021-02-10T11:25:20","date_gmt":"2021-02-10T16:25:20","guid":{"rendered":"https:\/\/www.muralunique.com\/?post_type=product&#038;p=47451"},"modified":"2023-04-19T16:11:09","modified_gmt":"2023-04-19T20:11:09","slug":"marbre-terracotta","status":"publish","type":"product","link":"https:\/\/www.muralunique.com\/fr\/produit\/marbre-terracotta\/","title":{"rendered":"Marbre Terracotta"},"content":{"rendered":"<p><span lang=\"fr\">-Superbe murale en papier peint d&#8217;une texture de marbre terracotta. Les murales de texture de marbre sont tr\u00e8s \u00e0 la mode et souvent utilis\u00e9es par les designers professionnels. Vous ajouterez de la beaut\u00e9 et du luxe \u00e0 votre maison en un clin d&#8217;\u0153il avec cette superbe murale de marbre.<\/span><\/p>\n<p>-La murale comprend des laizes de 18\u2033 (45cm) de largeur. Par exemple, une murale de 6\u2032 (1,83m) de largeur a 4 laizes et une murale de 12\u2032 (3,66m) de largeur a 8 laizes.<\/p>\n<p>-Murale en papier\u00a0peint pr\u00e9encoll\u00e9e, lavable, s\u2019enl\u00e8ve \u00e0 sec et r\u00e9utilisable. Facile \u00e0 installer, se pose comme du papier\u00a0peint (tapisserie).<\/p>\n<p>-murale texture de marbre, tapisserie texture de marbre, papier peint texture de marbre, photo murale texture de marbre, murale en papier peint texture de marbre, murale marbre terracotta, papier peint marbre terracotta, tapisserie marbre terracotta, murale en papier peint marbre terracotta<\/p>\n","protected":false},"excerpt":{"rendered":"<p>-Superbe murale en papier peint d&#8217;une texture de marbre terracotta. Les murales de texture de marbre sont tr\u00e8s \u00e0 la mode et souvent utilis\u00e9es par les designers professionnels. Vous ajouterez de la beaut\u00e9 et du luxe \u00e0 votre maison en un clin d&#8217;\u0153il avec cette superbe murale de marbre. -La murale comprend des laizes de [&hellip;]<\/p>\n","protected":false},"featured_media":47449,"template":"","meta":{"_acf_changed":false},"product_brand":[],"product_cat":[305,169,401],"product_tag":[9174,9711,9447,9448,9449],"class_list":{"0":"post-47451","1":"product","2":"type-product","3":"status-publish","4":"has-post-thumbnail","6":"product_cat-produits-vedettes","7":"product_cat-textures-2","8":"product_cat-tous-nos-produits","9":"product_tag-marbre","10":"product_tag-terracotta-fr","11":"product_tag-texture-fr","12":"product_tag-texture-fr-2","13":"product_tag-textures","15":"first","16":"instock","17":"taxable","18":"shipping-taxable","19":"purchasable","20":"product-type-variable","21":"has-default-attributes"},"acf":[],"_links":{"self":[{"href":"https:\/\/www.muralunique.com\/fr\/wp-json\/wp\/v2\/product\/47451","targetHints":{"allow":["GET"]}}],"collection":[{"href":"https:\/\/www.muralunique.com\/fr\/wp-json\/wp\/v2\/product"}],"about":[{"href":"https:\/\/www.muralunique.com\/fr\/wp-json\/wp\/v2\/types\/product"}],"wp:featuredmedia":[{"embeddable":true,"href":"https:\/\/www.muralunique.com\/fr\/wp-json\/wp\/v2\/media\/47449"}],"wp:attachment":[{"href":"https:\/\/www.muralunique.com\/fr\/wp-json\/wp\/v2\/media?parent=47451"}],"wp:term":[{"taxonomy":"product_brand","embeddable":true,"href":"https:\/\/www.muralunique.com\/fr\/wp-json\/wp\/v2\/product_brand?post=47451"},{"taxonomy":"product_cat","embeddable":true,"href":"https:\/\/www.muralunique.com\/fr\/wp-json\/wp\/v2\/product_cat?post=47451"},{"taxonomy":"product_tag","embeddable":true,"href":"https:\/\/www.muralunique.com\/fr\/wp-json\/wp\/v2\/product_tag?post=47451"}],"curies":[{"name":"wp","href":"https:\/\/api.w.org\/{rel}","templated":true}]}}