{"id":4756,"date":"2012-02-19T20:32:49","date_gmt":"2012-02-19T20:32:49","guid":{"rendered":"https:\/\/muralunique.com\/?post_type=product&#038;p=4756"},"modified":"2021-09-15T16:59:29","modified_gmt":"2021-09-15T20:59:29","slug":"la-maison-de-mes-amis","status":"publish","type":"product","link":"https:\/\/www.muralunique.com\/fr\/produit\/la-maison-de-mes-amis\/","title":{"rendered":"La Maison de Mes Amis"},"content":{"rendered":"<p>-Une murale unique d&#8217;une magnifique maison de poup\u00e9es.<\/p>\n<p>-La murale comprend des laizes de 18\u2033 (45cm) de largeur. Par exemple, une murale de 6\u2032 (1,83m) de largeur a 4 laizes et une murale de 12\u2032 (3,66m) de largeur a 8 laizes.<\/p>\n<p>-Murale en papier\u00a0peint pr\u00e9encoll\u00e9e, lavable, s\u2019enl\u00e8ve \u00e0 sec et r\u00e9utilisable. Facile \u00e0 installer, se pose comme du papier\u00a0peint (tapisserie).<\/p>\n<p>-Cette toile est une cr\u00e9ation originale de Johanne P\u00e9pin.<\/p>\n<p>-muralespour filles, murale en papier peint pour filles, murale pour chambres d&#8217;enfants, murale maison de poup\u00e9es, papier peint maison poup\u00e9es<\/p>\n","protected":false},"excerpt":{"rendered":"<p>-Une murale unique d&#8217;une magnifique maison de poup\u00e9es. -La murale comprend des laizes de 18\u2033 (45cm) de largeur. Par exemple, une murale de 6\u2032 (1,83m) de largeur a 4 laizes et une murale de 12\u2032 (3,66m) de largeur a 8 laizes. -Murale en papier\u00a0peint pr\u00e9encoll\u00e9e, lavable, s\u2019enl\u00e8ve \u00e0 sec et r\u00e9utilisable. Facile \u00e0 installer, se [&hellip;]<\/p>\n","protected":false},"featured_media":4757,"template":"","meta":{"_acf_changed":false},"product_brand":[133],"product_cat":[173,401,425],"product_tag":[9032,8766,9036,8769,8791,8790,9038,8894,8895,8981,9125,9098,8949,9099,8948,8950],"class_list":{"0":"post-4756","1":"product","2":"type-product","3":"status-publish","4":"has-post-thumbnail","6":"artist-johanne-pepin-fr","7":"product_brand-johanne-pepin","8":"product_cat-enfants","9":"product_cat-tous-nos-produits","10":"product_cat-ultra-haute-d-finition-art","11":"product_tag-amis","12":"product_tag-amusant","13":"product_tag-amusement","14":"product_tag-animaux","15":"product_tag-bebe","16":"product_tag-bebes","17":"product_tag-drole","18":"product_tag-enfant","19":"product_tag-enfants","20":"product_tag-famille","21":"product_tag-gamins","22":"product_tag-maison","23":"product_tag-maison-de-poupee","24":"product_tag-maisons","25":"product_tag-poupee","26":"product_tag-poupees","28":"first","29":"instock","30":"taxable","31":"shipping-taxable","32":"purchasable","33":"product-type-variable","34":"has-default-attributes"},"acf":[],"_links":{"self":[{"href":"https:\/\/www.muralunique.com\/fr\/wp-json\/wp\/v2\/product\/4756","targetHints":{"allow":["GET"]}}],"collection":[{"href":"https:\/\/www.muralunique.com\/fr\/wp-json\/wp\/v2\/product"}],"about":[{"href":"https:\/\/www.muralunique.com\/fr\/wp-json\/wp\/v2\/types\/product"}],"wp:featuredmedia":[{"embeddable":true,"href":"https:\/\/www.muralunique.com\/fr\/wp-json\/wp\/v2\/media\/4757"}],"wp:attachment":[{"href":"https:\/\/www.muralunique.com\/fr\/wp-json\/wp\/v2\/media?parent=4756"}],"wp:term":[{"taxonomy":"product_brand","embeddable":true,"href":"https:\/\/www.muralunique.com\/fr\/wp-json\/wp\/v2\/product_brand?post=4756"},{"taxonomy":"product_cat","embeddable":true,"href":"https:\/\/www.muralunique.com\/fr\/wp-json\/wp\/v2\/product_cat?post=4756"},{"taxonomy":"product_tag","embeddable":true,"href":"https:\/\/www.muralunique.com\/fr\/wp-json\/wp\/v2\/product_tag?post=4756"}],"curies":[{"name":"wp","href":"https:\/\/api.w.org\/{rel}","templated":true}]}}