{"id":4768,"date":"2012-02-19T20:40:27","date_gmt":"2012-02-19T20:40:27","guid":{"rendered":"https:\/\/muralunique.com\/?post_type=product&#038;p=4768"},"modified":"2021-09-15T16:59:29","modified_gmt":"2021-09-15T20:59:29","slug":"il-etait-une-fois-un-reve","status":"publish","type":"product","link":"https:\/\/www.muralunique.com\/fr\/produit\/il-etait-une-fois-un-reve\/","title":{"rendered":"Il \u00c9tait une Fois un R\u00eave"},"content":{"rendered":"<p>-Une murale de r\u00eave pour les tout petits!<\/p>\n<p>-La murale comprend des laizes de 18\u2033 (45cm) de largeur. Par exemple, une murale de 6\u2032 (1,83m) de largeur a 4 laizes et une murale de 12\u2032 (3,66m) de largeur a 8 laizes.<\/p>\n<p>-Murale en papier\u00a0peint pr\u00e9encoll\u00e9e, lavable, s\u2019enl\u00e8ve \u00e0 sec et r\u00e9utilisable. Facile \u00e0 installer, se pose comme du papier\u00a0peint (tapisserie).<\/p>\n<p>-Cette toile est une cr\u00e9ation de Tony Floreani.<\/p>\n<p>-murale en papier peint pour b\u00e9b\u00e9s, murale pour chambres de b\u00e9b\u00e9s, tapisserie pour b\u00e9b\u00e9s, papier peint pour enfants, tapisserie pour enfants<\/p>\n","protected":false},"excerpt":{"rendered":"<p>-Une murale de r\u00eave pour les tout petits! -La murale comprend des laizes de 18\u2033 (45cm) de largeur. Par exemple, une murale de 6\u2032 (1,83m) de largeur a 4 laizes et une murale de 12\u2032 (3,66m) de largeur a 8 laizes. -Murale en papier\u00a0peint pr\u00e9encoll\u00e9e, lavable, s\u2019enl\u00e8ve \u00e0 sec et r\u00e9utilisable. Facile \u00e0 installer, se [&hellip;]<\/p>\n","protected":false},"featured_media":4769,"template":"","meta":{"_acf_changed":false},"product_brand":[136],"product_cat":[173,401,425],"product_tag":[8794,8831,8791,8790,8864,9380,8894,8895,9125,9135,9196,9097,8907,9227,8824,9261,8956,9467],"class_list":{"0":"post-4768","1":"product","2":"type-product","3":"status-publish","4":"has-post-thumbnail","6":"artist-tony-floreani-fr","7":"product_brand-tony-floreani","8":"product_cat-enfants","9":"product_cat-tous-nos-produits","10":"product_cat-ultra-haute-d-finition-art","11":"product_tag-ballons","12":"product_tag-bateau","13":"product_tag-bebe","14":"product_tag-bebes","15":"product_tag-calme","16":"product_tag-ciel","17":"product_tag-enfant","18":"product_tag-enfants","19":"product_tag-gamins","20":"product_tag-lac","21":"product_tag-lune","22":"product_tag-montgolfieres","23":"product_tag-nuages","24":"product_tag-nuit","25":"product_tag-oiseaux","26":"product_tag-paisible","27":"product_tag-reve","28":"product_tag-tranquilite","30":"first","31":"instock","32":"taxable","33":"shipping-taxable","34":"purchasable","35":"product-type-variable","36":"has-default-attributes"},"acf":[],"_links":{"self":[{"href":"https:\/\/www.muralunique.com\/fr\/wp-json\/wp\/v2\/product\/4768","targetHints":{"allow":["GET"]}}],"collection":[{"href":"https:\/\/www.muralunique.com\/fr\/wp-json\/wp\/v2\/product"}],"about":[{"href":"https:\/\/www.muralunique.com\/fr\/wp-json\/wp\/v2\/types\/product"}],"wp:featuredmedia":[{"embeddable":true,"href":"https:\/\/www.muralunique.com\/fr\/wp-json\/wp\/v2\/media\/4769"}],"wp:attachment":[{"href":"https:\/\/www.muralunique.com\/fr\/wp-json\/wp\/v2\/media?parent=4768"}],"wp:term":[{"taxonomy":"product_brand","embeddable":true,"href":"https:\/\/www.muralunique.com\/fr\/wp-json\/wp\/v2\/product_brand?post=4768"},{"taxonomy":"product_cat","embeddable":true,"href":"https:\/\/www.muralunique.com\/fr\/wp-json\/wp\/v2\/product_cat?post=4768"},{"taxonomy":"product_tag","embeddable":true,"href":"https:\/\/www.muralunique.com\/fr\/wp-json\/wp\/v2\/product_tag?post=4768"}],"curies":[{"name":"wp","href":"https:\/\/api.w.org\/{rel}","templated":true}]}}