{"id":47682,"date":"2021-02-15T15:37:15","date_gmt":"2021-02-15T20:37:15","guid":{"rendered":"https:\/\/www.muralunique.com\/?post_type=product&#038;p=47682"},"modified":"2023-11-13T16:15:48","modified_gmt":"2023-11-13T21:15:48","slug":"marbre-blanc","status":"publish","type":"product","link":"https:\/\/www.muralunique.com\/fr\/produit\/marbre-blanc\/","title":{"rendered":"Marbre Blanc"},"content":{"rendered":"<p>-Murale en papier peint d&#8217;un \u00e9l\u00e9gant marbre blanc avec des rayures dor\u00e9es. Les papier peints de textures de marbre sont une tr\u00e8s bonne alternative aux vrais murs de marbre; moins dispendieux, beaucoup plus facile \u00e0 installer et enlever mais tout aussi beaux.<\/p>\n<p>-La murale comprend des laizes de 18\u2033 (45cm) de largeur. Par exemple, une murale de 6\u2032 (1,83m) de largeur a 4 laizes et une murale de 12\u2032 (3,66m) de largeur a 8 laizes.<\/p>\n<p>-Murale en papier\u00a0peint pr\u00e9encoll\u00e9e, lavable, s\u2019enl\u00e8ve \u00e0 sec et r\u00e9utilisable. Facile \u00e0 installer, se pose comme du papier\u00a0peint (tapisserie).<\/p>\n<p>-murale marbre blanc, photo murale marbre blanc, papier peint marbre blanc, tapisserie marbre blanc, murale texture de marbre, papier peint texture de marbre, photo murale texture de marbre, tapisserie texture de marbre<\/p>\n<p>&nbsp;<\/p>\n","protected":false},"excerpt":{"rendered":"<p>-Murale en papier peint d&#8217;un \u00e9l\u00e9gant marbre blanc avec des rayures dor\u00e9es. Les papier peints de textures de marbre sont une tr\u00e8s bonne alternative aux vrais murs de marbre; moins dispendieux, beaucoup plus facile \u00e0 installer et enlever mais tout aussi beaux. -La murale comprend des laizes de 18\u2033 (45cm) de largeur. Par exemple, une [&hellip;]<\/p>\n","protected":false},"featured_media":47678,"template":"","meta":{"_acf_changed":false},"product_brand":[],"product_cat":[305,169,401],"product_tag":[9174,9780,9447,9448,9449],"class_list":{"0":"post-47682","1":"product","2":"type-product","3":"status-publish","4":"has-post-thumbnail","6":"product_cat-produits-vedettes","7":"product_cat-textures-2","8":"product_cat-tous-nos-produits","9":"product_tag-marbre","10":"product_tag-or","11":"product_tag-texture-fr","12":"product_tag-texture-fr-2","13":"product_tag-textures","15":"first","16":"instock","17":"taxable","18":"shipping-taxable","19":"purchasable","20":"product-type-variable","21":"has-default-attributes"},"acf":[],"_links":{"self":[{"href":"https:\/\/www.muralunique.com\/fr\/wp-json\/wp\/v2\/product\/47682","targetHints":{"allow":["GET"]}}],"collection":[{"href":"https:\/\/www.muralunique.com\/fr\/wp-json\/wp\/v2\/product"}],"about":[{"href":"https:\/\/www.muralunique.com\/fr\/wp-json\/wp\/v2\/types\/product"}],"wp:featuredmedia":[{"embeddable":true,"href":"https:\/\/www.muralunique.com\/fr\/wp-json\/wp\/v2\/media\/47678"}],"wp:attachment":[{"href":"https:\/\/www.muralunique.com\/fr\/wp-json\/wp\/v2\/media?parent=47682"}],"wp:term":[{"taxonomy":"product_brand","embeddable":true,"href":"https:\/\/www.muralunique.com\/fr\/wp-json\/wp\/v2\/product_brand?post=47682"},{"taxonomy":"product_cat","embeddable":true,"href":"https:\/\/www.muralunique.com\/fr\/wp-json\/wp\/v2\/product_cat?post=47682"},{"taxonomy":"product_tag","embeddable":true,"href":"https:\/\/www.muralunique.com\/fr\/wp-json\/wp\/v2\/product_tag?post=47682"}],"curies":[{"name":"wp","href":"https:\/\/api.w.org\/{rel}","templated":true}]}}