{"id":47766,"date":"2021-02-16T15:32:04","date_gmt":"2021-02-16T20:32:04","guid":{"rendered":"https:\/\/www.muralunique.com\/?post_type=product&#038;p=47766"},"modified":"2023-01-12T13:06:21","modified_gmt":"2023-01-12T18:06:21","slug":"marbre-en-noir-et-blanc","status":"publish","type":"product","link":"https:\/\/www.muralunique.com\/fr\/produit\/marbre-en-noir-et-blanc\/","title":{"rendered":"Marbre en Noir et Blanc"},"content":{"rendered":"<p>-Murale en papier peint d&#8217;une texture de marbre en noir et blanc. Les murales de texture de marbre sont une id\u00e9e d\u00e9co simple, facile et beaucoup moins dispendieuse qu&#8217;un v\u00e9ritable mur de marbre. Un choix tendance pour cr\u00e9er un mur accent dans une chambre, un salon, une salle de bain, un bureau ou autre pi\u00e8ce.<\/p>\n<p>-La murale comprend des laizes de 18\u2033 (45cm) de largeur. Par exemple, une murale de 6\u2032 (1,83m) de largeur a 4 laizes et une murale de 12\u2032 (3,66m) de largeur a 8 laizes.<\/p>\n<p>-Murale en papier\u00a0peint pr\u00e9encoll\u00e9e, lavable, s\u2019enl\u00e8ve \u00e0 sec et r\u00e9utilisable. Facile \u00e0 installer, se pose comme du papier\u00a0peint (tapisserie).<\/p>\n<p>-murale marbre en noir et blanc, photo murale marbre en noir et blanc, tapisserie marbre en noir et blanc, papier peint marbre en noir et blanc, murale texture de marbre, photo murale texture de marbre, papier peint texture de marbre, tapisserie texture de marbre<\/p>\n","protected":false},"excerpt":{"rendered":"<p>-Murale en papier peint d&#8217;une texture de marbre en noir et blanc. Les murales de texture de marbre sont une id\u00e9e d\u00e9co simple, facile et beaucoup moins dispendieuse qu&#8217;un v\u00e9ritable mur de marbre. Un choix tendance pour cr\u00e9er un mur accent dans une chambre, un salon, une salle de bain, un bureau ou autre pi\u00e8ce. [&hellip;]<\/p>\n","protected":false},"featured_media":72753,"template":"","meta":{"_acf_changed":false},"product_brand":[],"product_cat":[169,401],"product_tag":[9174,9447,9448,9449],"class_list":{"0":"post-47766","1":"product","2":"type-product","3":"status-publish","4":"has-post-thumbnail","6":"product_cat-textures-2","7":"product_cat-tous-nos-produits","8":"product_tag-marbre","9":"product_tag-texture-fr","10":"product_tag-texture-fr-2","11":"product_tag-textures","13":"first","14":"instock","15":"taxable","16":"shipping-taxable","17":"purchasable","18":"product-type-variable","19":"has-default-attributes"},"acf":[],"_links":{"self":[{"href":"https:\/\/www.muralunique.com\/fr\/wp-json\/wp\/v2\/product\/47766","targetHints":{"allow":["GET"]}}],"collection":[{"href":"https:\/\/www.muralunique.com\/fr\/wp-json\/wp\/v2\/product"}],"about":[{"href":"https:\/\/www.muralunique.com\/fr\/wp-json\/wp\/v2\/types\/product"}],"wp:featuredmedia":[{"embeddable":true,"href":"https:\/\/www.muralunique.com\/fr\/wp-json\/wp\/v2\/media\/72753"}],"wp:attachment":[{"href":"https:\/\/www.muralunique.com\/fr\/wp-json\/wp\/v2\/media?parent=47766"}],"wp:term":[{"taxonomy":"product_brand","embeddable":true,"href":"https:\/\/www.muralunique.com\/fr\/wp-json\/wp\/v2\/product_brand?post=47766"},{"taxonomy":"product_cat","embeddable":true,"href":"https:\/\/www.muralunique.com\/fr\/wp-json\/wp\/v2\/product_cat?post=47766"},{"taxonomy":"product_tag","embeddable":true,"href":"https:\/\/www.muralunique.com\/fr\/wp-json\/wp\/v2\/product_tag?post=47766"}],"curies":[{"name":"wp","href":"https:\/\/api.w.org\/{rel}","templated":true}]}}