{"id":4780,"date":"2012-02-22T22:21:11","date_gmt":"2012-02-22T22:21:11","guid":{"rendered":"https:\/\/muralunique.com\/?post_type=product&#038;p=4780"},"modified":"2021-09-15T16:59:30","modified_gmt":"2021-09-15T20:59:30","slug":"bateau-pirate","status":"publish","type":"product","link":"https:\/\/www.muralunique.com\/fr\/produit\/bateau-pirate\/","title":{"rendered":"Bateau Pirate"},"content":{"rendered":"<p>-Murale en papier peint pour enfants d&#8217;un bateau pirate.<\/p>\n<p>-La murale comprend des laizes de 18\u2033 (45cm) de largeur. Par exemple, une murale de 6\u2032 (1,83m) de largeur a 4 laizes et une murale de 12\u2032 (3,66m) de largeur a 8 laizes.<\/p>\n<p>-Murale en papier\u00a0peint pr\u00e9encoll\u00e9e, lavable, s\u2019enl\u00e8ve \u00e0 sec et r\u00e9utilisable. Facile \u00e0 installer, se pose comme du papier\u00a0peint (tapisserie).<\/p>\n<p>-Cette toile est une cr\u00e9ation de Ruth Baker.<\/p>\n<p>-murale de pirate, murale de pirates, murale en papier peint de pirates, murale d&#8217;un bateau pirate, papier peint de pirates, tapisserie de pirates<\/p>\n","protected":false},"excerpt":{"rendered":"<p>-Murale en papier peint pour enfants d&#8217;un bateau pirate. -La murale comprend des laizes de 18\u2033 (45cm) de largeur. Par exemple, une murale de 6\u2032 (1,83m) de largeur a 4 laizes et une murale de 12\u2032 (3,66m) de largeur a 8 laizes. -Murale en papier\u00a0peint pr\u00e9encoll\u00e9e, lavable, s\u2019enl\u00e8ve \u00e0 sec et r\u00e9utilisable. Facile \u00e0 installer, [&hellip;]<\/p>\n","protected":false},"featured_media":4781,"template":"","meta":{"_acf_changed":false},"product_brand":[152],"product_cat":[173,401,425],"product_tag":[8755,8756,8831,8791,8790,9171,8894,8895,9125,9352,9222,9221,9367,9231,9251,9277,9278,9349,9476,9473,9475,9474],"class_list":{"0":"post-4780","1":"product","2":"type-product","3":"status-publish","4":"has-post-thumbnail","6":"artist-ruth-baker-fr","7":"product_brand-ruth-baker","8":"product_cat-enfants","9":"product_cat-tous-nos-produits","10":"product_cat-ultra-haute-d-finition-art","11":"product_tag-aventure","12":"product_tag-aventurier","13":"product_tag-bateau","14":"product_tag-bebe","15":"product_tag-bebes","16":"product_tag-carte-fr","17":"product_tag-enfant","18":"product_tag-enfants","19":"product_tag-gamins","20":"product_tag-mer","21":"product_tag-navigation","22":"product_tag-naviguer","23":"product_tag-navire","24":"product_tag-ocean-fr-2","25":"product_tag-parchemin-fr","26":"product_tag-pirate-fr","27":"product_tag-pirates-fr","28":"product_tag-sable","29":"product_tag-tresor","30":"product_tag-voyage","31":"product_tag-voyager","32":"product_tag-voyageur","34":"first","35":"instock","36":"taxable","37":"shipping-taxable","38":"purchasable","39":"product-type-variable","40":"has-default-attributes"},"acf":[],"_links":{"self":[{"href":"https:\/\/www.muralunique.com\/fr\/wp-json\/wp\/v2\/product\/4780","targetHints":{"allow":["GET"]}}],"collection":[{"href":"https:\/\/www.muralunique.com\/fr\/wp-json\/wp\/v2\/product"}],"about":[{"href":"https:\/\/www.muralunique.com\/fr\/wp-json\/wp\/v2\/types\/product"}],"wp:featuredmedia":[{"embeddable":true,"href":"https:\/\/www.muralunique.com\/fr\/wp-json\/wp\/v2\/media\/4781"}],"wp:attachment":[{"href":"https:\/\/www.muralunique.com\/fr\/wp-json\/wp\/v2\/media?parent=4780"}],"wp:term":[{"taxonomy":"product_brand","embeddable":true,"href":"https:\/\/www.muralunique.com\/fr\/wp-json\/wp\/v2\/product_brand?post=4780"},{"taxonomy":"product_cat","embeddable":true,"href":"https:\/\/www.muralunique.com\/fr\/wp-json\/wp\/v2\/product_cat?post=4780"},{"taxonomy":"product_tag","embeddable":true,"href":"https:\/\/www.muralunique.com\/fr\/wp-json\/wp\/v2\/product_tag?post=4780"}],"curies":[{"name":"wp","href":"https:\/\/api.w.org\/{rel}","templated":true}]}}