{"id":48047,"date":"2021-02-23T10:28:18","date_gmt":"2021-02-23T15:28:18","guid":{"rendered":"https:\/\/www.muralunique.com\/?post_type=product&#038;p=48047"},"modified":"2022-03-16T17:38:02","modified_gmt":"2022-03-16T21:38:02","slug":"foret-dhiver-panoramique","status":"publish","type":"product","link":"https:\/\/www.muralunique.com\/fr\/produit\/foret-dhiver-panoramique\/","title":{"rendered":"For\u00eat d&#8217;Hiver Panoramique"},"content":{"rendered":"<p>-Photo murale panoramique d&#8217;une for\u00eat en hiver. Une sc\u00e8ne blanche paisible et relaxante, parfaite pour les amateurs de neige et d&#8217;hiver. \u00c9galement une tr\u00e8s bonne id\u00e9e d\u00e9co pour profiter de la beaut\u00e9 de M\u00e8re Nature toute l&#8217;ann\u00e9e.<\/p>\n<p>-La murale comprend des laizes de 18\u2033 (45cm) de largeur. Par exemple, une murale de 6\u2032 (1,83m) de largeur a 4 laizes et une murale de 12\u2032 (3,66m) de largeur a 8 laizes.<\/p>\n<p>-Murale en papier\u00a0peint pr\u00e9encoll\u00e9e, lavable, s\u2019enl\u00e8ve \u00e0 sec et r\u00e9utilisable. Facile \u00e0 installer, se pose comme du papier\u00a0peint (tapisserie).<\/p>\n<p>-murale for\u00eat d&#8217;hiver panoramique, photo murale for\u00eat d&#8217;hiver panoramique, murale en papier peint for\u00eat d&#8217;hiver panoramique, tapisserie for\u00eat d&#8217;hiver panoramique, murale for\u00eat en hiver, tapisserie for\u00eat en hiver, papier peint for\u00eat en hiver<\/p>\n","protected":false},"excerpt":{"rendered":"<p>-Photo murale panoramique d&#8217;une for\u00eat en hiver. Une sc\u00e8ne blanche paisible et relaxante, parfaite pour les amateurs de neige et d&#8217;hiver. \u00c9galement une tr\u00e8s bonne id\u00e9e d\u00e9co pour profiter de la beaut\u00e9 de M\u00e8re Nature toute l&#8217;ann\u00e9e. -La murale comprend des laizes de 18\u2033 (45cm) de largeur. Par exemple, une murale de 6\u2032 (1,83m) de [&hellip;]<\/p>\n","protected":false},"featured_media":49088,"template":"","meta":{"_acf_changed":false},"product_brand":[],"product_cat":[10434,141,401],"product_tag":[9478,8864,9019,9534,9219,9388,9261,9137,9467],"class_list":{"0":"post-48047","1":"product","2":"type-product","3":"status-publish","4":"has-post-thumbnail","6":"artist-david-chapman-fr","7":"product_cat-images-panoramiques","8":"product_cat-nature-et-paysages","9":"product_cat-tous-nos-produits","10":"product_tag-arbres","11":"product_tag-calme","12":"product_tag-foret","13":"product_tag-hiver","14":"product_tag-nature-fr","15":"product_tag-neige","16":"product_tag-paisible","17":"product_tag-paysage","18":"product_tag-tranquilite","20":"first","21":"instock","22":"taxable","23":"shipping-taxable","24":"purchasable","25":"product-type-variable","26":"has-default-attributes"},"acf":[],"_links":{"self":[{"href":"https:\/\/www.muralunique.com\/fr\/wp-json\/wp\/v2\/product\/48047","targetHints":{"allow":["GET"]}}],"collection":[{"href":"https:\/\/www.muralunique.com\/fr\/wp-json\/wp\/v2\/product"}],"about":[{"href":"https:\/\/www.muralunique.com\/fr\/wp-json\/wp\/v2\/types\/product"}],"wp:featuredmedia":[{"embeddable":true,"href":"https:\/\/www.muralunique.com\/fr\/wp-json\/wp\/v2\/media\/49088"}],"wp:attachment":[{"href":"https:\/\/www.muralunique.com\/fr\/wp-json\/wp\/v2\/media?parent=48047"}],"wp:term":[{"taxonomy":"product_brand","embeddable":true,"href":"https:\/\/www.muralunique.com\/fr\/wp-json\/wp\/v2\/product_brand?post=48047"},{"taxonomy":"product_cat","embeddable":true,"href":"https:\/\/www.muralunique.com\/fr\/wp-json\/wp\/v2\/product_cat?post=48047"},{"taxonomy":"product_tag","embeddable":true,"href":"https:\/\/www.muralunique.com\/fr\/wp-json\/wp\/v2\/product_tag?post=48047"}],"curies":[{"name":"wp","href":"https:\/\/api.w.org\/{rel}","templated":true}]}}