{"id":48071,"date":"2021-02-23T14:07:06","date_gmt":"2021-02-23T19:07:06","guid":{"rendered":"https:\/\/www.muralunique.com\/?post_type=product&#038;p=48071"},"modified":"2022-03-16T17:38:02","modified_gmt":"2022-03-16T21:38:02","slug":"carte-du-monde-sur-un-mur-de-briques","status":"publish","type":"product","link":"https:\/\/www.muralunique.com\/fr\/produit\/carte-du-monde-sur-un-mur-de-briques\/","title":{"rendered":"Carte du Monde sur un Mur de Briques"},"content":{"rendered":"<p>-Carte du monde sur un mur de briques. Murale d&#8217;une texture de briques blanches avec un design d&#8217;une carte du monde sur des briques brunes. Cette murale est tout indiqu\u00e9e pour cr\u00e9er un look chic industriel dans des bureaux commerciaux ou dans votre bureau \u00e0 la maison.<\/p>\n<p>-La murale comprend des laizes de 18\u2033 (45cm) de largeur. Par exemple, une murale de 6\u2032 (1,83m) de largeur a 4 laizes et une murale de 12\u2032 (3,66m) de largeur a 8 laizes.<\/p>\n<p>-Murale en papier\u00a0peint pr\u00e9encoll\u00e9e, lavable, s\u2019enl\u00e8ve \u00e0 sec et r\u00e9utilisable. Facile \u00e0 installer, se pose comme du papier\u00a0peint (tapisserie).<\/p>\n<p>-murale carte du monde sur un mur de briques, tapisserie carte du monde sur un mur de briques, papier peint carte du monde sur un mur de briques, murale texture de briques, papier peint texture de briques, tapisserie texture de briques, murale carte du monde<\/p>\n","protected":false},"excerpt":{"rendered":"<p>-Carte du monde sur un mur de briques. Murale d&#8217;une texture de briques blanches avec un design d&#8217;une carte du monde sur des briques brunes. Cette murale est tout indiqu\u00e9e pour cr\u00e9er un look chic industriel dans des bureaux commerciaux ou dans votre bureau \u00e0 la maison. -La murale comprend des laizes de 18\u2033 (45cm) [&hellip;]<\/p>\n","protected":false},"featured_media":48094,"template":"","meta":{"_acf_changed":false},"product_brand":[],"product_cat":[160,169,401],"product_tag":[8846,8847,9546,9547,9545,8848,9447,9448,9449],"class_list":{"0":"post-48071","1":"product","2":"type-product","3":"status-publish","4":"has-post-thumbnail","6":"product_cat-cartes-et-drapeaux","7":"product_cat-textures-2","8":"product_cat-tous-nos-produits","9":"product_tag-brique","10":"product_tag-briques","11":"product_tag-carte-du-monde","12":"product_tag-cartes-du-monde","13":"product_tag-monde","14":"product_tag-mur-de-briques","15":"product_tag-texture-fr","16":"product_tag-texture-fr-2","17":"product_tag-textures","19":"first","20":"instock","21":"taxable","22":"shipping-taxable","23":"purchasable","24":"product-type-variable","25":"has-default-attributes"},"acf":[],"_links":{"self":[{"href":"https:\/\/www.muralunique.com\/fr\/wp-json\/wp\/v2\/product\/48071","targetHints":{"allow":["GET"]}}],"collection":[{"href":"https:\/\/www.muralunique.com\/fr\/wp-json\/wp\/v2\/product"}],"about":[{"href":"https:\/\/www.muralunique.com\/fr\/wp-json\/wp\/v2\/types\/product"}],"wp:featuredmedia":[{"embeddable":true,"href":"https:\/\/www.muralunique.com\/fr\/wp-json\/wp\/v2\/media\/48094"}],"wp:attachment":[{"href":"https:\/\/www.muralunique.com\/fr\/wp-json\/wp\/v2\/media?parent=48071"}],"wp:term":[{"taxonomy":"product_brand","embeddable":true,"href":"https:\/\/www.muralunique.com\/fr\/wp-json\/wp\/v2\/product_brand?post=48071"},{"taxonomy":"product_cat","embeddable":true,"href":"https:\/\/www.muralunique.com\/fr\/wp-json\/wp\/v2\/product_cat?post=48071"},{"taxonomy":"product_tag","embeddable":true,"href":"https:\/\/www.muralunique.com\/fr\/wp-json\/wp\/v2\/product_tag?post=48071"}],"curies":[{"name":"wp","href":"https:\/\/api.w.org\/{rel}","templated":true}]}}