{"id":4828,"date":"2012-02-23T10:39:52","date_gmt":"2012-02-23T10:39:52","guid":{"rendered":"https:\/\/muralunique.com\/?post_type=product&#038;p=4828"},"modified":"2021-09-15T16:59:35","modified_gmt":"2021-09-15T20:59:35","slug":"match-de-foot","status":"publish","type":"product","link":"https:\/\/www.muralunique.com\/fr\/produit\/match-de-foot\/","title":{"rendered":"Match de Foot"},"content":{"rendered":"<p>-Murale en papier peint pour enfants d&#8217;un match de football (soccer).<\/p>\n<p>-La murale comprend des laizes de 18\u2033 (45cm) de largeur. Par exemple, une murale de 6\u2032 (1,83m) de largeur a 4 laizes et une murale de 12\u2032 (3,66m) de largeur a 8 laizes.<\/p>\n<p>-Murale en papier\u00a0peint pr\u00e9encoll\u00e9e, lavable, s\u2019enl\u00e8ve \u00e0 sec et r\u00e9utilisable. Facile \u00e0 installer, se pose comme du papier\u00a0peint (tapisserie).<\/p>\n<p>-Cette toile est une cr\u00e9ation de Tony Floreani.<\/p>\n<p>-murale d&#8217;un match de foot, murale de soccer, murale en papier peint de soccer, murale de football, tapisserie de sports, papier peint de football<\/p>\n","protected":false},"excerpt":{"rendered":"<p>-Murale en papier peint pour enfants d&#8217;un match de football (soccer). -La murale comprend des laizes de 18\u2033 (45cm) de largeur. Par exemple, une murale de 6\u2032 (1,83m) de largeur a 4 laizes et une murale de 12\u2032 (3,66m) de largeur a 8 laizes. -Murale en papier\u00a0peint pr\u00e9encoll\u00e9e, lavable, s\u2019enl\u00e8ve \u00e0 sec et r\u00e9utilisable. Facile [&hellip;]<\/p>\n","protected":false},"featured_media":4830,"template":"","meta":{"_acf_changed":false},"product_brand":[136],"product_cat":[173,145,401,425],"product_tag":[8994,8894,8895,9439,9427,9017,9018,9125,9286,9042,9391,9399,9400],"class_list":{"0":"post-4828","1":"product","2":"type-product","3":"status-publish","4":"has-post-thumbnail","6":"artist-tony-floreani-fr","7":"product_brand-tony-floreani","8":"product_cat-enfants","9":"product_cat-sports-2","10":"product_cat-tous-nos-produits","11":"product_cat-ultra-haute-d-finition-art","12":"product_tag-champ","13":"product_tag-enfant","14":"product_tag-enfants","15":"product_tag-equipe","16":"product_tag-ete","17":"product_tag-foot-fr","18":"product_tag-football-fr","19":"product_tag-gamins","20":"product_tag-joueurs","21":"product_tag-partie","22":"product_tag-soccer-fr","23":"product_tag-sport","24":"product_tag-sports","26":"first","27":"instock","28":"taxable","29":"shipping-taxable","30":"purchasable","31":"product-type-variable","32":"has-default-attributes"},"acf":[],"_links":{"self":[{"href":"https:\/\/www.muralunique.com\/fr\/wp-json\/wp\/v2\/product\/4828","targetHints":{"allow":["GET"]}}],"collection":[{"href":"https:\/\/www.muralunique.com\/fr\/wp-json\/wp\/v2\/product"}],"about":[{"href":"https:\/\/www.muralunique.com\/fr\/wp-json\/wp\/v2\/types\/product"}],"wp:featuredmedia":[{"embeddable":true,"href":"https:\/\/www.muralunique.com\/fr\/wp-json\/wp\/v2\/media\/4830"}],"wp:attachment":[{"href":"https:\/\/www.muralunique.com\/fr\/wp-json\/wp\/v2\/media?parent=4828"}],"wp:term":[{"taxonomy":"product_brand","embeddable":true,"href":"https:\/\/www.muralunique.com\/fr\/wp-json\/wp\/v2\/product_brand?post=4828"},{"taxonomy":"product_cat","embeddable":true,"href":"https:\/\/www.muralunique.com\/fr\/wp-json\/wp\/v2\/product_cat?post=4828"},{"taxonomy":"product_tag","embeddable":true,"href":"https:\/\/www.muralunique.com\/fr\/wp-json\/wp\/v2\/product_tag?post=4828"}],"curies":[{"name":"wp","href":"https:\/\/api.w.org\/{rel}","templated":true}]}}