{"id":4840,"date":"2012-02-23T10:54:26","date_gmt":"2012-02-23T10:54:26","guid":{"rendered":"https:\/\/muralunique.com\/?post_type=product&#038;p=4840"},"modified":"2021-09-15T16:59:36","modified_gmt":"2021-09-15T20:59:36","slug":"sports-sans-limite","status":"publish","type":"product","link":"https:\/\/www.muralunique.com\/fr\/produit\/sports-sans-limite\/","title":{"rendered":"Sports Sans Limite"},"content":{"rendered":"<p>-Tous les sports avec notre murale sports sans limite!<\/p>\n<p>-La murale comprend des laizes de 18\u2033 (45cm) de largeur. Par exemple, une murale de 6\u2032 (1,83m) de largeur a 4 laizes et une murale de 12\u2032 (3,66m) de largeur a 8 laizes.<\/p>\n<p>-Murale en papier\u00a0peint pr\u00e9encoll\u00e9e, lavable, s\u2019enl\u00e8ve \u00e0 sec et r\u00e9utilisable. Facile \u00e0 installer, se pose comme du papier\u00a0peint (tapisserie).<\/p>\n<p>-Cette toile est une cr\u00e9ation de Tony Floreani.<\/p>\n<p>-murale en papier peint de sports, murale de sports, tapisserie de sports, papier peint de sports pour enfants, murale de sports pour enfants<\/p>\n","protected":false},"excerpt":{"rendered":"<p>-Tous les sports avec notre murale sports sans limite! -La murale comprend des laizes de 18\u2033 (45cm) de largeur. Par exemple, une murale de 6\u2032 (1,83m) de largeur a 4 laizes et une murale de 12\u2032 (3,66m) de largeur a 8 laizes. -Murale en papier\u00a0peint pr\u00e9encoll\u00e9e, lavable, s\u2019enl\u00e8ve \u00e0 sec et r\u00e9utilisable. Facile \u00e0 installer, [&hellip;]<\/p>\n","protected":false},"featured_media":4841,"template":"","meta":{"_acf_changed":false},"product_brand":[136],"product_cat":[131,173,145,401,425],"product_tag":[9441,9442,8803,8805,8894,8895,9018,8765,9125,9088,9374,9378,9391,9399,9400,9444],"class_list":{"0":"post-4840","1":"product","2":"type-product","3":"status-publish","4":"has-post-thumbnail","6":"artist-tony-floreani-fr","7":"product_brand-tony-floreani","8":"product_cat-adolescents","9":"product_cat-enfants","10":"product_cat-sports-2","11":"product_cat-tous-nos-produits","12":"product_cat-ultra-haute-d-finition-art","13":"product_tag-ado","14":"product_tag-adolescents","15":"product_tag-baseball-fr","16":"product_tag-basketball-fr","17":"product_tag-enfant","18":"product_tag-enfants","19":"product_tag-football-fr","20":"product_tag-football-americain","21":"product_tag-gamins","22":"product_tag-hockey-fr","23":"product_tag-planche-a-roulette","24":"product_tag-ski-fr","25":"product_tag-soccer-fr","26":"product_tag-sport","27":"product_tag-sports","28":"product_tag-tennis-fr","30":"first","31":"instock","32":"taxable","33":"shipping-taxable","34":"purchasable","35":"product-type-variable","36":"has-default-attributes"},"acf":[],"_links":{"self":[{"href":"https:\/\/www.muralunique.com\/fr\/wp-json\/wp\/v2\/product\/4840","targetHints":{"allow":["GET"]}}],"collection":[{"href":"https:\/\/www.muralunique.com\/fr\/wp-json\/wp\/v2\/product"}],"about":[{"href":"https:\/\/www.muralunique.com\/fr\/wp-json\/wp\/v2\/types\/product"}],"wp:featuredmedia":[{"embeddable":true,"href":"https:\/\/www.muralunique.com\/fr\/wp-json\/wp\/v2\/media\/4841"}],"wp:attachment":[{"href":"https:\/\/www.muralunique.com\/fr\/wp-json\/wp\/v2\/media?parent=4840"}],"wp:term":[{"taxonomy":"product_brand","embeddable":true,"href":"https:\/\/www.muralunique.com\/fr\/wp-json\/wp\/v2\/product_brand?post=4840"},{"taxonomy":"product_cat","embeddable":true,"href":"https:\/\/www.muralunique.com\/fr\/wp-json\/wp\/v2\/product_cat?post=4840"},{"taxonomy":"product_tag","embeddable":true,"href":"https:\/\/www.muralunique.com\/fr\/wp-json\/wp\/v2\/product_tag?post=4840"}],"curies":[{"name":"wp","href":"https:\/\/api.w.org\/{rel}","templated":true}]}}