{"id":48424,"date":"2021-03-03T14:21:31","date_gmt":"2021-03-03T19:21:31","guid":{"rendered":"https:\/\/www.muralunique.com\/?post_type=product&#038;p=48424"},"modified":"2022-04-16T19:44:06","modified_gmt":"2022-04-16T23:44:06","slug":"texture-de-marbre-en-noir-et-blanc","status":"publish","type":"product","link":"https:\/\/www.muralunique.com\/fr\/produit\/texture-de-marbre-en-noir-et-blanc\/","title":{"rendered":"Texture de Marbre en Noir et Blanc"},"content":{"rendered":"<p>-Murale d&#8217;une texture de marbre en noir et blanc. Une combinaison \u00e9l\u00e9gante de couleurs dans les tons de gris, noir et blanc. Un design sophistiqu\u00e9 qui ajoutera du luxe \u00e0 n&#8217;importe quel espace.<\/p>\n<p>-La murale comprend des laizes de 18\u2033 (45cm) de largeur. Par exemple, une murale de 6\u2032 (1,83m) de largeur a 4 laizes et une murale de 12\u2032 (3,66m) de largeur a 8 laizes.<\/p>\n<p>-Murale en papier\u00a0peint pr\u00e9encoll\u00e9e, lavable, s\u2019enl\u00e8ve \u00e0 sec et r\u00e9utilisable. Facile \u00e0 installer, se pose comme du papier\u00a0peint (tapisserie).<\/p>\n<p>-murale texture de marbre en noir et blanc, photo murale texture de marbre en noir et blanc, papier peint texture de marbre en noir et blanc, tapisserie texture de marbre en noir et blanc, murale texture de marbre, tapisserie texture de marbre<\/p>\n","protected":false},"excerpt":{"rendered":"<p>-Murale d&#8217;une texture de marbre en noir et blanc. Une combinaison \u00e9l\u00e9gante de couleurs dans les tons de gris, noir et blanc. Un design sophistiqu\u00e9 qui ajoutera du luxe \u00e0 n&#8217;importe quel espace. -La murale comprend des laizes de 18\u2033 (45cm) de largeur. Par exemple, une murale de 6\u2032 (1,83m) de largeur a 4 laizes [&hellip;]<\/p>\n","protected":false},"featured_media":86498,"template":"","meta":{"_acf_changed":false},"product_brand":[],"product_cat":[169,401],"product_tag":[9174,9447,9448,9449],"class_list":{"0":"post-48424","1":"product","2":"type-product","3":"status-publish","4":"has-post-thumbnail","6":"product_cat-textures-2","7":"product_cat-tous-nos-produits","8":"product_tag-marbre","9":"product_tag-texture-fr","10":"product_tag-texture-fr-2","11":"product_tag-textures","13":"first","14":"instock","15":"taxable","16":"shipping-taxable","17":"purchasable","18":"product-type-variable","19":"has-default-attributes"},"acf":[],"_links":{"self":[{"href":"https:\/\/www.muralunique.com\/fr\/wp-json\/wp\/v2\/product\/48424","targetHints":{"allow":["GET"]}}],"collection":[{"href":"https:\/\/www.muralunique.com\/fr\/wp-json\/wp\/v2\/product"}],"about":[{"href":"https:\/\/www.muralunique.com\/fr\/wp-json\/wp\/v2\/types\/product"}],"wp:featuredmedia":[{"embeddable":true,"href":"https:\/\/www.muralunique.com\/fr\/wp-json\/wp\/v2\/media\/86498"}],"wp:attachment":[{"href":"https:\/\/www.muralunique.com\/fr\/wp-json\/wp\/v2\/media?parent=48424"}],"wp:term":[{"taxonomy":"product_brand","embeddable":true,"href":"https:\/\/www.muralunique.com\/fr\/wp-json\/wp\/v2\/product_brand?post=48424"},{"taxonomy":"product_cat","embeddable":true,"href":"https:\/\/www.muralunique.com\/fr\/wp-json\/wp\/v2\/product_cat?post=48424"},{"taxonomy":"product_tag","embeddable":true,"href":"https:\/\/www.muralunique.com\/fr\/wp-json\/wp\/v2\/product_tag?post=48424"}],"curies":[{"name":"wp","href":"https:\/\/api.w.org\/{rel}","templated":true}]}}