{"id":4852,"date":"2012-02-23T11:05:03","date_gmt":"2012-02-23T11:05:03","guid":{"rendered":"https:\/\/muralunique.com\/?post_type=product&#038;p=4852"},"modified":"2025-07-30T15:11:23","modified_gmt":"2025-07-30T19:11:23","slug":"brise-dete","status":"publish","type":"product","link":"https:\/\/www.muralunique.com\/fr\/produit\/brise-dete\/","title":{"rendered":"Brise d&#8217;\u00c9t\u00e9"},"content":{"rendered":"<p>-Murale en papier peint originale d&#8217;une brise d&#8217;\u00e9t\u00e9.<\/p>\n<p>-La murale comprend des laizes de 18\u2033 (45cm) de largeur. Par exemple, une murale de 6\u2032 (1,83m) de largeur a 4 laizes et une murale de 12\u2032 (3,66m) de largeur a 8 laizes.<\/p>\n<p>-Murale en papier\u00a0peint pr\u00e9encoll\u00e9e, lavable, s\u2019enl\u00e8ve \u00e0 sec et r\u00e9utilisable. Facile \u00e0 installer, se pose comme du papier\u00a0peint (tapisserie).<\/p>\n<p>-Cette toile est une cr\u00e9ation de Ruth Baker.<\/p>\n<p>-murale brise d&#8217;\u00e9t\u00e9, murale en papier peint abstraite, murale pour enfants, papier peint papillons, tapisserie chambre d&#8217;enfants<\/p>\n","protected":false},"excerpt":{"rendered":"<p>-Murale en papier peint originale d&#8217;une brise d&#8217;\u00e9t\u00e9. -La murale comprend des laizes de 18\u2033 (45cm) de largeur. Par exemple, une murale de 6\u2032 (1,83m) de largeur a 4 laizes et une murale de 12\u2032 (3,66m) de largeur a 8 laizes. -Murale en papier\u00a0peint pr\u00e9encoll\u00e9e, lavable, s\u2019enl\u00e8ve \u00e0 sec et r\u00e9utilisable. Facile \u00e0 installer, se [&hellip;]<\/p>\n","protected":false},"featured_media":4853,"template":"","meta":{"_acf_changed":false},"product_brand":[152],"product_cat":[173,150,401,425],"product_tag":[8791,8790,8845,8894,8895,9427,9031,9030,9125,8859,8858,9810,8937,9401,9527],"class_list":{"0":"post-4852","1":"product","2":"type-product","3":"status-publish","4":"has-post-thumbnail","6":"artist-ruth-baker-fr","7":"product_brand-ruth-baker","8":"product_cat-enfants","9":"product_cat-fleurs-et-feuillages","10":"product_cat-tous-nos-produits","11":"product_cat-ultra-haute-d-finition-art","12":"product_tag-bebe","13":"product_tag-bebes","14":"product_tag-brise","15":"product_tag-enfant","16":"product_tag-enfants","17":"product_tag-ete","18":"product_tag-fraicheur","19":"product_tag-frais","20":"product_tag-gamins","21":"product_tag-papillon","22":"product_tag-papillons","23":"product_tag-pissenlit","24":"product_tag-pissenlits","25":"product_tag-printemps-fr","26":"product_tag-vent","28":"first","29":"instock","30":"taxable","31":"shipping-taxable","32":"purchasable","33":"product-type-variable","34":"has-default-attributes"},"acf":[],"_links":{"self":[{"href":"https:\/\/www.muralunique.com\/fr\/wp-json\/wp\/v2\/product\/4852","targetHints":{"allow":["GET"]}}],"collection":[{"href":"https:\/\/www.muralunique.com\/fr\/wp-json\/wp\/v2\/product"}],"about":[{"href":"https:\/\/www.muralunique.com\/fr\/wp-json\/wp\/v2\/types\/product"}],"wp:featuredmedia":[{"embeddable":true,"href":"https:\/\/www.muralunique.com\/fr\/wp-json\/wp\/v2\/media\/4853"}],"wp:attachment":[{"href":"https:\/\/www.muralunique.com\/fr\/wp-json\/wp\/v2\/media?parent=4852"}],"wp:term":[{"taxonomy":"product_brand","embeddable":true,"href":"https:\/\/www.muralunique.com\/fr\/wp-json\/wp\/v2\/product_brand?post=4852"},{"taxonomy":"product_cat","embeddable":true,"href":"https:\/\/www.muralunique.com\/fr\/wp-json\/wp\/v2\/product_cat?post=4852"},{"taxonomy":"product_tag","embeddable":true,"href":"https:\/\/www.muralunique.com\/fr\/wp-json\/wp\/v2\/product_tag?post=4852"}],"curies":[{"name":"wp","href":"https:\/\/api.w.org\/{rel}","templated":true}]}}