{"id":48607,"date":"2021-03-08T12:19:12","date_gmt":"2021-03-08T17:19:12","guid":{"rendered":"https:\/\/www.muralunique.com\/?post_type=product&#038;p=48607"},"modified":"2022-03-16T17:38:01","modified_gmt":"2022-03-16T21:38:01","slug":"village-arc-en-ciel-pour-enfants","status":"publish","type":"product","link":"https:\/\/www.muralunique.com\/fr\/produit\/village-arc-en-ciel-pour-enfants\/","title":{"rendered":"Village Arc-en-Ciel pour Enfants"},"content":{"rendered":"<p><span lang=\"fr\">-Murale en papier peint pour enfants repr\u00e9sentant un village avec de jolies petites maisons, de petites montagnes verdoyantes, un arc-en-ciel color\u00e9 et de jolies montgolfi\u00e8res. Le petit village parfait pour donner vie \u00e0 une chambre de b\u00e9b\u00e9 ou \u00e0 une chambre d&#8217;enfants.<\/span><\/p>\n<p>-La murale comprend des laizes de 18\u2033 (45cm) de largeur. Par exemple, une murale de 6\u2032 (1,83m) de largeur a 4 laizes et une murale de 12\u2032 (3,66m) de largeur a 8 laizes.<\/p>\n<p>-Murale en papier\u00a0peint pr\u00e9encoll\u00e9e, lavable, s\u2019enl\u00e8ve \u00e0 sec et r\u00e9utilisable. Facile \u00e0 installer, se pose comme du papier\u00a0peint (tapisserie).<\/p>\n<p>-murale village arc-en-ciel pour enfants, papier peint village arc-en-ciel pour enfants, tapisserie village arc-en-ciel pour enfants, murale en papier peint village arc-en-ciel pour enfants, murale pour enfants, papier peint pour enfants, tapisserie pour enfants<\/p>\n","protected":false},"excerpt":{"rendered":"<p>-Murale en papier peint pour enfants repr\u00e9sentant un village avec de jolies petites maisons, de petites montagnes verdoyantes, un arc-en-ciel color\u00e9 et de jolies montgolfi\u00e8res. Le petit village parfait pour donner vie \u00e0 une chambre de b\u00e9b\u00e9 ou \u00e0 une chambre d&#8217;enfants. -La murale comprend des laizes de 18\u2033 (45cm) de largeur. Par exemple, une [&hellip;]<\/p>\n","protected":false},"featured_media":48606,"template":"","meta":{"_acf_changed":false},"product_brand":[],"product_cat":[173,401],"product_tag":[9312,8791,8790,8894,8895,9125,9099,9209,9097,9510],"class_list":{"0":"post-48607","1":"product","2":"type-product","3":"status-publish","4":"has-post-thumbnail","6":"product_cat-enfants","7":"product_cat-tous-nos-produits","8":"product_tag-arc-en-ciel","9":"product_tag-bebe","10":"product_tag-bebes","11":"product_tag-enfant","12":"product_tag-enfants","13":"product_tag-gamins","14":"product_tag-maisons","15":"product_tag-montagnes","16":"product_tag-montgolfieres","17":"product_tag-village-fr","19":"first","20":"instock","21":"taxable","22":"shipping-taxable","23":"purchasable","24":"product-type-variable","25":"has-default-attributes"},"acf":[],"_links":{"self":[{"href":"https:\/\/www.muralunique.com\/fr\/wp-json\/wp\/v2\/product\/48607","targetHints":{"allow":["GET"]}}],"collection":[{"href":"https:\/\/www.muralunique.com\/fr\/wp-json\/wp\/v2\/product"}],"about":[{"href":"https:\/\/www.muralunique.com\/fr\/wp-json\/wp\/v2\/types\/product"}],"wp:featuredmedia":[{"embeddable":true,"href":"https:\/\/www.muralunique.com\/fr\/wp-json\/wp\/v2\/media\/48606"}],"wp:attachment":[{"href":"https:\/\/www.muralunique.com\/fr\/wp-json\/wp\/v2\/media?parent=48607"}],"wp:term":[{"taxonomy":"product_brand","embeddable":true,"href":"https:\/\/www.muralunique.com\/fr\/wp-json\/wp\/v2\/product_brand?post=48607"},{"taxonomy":"product_cat","embeddable":true,"href":"https:\/\/www.muralunique.com\/fr\/wp-json\/wp\/v2\/product_cat?post=48607"},{"taxonomy":"product_tag","embeddable":true,"href":"https:\/\/www.muralunique.com\/fr\/wp-json\/wp\/v2\/product_tag?post=48607"}],"curies":[{"name":"wp","href":"https:\/\/api.w.org\/{rel}","templated":true}]}}