{"id":4878,"date":"2012-02-23T12:02:22","date_gmt":"2012-02-23T12:02:22","guid":{"rendered":"https:\/\/muralunique.com\/?post_type=product&#038;p=4878"},"modified":"2022-04-16T19:43:54","modified_gmt":"2022-04-16T23:43:54","slug":"larbre-de-vie-brun","status":"publish","type":"product","link":"https:\/\/www.muralunique.com\/fr\/produit\/larbre-de-vie-brun\/","title":{"rendered":"L&#8217;Arbre de Vie (brun)"},"content":{"rendered":"<p>-Magnifique murale en papier peint d&#8217;un arbre avec un fond brun.<\/p>\n<p>-La murale comprend des laizes de 18\u2033 (45cm) de largeur. Par exemple, une murale de 6\u2032 (1,83m) de largeur a 4 laizes et une murale de 12\u2032 (3,66m) de largeur a 8 laizes.<\/p>\n<p>-Murale en papier\u00a0peint pr\u00e9encoll\u00e9e, lavable, s\u2019enl\u00e8ve \u00e0 sec et r\u00e9utilisable. Facile \u00e0 installer, se pose comme du papier\u00a0peint (tapisserie).<\/p>\n<p>-Cette toile est une cr\u00e9ation de Ruth Baker.<\/p>\n<p>-murale l&#8217;arbre de vie, murale arbre, papier peint arbre, tapisserie arbre, murale d&#8217;un arbre<\/p>\n","protected":false},"excerpt":{"rendered":"<p>-Magnifique murale en papier peint d&#8217;un arbre avec un fond brun. -La murale comprend des laizes de 18\u2033 (45cm) de largeur. Par exemple, une murale de 6\u2032 (1,83m) de largeur a 4 laizes et une murale de 12\u2032 (3,66m) de largeur a 8 laizes. -Murale en papier\u00a0peint pr\u00e9encoll\u00e9e, lavable, s\u2019enl\u00e8ve \u00e0 sec et r\u00e9utilisable. Facile [&hellip;]<\/p>\n","protected":false},"featured_media":4879,"template":"","meta":{"_acf_changed":false},"product_brand":[152],"product_cat":[173,401,425],"product_tag":[9477,9478,8791,8790,8864,8894,8895,9427,9125,8824,9261,8859,8858,9401,9372,9467],"class_list":{"0":"post-4878","1":"product","2":"type-product","3":"status-publish","4":"has-post-thumbnail","6":"artist-ruth-baker-fr","7":"product_brand-ruth-baker","8":"product_cat-enfants","9":"product_cat-tous-nos-produits","10":"product_cat-ultra-haute-d-finition-art","11":"product_tag-arbre","12":"product_tag-arbres","13":"product_tag-bebe","14":"product_tag-bebes","15":"product_tag-calme","16":"product_tag-enfant","17":"product_tag-enfants","18":"product_tag-ete","19":"product_tag-gamins","20":"product_tag-oiseaux","21":"product_tag-paisible","22":"product_tag-papillon","23":"product_tag-papillons","24":"product_tag-printemps-fr","25":"product_tag-simplicite","26":"product_tag-tranquilite","28":"first","29":"instock","30":"taxable","31":"shipping-taxable","32":"purchasable","33":"product-type-variable","34":"has-default-attributes"},"acf":[],"_links":{"self":[{"href":"https:\/\/www.muralunique.com\/fr\/wp-json\/wp\/v2\/product\/4878","targetHints":{"allow":["GET"]}}],"collection":[{"href":"https:\/\/www.muralunique.com\/fr\/wp-json\/wp\/v2\/product"}],"about":[{"href":"https:\/\/www.muralunique.com\/fr\/wp-json\/wp\/v2\/types\/product"}],"wp:featuredmedia":[{"embeddable":true,"href":"https:\/\/www.muralunique.com\/fr\/wp-json\/wp\/v2\/media\/4879"}],"wp:attachment":[{"href":"https:\/\/www.muralunique.com\/fr\/wp-json\/wp\/v2\/media?parent=4878"}],"wp:term":[{"taxonomy":"product_brand","embeddable":true,"href":"https:\/\/www.muralunique.com\/fr\/wp-json\/wp\/v2\/product_brand?post=4878"},{"taxonomy":"product_cat","embeddable":true,"href":"https:\/\/www.muralunique.com\/fr\/wp-json\/wp\/v2\/product_cat?post=4878"},{"taxonomy":"product_tag","embeddable":true,"href":"https:\/\/www.muralunique.com\/fr\/wp-json\/wp\/v2\/product_tag?post=4878"}],"curies":[{"name":"wp","href":"https:\/\/api.w.org\/{rel}","templated":true}]}}