{"id":4912,"date":"2012-02-23T13:04:34","date_gmt":"2012-02-23T13:04:34","guid":{"rendered":"https:\/\/muralunique.com\/?post_type=product&#038;p=4912"},"modified":"2025-09-30T16:19:57","modified_gmt":"2025-09-30T20:19:57","slug":"gerbera","status":"publish","type":"product","link":"https:\/\/www.muralunique.com\/fr\/produit\/gerbera\/","title":{"rendered":"Gerbera"},"content":{"rendered":"<p>-Murale en papier peint circulaire pr\u00e9coup\u00e9e d&#8217;une gerbera.<\/p>\n<p>-La murale mesure 7.5&#8242; (2,29m) de diam\u00e8tre.<\/p>\n<p>-Compos\u00e9e de\u00a05\u00a0laizes de 18&#8243; (45cm) de largeur par 7.5&#8242; (2,29m) de hauteur \u00e0 son point le plus haut.<\/p>\n<p>-Murale en papier\u00a0peint pr\u00e9encoll\u00e9e, lavable, s&#8217;enl\u00e8ve \u00e0 sec et r\u00e9utilisable. Facile \u00e0 installer, se pose comme du papier\u00a0peint (tapisserie).<\/p>\n<p>-Photograhie de Frank Baker.<\/p>\n<p>-murale d&#8217;une fleur rose, tapisserie de fleurs, murale de fleur, papier peint de fleurs, tapisserie pour filles<\/p>\n","protected":false},"excerpt":{"rendered":"<p>-Murale en papier peint circulaire pr\u00e9coup\u00e9e d&#8217;une gerbera. -La murale mesure 7.5&#8242; (2,29m) de diam\u00e8tre. -Compos\u00e9e de\u00a05\u00a0laizes de 18&#8243; (45cm) de largeur par 7.5&#8242; (2,29m) de hauteur \u00e0 son point le plus haut. -Murale en papier\u00a0peint pr\u00e9encoll\u00e9e, lavable, s&#8217;enl\u00e8ve \u00e0 sec et r\u00e9utilisable. Facile \u00e0 installer, se pose comme du papier\u00a0peint (tapisserie). -Photograhie de Frank [&hellip;]<\/p>\n","protected":false},"featured_media":4913,"template":"","meta":{"_acf_changed":false},"product_brand":[149],"product_cat":[173,150,321,401],"product_tag":[9009,9010,9006,9048],"class_list":{"0":"post-4912","1":"product","2":"type-product","3":"status-publish","4":"has-post-thumbnail","6":"artist-frank-baker-fr","7":"product_brand-frank-baker-2","8":"product_cat-enfants","9":"product_cat-fleurs-et-feuillages","10":"product_cat-murales-circulaires","11":"product_cat-tous-nos-produits","12":"product_tag-fleur","13":"product_tag-fleurs","14":"product_tag-floral-fr","15":"product_tag-gerbera-fr","17":"first","18":"instock","19":"taxable","20":"shipping-taxable","21":"purchasable","22":"product-type-variable","23":"has-default-attributes"},"acf":[],"_links":{"self":[{"href":"https:\/\/www.muralunique.com\/fr\/wp-json\/wp\/v2\/product\/4912","targetHints":{"allow":["GET"]}}],"collection":[{"href":"https:\/\/www.muralunique.com\/fr\/wp-json\/wp\/v2\/product"}],"about":[{"href":"https:\/\/www.muralunique.com\/fr\/wp-json\/wp\/v2\/types\/product"}],"wp:featuredmedia":[{"embeddable":true,"href":"https:\/\/www.muralunique.com\/fr\/wp-json\/wp\/v2\/media\/4913"}],"wp:attachment":[{"href":"https:\/\/www.muralunique.com\/fr\/wp-json\/wp\/v2\/media?parent=4912"}],"wp:term":[{"taxonomy":"product_brand","embeddable":true,"href":"https:\/\/www.muralunique.com\/fr\/wp-json\/wp\/v2\/product_brand?post=4912"},{"taxonomy":"product_cat","embeddable":true,"href":"https:\/\/www.muralunique.com\/fr\/wp-json\/wp\/v2\/product_cat?post=4912"},{"taxonomy":"product_tag","embeddable":true,"href":"https:\/\/www.muralunique.com\/fr\/wp-json\/wp\/v2\/product_tag?post=4912"}],"curies":[{"name":"wp","href":"https:\/\/api.w.org\/{rel}","templated":true}]}}