{"id":4938,"date":"2012-02-27T08:59:37","date_gmt":"2012-02-27T08:59:37","guid":{"rendered":"https:\/\/muralunique.com\/?post_type=product&#038;p=4938"},"modified":"2022-04-16T19:44:25","modified_gmt":"2022-04-16T23:44:25","slug":"le-souhait-de-sarah","status":"publish","type":"product","link":"https:\/\/www.muralunique.com\/fr\/produit\/le-souhait-de-sarah\/","title":{"rendered":"Le Souhait de Sarah"},"content":{"rendered":"<p>-Photo murale en papier peint\u00a0originale d&#8217;un pissenlit (par Sarah Reeder).<\/p>\n<p>-La murale comprend des laizes de 18\u2033 (45cm) de largeur. Par exemple, une murale de 6\u2032 (1,83m) de largeur a 4 laizes et une murale de 12\u2032 (3,66m) de largeur a 8 laizes.<\/p>\n<p>-Murale en papier\u00a0peint pr\u00e9encoll\u00e9e, lavable, s\u2019enl\u00e8ve \u00e0 sec et r\u00e9utilisable. Facile \u00e0 installer, se pose comme du papier\u00a0peint (tapisserie).<\/p>\n<p>-Photographie de Sarah Reeder. Vous pouvez communiquer avec Sarah \u00e0 <a href=\"mailto:classicperfection@ntlworld.com\">classicperfection@ntlworld.com<\/a>.<\/p>\n<p>-murale pissenlit, photo murale pissenlit, murale en papier peint pissenlit, tapisserie pissenlit, murale florale<\/p>\n","protected":false},"excerpt":{"rendered":"<p>-Photo murale en papier peint\u00a0originale d&#8217;un pissenlit (par Sarah Reeder). -La murale comprend des laizes de 18\u2033 (45cm) de largeur. Par exemple, une murale de 6\u2032 (1,83m) de largeur a 4 laizes et une murale de 12\u2032 (3,66m) de largeur a 8 laizes. -Murale en papier\u00a0peint pr\u00e9encoll\u00e9e, lavable, s\u2019enl\u00e8ve \u00e0 sec et r\u00e9utilisable. Facile \u00e0 [&hellip;]<\/p>\n","protected":false},"featured_media":4939,"template":"","meta":{"_acf_changed":false},"product_brand":[172],"product_cat":[150,401],"product_tag":[9009,9010,9006,9167,8937,8905],"class_list":{"0":"post-4938","1":"product","2":"type-product","3":"status-publish","4":"has-post-thumbnail","6":"artist-sarah-reeder-fr","7":"product_brand-sarah-reeder","8":"product_cat-fleurs-et-feuillages","9":"product_cat-tous-nos-produits","10":"product_tag-fleur","11":"product_tag-fleurs","12":"product_tag-floral-fr","13":"product_tag-macro-fr","14":"product_tag-pissenlits","15":"product_tag-plan-rapproche","17":"first","18":"instock","19":"taxable","20":"shipping-taxable","21":"purchasable","22":"product-type-variable","23":"has-default-attributes"},"acf":[],"_links":{"self":[{"href":"https:\/\/www.muralunique.com\/fr\/wp-json\/wp\/v2\/product\/4938","targetHints":{"allow":["GET"]}}],"collection":[{"href":"https:\/\/www.muralunique.com\/fr\/wp-json\/wp\/v2\/product"}],"about":[{"href":"https:\/\/www.muralunique.com\/fr\/wp-json\/wp\/v2\/types\/product"}],"wp:featuredmedia":[{"embeddable":true,"href":"https:\/\/www.muralunique.com\/fr\/wp-json\/wp\/v2\/media\/4939"}],"wp:attachment":[{"href":"https:\/\/www.muralunique.com\/fr\/wp-json\/wp\/v2\/media?parent=4938"}],"wp:term":[{"taxonomy":"product_brand","embeddable":true,"href":"https:\/\/www.muralunique.com\/fr\/wp-json\/wp\/v2\/product_brand?post=4938"},{"taxonomy":"product_cat","embeddable":true,"href":"https:\/\/www.muralunique.com\/fr\/wp-json\/wp\/v2\/product_cat?post=4938"},{"taxonomy":"product_tag","embeddable":true,"href":"https:\/\/www.muralunique.com\/fr\/wp-json\/wp\/v2\/product_tag?post=4938"}],"curies":[{"name":"wp","href":"https:\/\/api.w.org\/{rel}","templated":true}]}}