{"id":49535,"date":"2021-03-29T11:54:25","date_gmt":"2021-03-29T15:54:25","guid":{"rendered":"https:\/\/www.muralunique.com\/?post_type=product&#038;p=49535"},"modified":"2022-03-16T17:38:01","modified_gmt":"2022-03-16T21:38:01","slug":"marbre-beige","status":"publish","type":"product","link":"https:\/\/www.muralunique.com\/fr\/produit\/marbre-beige\/","title":{"rendered":"Marbre Beige"},"content":{"rendered":"<p><span class=\"VIiyi\" lang=\"fr\"><span class=\"JLqJ4b ChMk0b\" data-language-for-alternatives=\"fr\" data-language-to-translate-into=\"en\" data-phrase-index=\"0\">-Murale en papier peint d&#8217;une texture de marbre beige.<\/span> <span class=\"JLqJ4b ChMk0b\" data-language-for-alternatives=\"fr\" data-language-to-translate-into=\"en\" data-phrase-index=\"1\">Un design classique et tendance, parfait pour cr\u00e9er un mur accent dans votre maison.<\/span> <span class=\"JLqJ4b ChMk0b\" data-language-for-alternatives=\"fr\" data-language-to-translate-into=\"en\" data-phrase-index=\"2\">Les papiers peints \u00e0 texture de marbre sont une excellente id\u00e9e pour un salon, une chambre \u00e0 coucher ou une salle de bain.<\/span><\/span><\/p>\n<p>-La murale comprend des laizes de 18\u2033 (45cm) de largeur. Par exemple, une murale de 6\u2032 (1,83m) de largeur a 4 laizes et une murale de 12\u2032 (3,66m) de largeur a 8 laizes.<\/p>\n<p>-Murale en papier\u00a0peint pr\u00e9encoll\u00e9e, lavable, s\u2019enl\u00e8ve \u00e0 sec et r\u00e9utilisable. Facile \u00e0 installer, se pose comme du papier\u00a0peint (tapisserie).<\/p>\n<p>-murale marbre beige, murale en papier peint marbre beige, tapisserie marbre beige, papier peint marbre beige, murale en papier peint texture de marbre beige, tapisserie texture de marbre beige, papier peint texture de marbre beige<\/p>\n","protected":false},"excerpt":{"rendered":"<p>-Murale en papier peint d&#8217;une texture de marbre beige. Un design classique et tendance, parfait pour cr\u00e9er un mur accent dans votre maison. Les papiers peints \u00e0 texture de marbre sont une excellente id\u00e9e pour un salon, une chambre \u00e0 coucher ou une salle de bain. -La murale comprend des laizes de 18\u2033 (45cm) de [&hellip;]<\/p>\n","protected":false},"featured_media":49534,"template":"","meta":{"_acf_changed":false},"product_brand":[],"product_cat":[169,401],"product_tag":[9174,9447,9448,9449],"class_list":{"0":"post-49535","1":"product","2":"type-product","3":"status-publish","4":"has-post-thumbnail","6":"product_cat-textures-2","7":"product_cat-tous-nos-produits","8":"product_tag-marbre","9":"product_tag-texture-fr","10":"product_tag-texture-fr-2","11":"product_tag-textures","13":"first","14":"instock","15":"taxable","16":"shipping-taxable","17":"purchasable","18":"product-type-variable","19":"has-default-attributes"},"acf":[],"_links":{"self":[{"href":"https:\/\/www.muralunique.com\/fr\/wp-json\/wp\/v2\/product\/49535","targetHints":{"allow":["GET"]}}],"collection":[{"href":"https:\/\/www.muralunique.com\/fr\/wp-json\/wp\/v2\/product"}],"about":[{"href":"https:\/\/www.muralunique.com\/fr\/wp-json\/wp\/v2\/types\/product"}],"wp:featuredmedia":[{"embeddable":true,"href":"https:\/\/www.muralunique.com\/fr\/wp-json\/wp\/v2\/media\/49534"}],"wp:attachment":[{"href":"https:\/\/www.muralunique.com\/fr\/wp-json\/wp\/v2\/media?parent=49535"}],"wp:term":[{"taxonomy":"product_brand","embeddable":true,"href":"https:\/\/www.muralunique.com\/fr\/wp-json\/wp\/v2\/product_brand?post=49535"},{"taxonomy":"product_cat","embeddable":true,"href":"https:\/\/www.muralunique.com\/fr\/wp-json\/wp\/v2\/product_cat?post=49535"},{"taxonomy":"product_tag","embeddable":true,"href":"https:\/\/www.muralunique.com\/fr\/wp-json\/wp\/v2\/product_tag?post=49535"}],"curies":[{"name":"wp","href":"https:\/\/api.w.org\/{rel}","templated":true}]}}