{"id":4982,"date":"2012-02-27T09:54:57","date_gmt":"2012-02-27T09:54:57","guid":{"rendered":"https:\/\/muralunique.com\/?post_type=product&#038;p=4982"},"modified":"2021-09-15T16:59:25","modified_gmt":"2021-09-15T20:59:25","slug":"gazon","status":"publish","type":"product","link":"https:\/\/www.muralunique.com\/fr\/produit\/gazon\/","title":{"rendered":"Gazon"},"content":{"rendered":"<p>-Une murale en papier peint\u00a0tr\u00e8s originale de gazon (photo murale).<\/p>\n<p>-La murale comprend des laizes de 18&#8243; (45cm) de largeur. Par exemple, une murale de 6&#8242; (1,83m) de largeur a 4 laizes et une murale de 12&#8242; (3,66m) de largeur a 8 laizes.<\/p>\n<p>-Murale en papier\u00a0peint pr\u00e9encoll\u00e9e, lavable, s&#8217;enl\u00e8ve \u00e0 sec et r\u00e9utilisable. Facile \u00e0 installer, se pose comme du papier\u00a0peint (tapisserie).<\/p>\n<p>-murale gazon, papier peint gazon, tapisserie gazon, murale en papier peint gazon, murale gazon vert<\/p>\n<p>&nbsp;<\/p>\n<p>-.<\/p>\n","protected":false},"excerpt":{"rendered":"<p>-Une murale en papier peint\u00a0tr\u00e8s originale de gazon (photo murale). -La murale comprend des laizes de 18&#8243; (45cm) de largeur. Par exemple, une murale de 6&#8242; (1,83m) de largeur a 4 laizes et une murale de 12&#8242; (3,66m) de largeur a 8 laizes. -Murale en papier\u00a0peint pr\u00e9encoll\u00e9e, lavable, s&#8217;enl\u00e8ve \u00e0 sec et r\u00e9utilisable. Facile \u00e0 [&hellip;]<\/p>\n","protected":false},"featured_media":4983,"template":"","meta":{"_acf_changed":false},"product_brand":[203],"product_cat":[150,401],"product_tag":[9014,9063,9167,9219,8905],"class_list":{"0":"post-4982","1":"product","2":"type-product","3":"status-publish","4":"has-post-thumbnail","6":"product_brand-muralunique-com","7":"product_cat-fleurs-et-feuillages","8":"product_cat-tous-nos-produits","9":"product_tag-feuillage","10":"product_tag-gazon","11":"product_tag-macro-fr","12":"product_tag-nature-fr","13":"product_tag-plan-rapproche","15":"first","16":"instock","17":"taxable","18":"shipping-taxable","19":"purchasable","20":"product-type-variable","21":"has-default-attributes"},"acf":[],"_links":{"self":[{"href":"https:\/\/www.muralunique.com\/fr\/wp-json\/wp\/v2\/product\/4982","targetHints":{"allow":["GET"]}}],"collection":[{"href":"https:\/\/www.muralunique.com\/fr\/wp-json\/wp\/v2\/product"}],"about":[{"href":"https:\/\/www.muralunique.com\/fr\/wp-json\/wp\/v2\/types\/product"}],"wp:featuredmedia":[{"embeddable":true,"href":"https:\/\/www.muralunique.com\/fr\/wp-json\/wp\/v2\/media\/4983"}],"wp:attachment":[{"href":"https:\/\/www.muralunique.com\/fr\/wp-json\/wp\/v2\/media?parent=4982"}],"wp:term":[{"taxonomy":"product_brand","embeddable":true,"href":"https:\/\/www.muralunique.com\/fr\/wp-json\/wp\/v2\/product_brand?post=4982"},{"taxonomy":"product_cat","embeddable":true,"href":"https:\/\/www.muralunique.com\/fr\/wp-json\/wp\/v2\/product_cat?post=4982"},{"taxonomy":"product_tag","embeddable":true,"href":"https:\/\/www.muralunique.com\/fr\/wp-json\/wp\/v2\/product_tag?post=4982"}],"curies":[{"name":"wp","href":"https:\/\/api.w.org\/{rel}","templated":true}]}}