{"id":5022,"date":"2012-02-27T11:10:29","date_gmt":"2012-02-27T11:10:29","guid":{"rendered":"https:\/\/muralunique.com\/?post_type=product&#038;p=5022"},"modified":"2021-09-15T16:59:29","modified_gmt":"2021-09-15T20:59:29","slug":"vue-sur-le-jardin","status":"publish","type":"product","link":"https:\/\/www.muralunique.com\/fr\/produit\/vue-sur-le-jardin\/","title":{"rendered":"Vue sur le Jardin"},"content":{"rendered":"<p>-Magnifique murale en papier peint\u00a0trompe l&#8217;oeil provenant d&#8217;une cr\u00e9ation originale de Susanna Lamy.<\/p>\n<p>-La murale comprend des laizes de 18&#8243; (45cm) de largeur. Par exemple, une murale de 6&#8242; (1,83m) de largeur a 4 laizes et une murale de 12&#8242; (3,66m) de largeur a 8 laizes.<\/p>\n<p>-Murale en papier peint pr\u00e9encoll\u00e9e, lavable, s&#8217;enl\u00e8ve \u00e0 sec et r\u00e9utilisable. Facile \u00e0 installer, se pose comme du papier peint (tapisserie).<\/p>\n<p>-Cette toile est une cr\u00e9ation de Susanna Lamy. Vous pouvez rejoindre Susanna Lamy \u00e0 <a href=\"mailto:artistico@rogers.com\">artistico@rogers.com<\/a>.<\/p>\n<p>-murale vue sur le jardin, papier peint vue sur le jardin, murale jardin, papier peint jardin, murale trompe l&#8217;oeil<\/p>\n<p>&nbsp;<\/p>\n","protected":false},"excerpt":{"rendered":"<p>-Magnifique murale en papier peint\u00a0trompe l&#8217;oeil provenant d&#8217;une cr\u00e9ation originale de Susanna Lamy. -La murale comprend des laizes de 18&#8243; (45cm) de largeur. Par exemple, une murale de 6&#8242; (1,83m) de largeur a 4 laizes et une murale de 12&#8242; (3,66m) de largeur a 8 laizes. -Murale en papier peint pr\u00e9encoll\u00e9e, lavable, s&#8217;enl\u00e8ve \u00e0 sec [&hellip;]<\/p>\n","protected":false},"featured_media":5023,"template":"","meta":{"_acf_changed":false},"product_brand":[158],"product_cat":[150,401,163,425],"product_tag":[8777,8779,8864,9427,9014,9010,9006,9044,9219,9261,8953,9467,9483,9612,9485],"class_list":{"0":"post-5022","1":"product","2":"type-product","3":"status-publish","4":"has-post-thumbnail","6":"artist-susanna-lamy-fr","7":"product_brand-susanna-lamy","8":"product_cat-fleurs-et-feuillages","9":"product_cat-tous-nos-produits","10":"product_cat-trompe-loeil","11":"product_cat-ultra-haute-d-finition-art","12":"product_tag-arche","13":"product_tag-arches-fr","14":"product_tag-calme","15":"product_tag-ete","16":"product_tag-feuillage","17":"product_tag-fleurs","18":"product_tag-floral-fr","19":"product_tag-jardin","20":"product_tag-nature-fr","21":"product_tag-paisible","22":"product_tag-portes","23":"product_tag-tranquilite","24":"product_tag-trompe-l-oeil","25":"product_tag-trompe-loeil-fr","26":"product_tag-trompe-oeil-fr","28":"first","29":"instock","30":"taxable","31":"shipping-taxable","32":"purchasable","33":"product-type-variable","34":"has-default-attributes"},"acf":[],"_links":{"self":[{"href":"https:\/\/www.muralunique.com\/fr\/wp-json\/wp\/v2\/product\/5022","targetHints":{"allow":["GET"]}}],"collection":[{"href":"https:\/\/www.muralunique.com\/fr\/wp-json\/wp\/v2\/product"}],"about":[{"href":"https:\/\/www.muralunique.com\/fr\/wp-json\/wp\/v2\/types\/product"}],"wp:featuredmedia":[{"embeddable":true,"href":"https:\/\/www.muralunique.com\/fr\/wp-json\/wp\/v2\/media\/5023"}],"wp:attachment":[{"href":"https:\/\/www.muralunique.com\/fr\/wp-json\/wp\/v2\/media?parent=5022"}],"wp:term":[{"taxonomy":"product_brand","embeddable":true,"href":"https:\/\/www.muralunique.com\/fr\/wp-json\/wp\/v2\/product_brand?post=5022"},{"taxonomy":"product_cat","embeddable":true,"href":"https:\/\/www.muralunique.com\/fr\/wp-json\/wp\/v2\/product_cat?post=5022"},{"taxonomy":"product_tag","embeddable":true,"href":"https:\/\/www.muralunique.com\/fr\/wp-json\/wp\/v2\/product_tag?post=5022"}],"curies":[{"name":"wp","href":"https:\/\/api.w.org\/{rel}","templated":true}]}}