{"id":50384,"date":"2021-04-23T12:58:06","date_gmt":"2021-04-23T16:58:06","guid":{"rendered":"https:\/\/www.muralunique.com\/?post_type=product&#038;p=50384"},"modified":"2022-03-16T17:38:01","modified_gmt":"2022-03-16T21:38:01","slug":"coniferes-en-art-abstrait","status":"publish","type":"product","link":"https:\/\/www.muralunique.com\/fr\/produit\/coniferes-en-art-abstrait\/","title":{"rendered":"Conif\u00e8res en Art Abstrait"},"content":{"rendered":"<p>-Murale en papier peint abstraite inspir\u00e9e des conif\u00e8res avec des motifs verts, beiges et noirs. L&#8217;\u00e9l\u00e9ment d\u00e9coratif parfait pour cr\u00e9er un d\u00e9cor moderne et original.<\/p>\n<p>-Une murale du designer TV Antoine Laurier (Occupation Double, La Voix, La semaine des 4 Julie, etc&#8230;)<\/p>\n<p>-La murale comprend des laizes de 18\u2033 (45cm) de largeur. Par exemple, une murale de 6\u2032 (1,83m) de largeur a 4 laizes et une murale de 12\u2032 (3,66m) de largeur a 8 laizes.<\/p>\n<p>-Murale en papier\u00a0peint pr\u00e9encoll\u00e9e, lavable, s\u2019enl\u00e8ve \u00e0 sec et r\u00e9utilisable. Facile \u00e0 installer, se pose comme du papier\u00a0peint (tapisserie).<\/p>\n<p>-murale abstraite, murale en papier peint abstraite, tapisserie abstraite, murale art abstrait, murale en papier peint art abstrait, papier peint art abstrait, tapisserie art abstrait<\/p>\n","protected":false},"excerpt":{"rendered":"<p>-Murale en papier peint abstraite inspir\u00e9e des conif\u00e8res avec des motifs verts, beiges et noirs. L&#8217;\u00e9l\u00e9ment d\u00e9coratif parfait pour cr\u00e9er un d\u00e9cor moderne et original. -Une murale du designer TV Antoine Laurier (Occupation Double, La Voix, La semaine des 4 Julie, etc&#8230;) -La murale comprend des laizes de 18\u2033 (45cm) de largeur. Par exemple, une [&hellip;]<\/p>\n","protected":false},"featured_media":50383,"template":"","meta":{"_acf_changed":false},"product_brand":[],"product_cat":[125,401],"product_tag":[8751,9724,9604,9187],"class_list":{"0":"post-50384","1":"product","2":"type-product","3":"status-publish","4":"has-post-thumbnail","6":"artist-antoine-laurier-fr","7":"product_cat-abstrait-et-geometrie","8":"product_cat-tous-nos-produits","9":"product_tag-abstrait","10":"product_tag-art-fr","11":"product_tag-conifere","12":"product_tag-moderne","14":"first","15":"instock","16":"taxable","17":"shipping-taxable","18":"purchasable","19":"product-type-variable","20":"has-default-attributes"},"acf":[],"_links":{"self":[{"href":"https:\/\/www.muralunique.com\/fr\/wp-json\/wp\/v2\/product\/50384","targetHints":{"allow":["GET"]}}],"collection":[{"href":"https:\/\/www.muralunique.com\/fr\/wp-json\/wp\/v2\/product"}],"about":[{"href":"https:\/\/www.muralunique.com\/fr\/wp-json\/wp\/v2\/types\/product"}],"wp:featuredmedia":[{"embeddable":true,"href":"https:\/\/www.muralunique.com\/fr\/wp-json\/wp\/v2\/media\/50383"}],"wp:attachment":[{"href":"https:\/\/www.muralunique.com\/fr\/wp-json\/wp\/v2\/media?parent=50384"}],"wp:term":[{"taxonomy":"product_brand","embeddable":true,"href":"https:\/\/www.muralunique.com\/fr\/wp-json\/wp\/v2\/product_brand?post=50384"},{"taxonomy":"product_cat","embeddable":true,"href":"https:\/\/www.muralunique.com\/fr\/wp-json\/wp\/v2\/product_cat?post=50384"},{"taxonomy":"product_tag","embeddable":true,"href":"https:\/\/www.muralunique.com\/fr\/wp-json\/wp\/v2\/product_tag?post=50384"}],"curies":[{"name":"wp","href":"https:\/\/api.w.org\/{rel}","templated":true}]}}