{"id":50503,"date":"2021-04-28T11:16:30","date_gmt":"2021-04-28T15:16:30","guid":{"rendered":"https:\/\/www.muralunique.com\/?post_type=product&#038;p=50503"},"modified":"2022-04-16T19:44:24","modified_gmt":"2022-04-16T23:44:24","slug":"chevalier","status":"publish","type":"product","link":"https:\/\/www.muralunique.com\/fr\/produit\/chevalier\/","title":{"rendered":"Chevalier"},"content":{"rendered":"<p>-Murale pour enfants d&#8217;un fier chevalier dans un village m\u00e9di\u00e9val. Une bonne id\u00e9e d\u00e9co pour un mur de chambre d&#8217;enfant, de salle de jeu ou de garderie.<\/p>\n<p>-La murale comprend des laizes de 18\u2033 (45cm) de largeur. Par exemple, une murale de 6\u2032 (1,83m) de largeur a 4 laizes et une murale de 12\u2032 (3,66m) de largeur a 8 laizes.<\/p>\n<p>-Murale en papier\u00a0peint pr\u00e9encoll\u00e9e, lavable, s\u2019enl\u00e8ve \u00e0 sec et r\u00e9utilisable. Facile \u00e0 installer, se pose comme du papier\u00a0peint (tapisserie).<\/p>\n<p>-murale chevalier, murale en papier peint chevalier, tapisserie chevalier, papier peint chevalier, murale m\u00e9di\u00e9vale, papier peint m\u00e9di\u00e9val, murale pour enfants, papier peint pour enfants, tapisserie pour enfants<\/p>\n","protected":false},"excerpt":{"rendered":"<p>-Murale pour enfants d&#8217;un fier chevalier dans un village m\u00e9di\u00e9val. Une bonne id\u00e9e d\u00e9co pour un mur de chambre d&#8217;enfant, de salle de jeu ou de garderie. -La murale comprend des laizes de 18\u2033 (45cm) de largeur. Par exemple, une murale de 6\u2032 (1,83m) de largeur a 4 laizes et une murale de 12\u2032 (3,66m) [&hellip;]<\/p>\n","protected":false},"featured_media":50502,"template":"","meta":{"_acf_changed":false},"product_brand":[],"product_cat":[173,401],"product_tag":[8877,9094,9129,8894,8895,9125,9181],"class_list":{"0":"post-50503","1":"product","2":"type-product","3":"status-publish","4":"has-post-thumbnail","6":"artist-birgit-schulz-fr","7":"product_cat-enfants","8":"product_cat-tous-nos-produits","9":"product_tag-chateau","10":"product_tag-cheval","11":"product_tag-chevalier","12":"product_tag-enfant","13":"product_tag-enfants","14":"product_tag-gamins","15":"product_tag-medieval-fr","17":"first","18":"instock","19":"taxable","20":"shipping-taxable","21":"purchasable","22":"product-type-variable","23":"has-default-attributes"},"acf":[],"_links":{"self":[{"href":"https:\/\/www.muralunique.com\/fr\/wp-json\/wp\/v2\/product\/50503","targetHints":{"allow":["GET"]}}],"collection":[{"href":"https:\/\/www.muralunique.com\/fr\/wp-json\/wp\/v2\/product"}],"about":[{"href":"https:\/\/www.muralunique.com\/fr\/wp-json\/wp\/v2\/types\/product"}],"wp:featuredmedia":[{"embeddable":true,"href":"https:\/\/www.muralunique.com\/fr\/wp-json\/wp\/v2\/media\/50502"}],"wp:attachment":[{"href":"https:\/\/www.muralunique.com\/fr\/wp-json\/wp\/v2\/media?parent=50503"}],"wp:term":[{"taxonomy":"product_brand","embeddable":true,"href":"https:\/\/www.muralunique.com\/fr\/wp-json\/wp\/v2\/product_brand?post=50503"},{"taxonomy":"product_cat","embeddable":true,"href":"https:\/\/www.muralunique.com\/fr\/wp-json\/wp\/v2\/product_cat?post=50503"},{"taxonomy":"product_tag","embeddable":true,"href":"https:\/\/www.muralunique.com\/fr\/wp-json\/wp\/v2\/product_tag?post=50503"}],"curies":[{"name":"wp","href":"https:\/\/api.w.org\/{rel}","templated":true}]}}