{"id":50808,"date":"2021-05-04T13:27:10","date_gmt":"2021-05-04T17:27:10","guid":{"rendered":"https:\/\/www.muralunique.com\/?post_type=product&#038;p=50808"},"modified":"2022-03-16T17:38:01","modified_gmt":"2022-03-16T21:38:01","slug":"littoral-abstrait","status":"publish","type":"product","link":"https:\/\/www.muralunique.com\/fr\/produit\/littoral-abstrait\/","title":{"rendered":"Littoral Abstrait"},"content":{"rendered":"<p>-Murale en papier peint abstraite inspir\u00e9e du littoral, c&#8217;est-\u00e0-dire la zone de contact entre la terre et la mer. Un design moderne form\u00e9 de couleurs vivantes.<\/p>\n<p>-Une murale du designer TV Antoine Laurier (Occupation Double, La Voix, La semaine des 4 Julie, etc\u2026)<\/p>\n<p>-La murale comprend des laizes de 18\u2033 (45cm) de largeur. Par exemple, une murale de 6\u2032 (1,83m) de largeur a 4 laizes et une murale de 12\u2032 (3,66m) de largeur a 8 laizes.<\/p>\n<p>-Murale en papier\u00a0peint pr\u00e9encoll\u00e9e, lavable, s\u2019enl\u00e8ve \u00e0 sec et r\u00e9utilisable. Facile \u00e0 installer, se pose comme du papier\u00a0peint (tapisserie).<\/p>\n<p>-murale littoral abstrait, murale en papier peint littoral abstrait, papier peint littoral abstrait, tapisserie littoral abstrait, tapisserie abstraite, papier peint abstrait, murale abstraite<\/p>\n","protected":false},"excerpt":{"rendered":"<p>-Murale en papier peint abstraite inspir\u00e9e du littoral, c&#8217;est-\u00e0-dire la zone de contact entre la terre et la mer. Un design moderne form\u00e9 de couleurs vivantes. -Une murale du designer TV Antoine Laurier (Occupation Double, La Voix, La semaine des 4 Julie, etc\u2026) -La murale comprend des laizes de 18\u2033 (45cm) de largeur. Par exemple, [&hellip;]<\/p>\n","protected":false},"featured_media":50807,"template":"","meta":{"_acf_changed":false},"product_brand":[],"product_cat":[125,401],"product_tag":[8751,9726,9187],"class_list":{"0":"post-50808","1":"product","2":"type-product","3":"status-publish","4":"has-post-thumbnail","6":"artist-antoine-laurier-fr","7":"product_cat-abstrait-et-geometrie","8":"product_cat-tous-nos-produits","9":"product_tag-abstrait","10":"product_tag-littoral","11":"product_tag-moderne","13":"first","14":"instock","15":"taxable","16":"shipping-taxable","17":"purchasable","18":"product-type-variable","19":"has-default-attributes"},"acf":[],"_links":{"self":[{"href":"https:\/\/www.muralunique.com\/fr\/wp-json\/wp\/v2\/product\/50808","targetHints":{"allow":["GET"]}}],"collection":[{"href":"https:\/\/www.muralunique.com\/fr\/wp-json\/wp\/v2\/product"}],"about":[{"href":"https:\/\/www.muralunique.com\/fr\/wp-json\/wp\/v2\/types\/product"}],"wp:featuredmedia":[{"embeddable":true,"href":"https:\/\/www.muralunique.com\/fr\/wp-json\/wp\/v2\/media\/50807"}],"wp:attachment":[{"href":"https:\/\/www.muralunique.com\/fr\/wp-json\/wp\/v2\/media?parent=50808"}],"wp:term":[{"taxonomy":"product_brand","embeddable":true,"href":"https:\/\/www.muralunique.com\/fr\/wp-json\/wp\/v2\/product_brand?post=50808"},{"taxonomy":"product_cat","embeddable":true,"href":"https:\/\/www.muralunique.com\/fr\/wp-json\/wp\/v2\/product_cat?post=50808"},{"taxonomy":"product_tag","embeddable":true,"href":"https:\/\/www.muralunique.com\/fr\/wp-json\/wp\/v2\/product_tag?post=50808"}],"curies":[{"name":"wp","href":"https:\/\/api.w.org\/{rel}","templated":true}]}}