{"id":5082,"date":"2012-02-28T08:52:37","date_gmt":"2012-02-28T08:52:37","guid":{"rendered":"https:\/\/muralunique.com\/?post_type=product&#038;p=5082"},"modified":"2021-09-15T16:59:35","modified_gmt":"2021-09-15T20:59:35","slug":"parc-national-des-arches-utah","status":"publish","type":"product","link":"https:\/\/www.muralunique.com\/fr\/produit\/parc-national-des-arches-utah\/","title":{"rendered":"Parc National des Arches, Utah"},"content":{"rendered":"<p>-Murale en papier peint de la c\u00e9l\u00e8bre &#8220;Delicate Arch&#8221; du Parc National des Arches au Utah (\u00c9tats-Unis). Ce Parc National est un site connu pour sa formidable concentration d\u2019arches rocheuses naturelles (plus de 2000).<\/p>\n<p>-La murale comprend des laizes de 18&#8243; (45cm) de largeur. Par exemple, une murale de 6&#8242; (1,83m) de largeur a 4 laizes et une murale de 12&#8242; (3,66m) de largeur a 8 laizes.<\/p>\n<p>-Murale en papier\u00a0peint pr\u00e9encoll\u00e9e, lavable, s&#8217;enl\u00e8ve \u00e0 sec et r\u00e9utilisable. Facile \u00e0 installer, se pose comme du papier\u00a0peint (tapisserie).<\/p>\n<p>-murale de paysages, murale en papier peint de paysages, murale parc national des Arches, tapisserie de paysages, papier peint de paysages<\/p>\n","protected":false},"excerpt":{"rendered":"<p>-Murale en papier peint de la c\u00e9l\u00e8bre &#8220;Delicate Arch&#8221; du Parc National des Arches au Utah (\u00c9tats-Unis). Ce Parc National est un site connu pour sa formidable concentration d\u2019arches rocheuses naturelles (plus de 2000). -La murale comprend des laizes de 18&#8243; (45cm) de largeur. Par exemple, une murale de 6&#8242; (1,83m) de largeur a 4 [&hellip;]<\/p>\n","protected":false},"featured_media":31568,"template":"","meta":{"_acf_changed":false},"product_brand":[203],"product_cat":[128,141,401],"product_tag":[8779,9499,9350,9536,9537,9219,9217,8669,9137,9417,9333,8744],"class_list":{"0":"post-5082","1":"product","2":"type-product","3":"status-publish","4":"has-post-thumbnail","6":"product_brand-muralunique-com","7":"product_cat-merveilles-du-monde","8":"product_cat-nature-et-paysages","9":"product_cat-tous-nos-produits","10":"product_tag-arches-fr","11":"product_tag-etats-unis","12":"product_tag-gres","13":"product_tag-merveilles","14":"product_tag-merveilles-du-monde","15":"product_tag-nature-fr","16":"product_tag-parc-national","17":"product_tag-parc-national-des-arches","18":"product_tag-paysage","19":"product_tag-pierres","20":"product_tag-rocher-fr","21":"product_tag-utah-fr","23":"first","24":"instock","25":"taxable","26":"shipping-taxable","27":"purchasable","28":"product-type-variable","29":"has-default-attributes"},"acf":[],"_links":{"self":[{"href":"https:\/\/www.muralunique.com\/fr\/wp-json\/wp\/v2\/product\/5082","targetHints":{"allow":["GET"]}}],"collection":[{"href":"https:\/\/www.muralunique.com\/fr\/wp-json\/wp\/v2\/product"}],"about":[{"href":"https:\/\/www.muralunique.com\/fr\/wp-json\/wp\/v2\/types\/product"}],"wp:featuredmedia":[{"embeddable":true,"href":"https:\/\/www.muralunique.com\/fr\/wp-json\/wp\/v2\/media\/31568"}],"wp:attachment":[{"href":"https:\/\/www.muralunique.com\/fr\/wp-json\/wp\/v2\/media?parent=5082"}],"wp:term":[{"taxonomy":"product_brand","embeddable":true,"href":"https:\/\/www.muralunique.com\/fr\/wp-json\/wp\/v2\/product_brand?post=5082"},{"taxonomy":"product_cat","embeddable":true,"href":"https:\/\/www.muralunique.com\/fr\/wp-json\/wp\/v2\/product_cat?post=5082"},{"taxonomy":"product_tag","embeddable":true,"href":"https:\/\/www.muralunique.com\/fr\/wp-json\/wp\/v2\/product_tag?post=5082"}],"curies":[{"name":"wp","href":"https:\/\/api.w.org\/{rel}","templated":true}]}}