{"id":5088,"date":"2012-02-28T08:55:08","date_gmt":"2012-02-28T08:55:08","guid":{"rendered":"https:\/\/muralunique.com\/?post_type=product&#038;p=5088"},"modified":"2021-09-15T16:59:35","modified_gmt":"2021-09-15T20:59:35","slug":"chichen-itza","status":"publish","type":"product","link":"https:\/\/www.muralunique.com\/fr\/produit\/chichen-itza\/","title":{"rendered":"Chichen Itza"},"content":{"rendered":"<p>-Murale en papier peint de Chichen Itza au Yucatan, Mexique. Chichen Itza a \u00e9t\u00e9 d\u00e9sign\u00e9 comme l&#8217;une des Sept Nouvelles Merveilles du Monde (et fait partie du Patrimoine Mondial de l&#8217;UNESCO).<\/p>\n<p>-La murale comprend des laizes de 18&#8243; (45cm) de largeur. Par exemple, une murale de 6&#8242; (1,83m) de largeur a 4 laizes et une murale de 12&#8242; (3,66m) de largeur a 8 laizes.<\/p>\n<p>-Murale en papier\u00a0peint pr\u00e9encoll\u00e9e, lavable, s&#8217;enl\u00e8ve \u00e0 sec et r\u00e9utilisable. Facile \u00e0 installer, se pose comme du papier\u00a0peint (tapisserie).<\/p>\n<p>-murale Chichen Itza, papier peint Chichen Itza, tapisserie Chichen Itza, murale merveilles du monde, papier peint merveilles du monde<\/p>\n","protected":false},"excerpt":{"rendered":"<p>-Murale en papier peint de Chichen Itza au Yucatan, Mexique. Chichen Itza a \u00e9t\u00e9 d\u00e9sign\u00e9 comme l&#8217;une des Sept Nouvelles Merveilles du Monde (et fait partie du Patrimoine Mondial de l&#8217;UNESCO). -La murale comprend des laizes de 18&#8243; (45cm) de largeur. Par exemple, une murale de 6&#8242; (1,83m) de largeur a 4 laizes et une [&hellip;]<\/p>\n","protected":false},"featured_media":5089,"template":"","meta":{"_acf_changed":false},"product_brand":[203],"product_cat":[128,401],"product_tag":[8664,8778,8681,9179,9536,9537,9184,9545,9344,9495],"class_list":{"0":"post-5088","1":"product","2":"type-product","3":"status-publish","4":"has-post-thumbnail","6":"product_brand-muralunique-com","7":"product_cat-merveilles-du-monde","8":"product_cat-tous-nos-produits","9":"product_tag-archeologie","10":"product_tag-archeologique","11":"product_tag-chichen-itza-fr","12":"product_tag-maya-fr","13":"product_tag-merveilles","14":"product_tag-merveilles-du-monde","15":"product_tag-mexique","16":"product_tag-monde","17":"product_tag-ruines","18":"product_tag-unesco-fr","20":"first","21":"instock","22":"taxable","23":"shipping-taxable","24":"purchasable","25":"product-type-variable","26":"has-default-attributes"},"acf":[],"_links":{"self":[{"href":"https:\/\/www.muralunique.com\/fr\/wp-json\/wp\/v2\/product\/5088","targetHints":{"allow":["GET"]}}],"collection":[{"href":"https:\/\/www.muralunique.com\/fr\/wp-json\/wp\/v2\/product"}],"about":[{"href":"https:\/\/www.muralunique.com\/fr\/wp-json\/wp\/v2\/types\/product"}],"wp:featuredmedia":[{"embeddable":true,"href":"https:\/\/www.muralunique.com\/fr\/wp-json\/wp\/v2\/media\/5089"}],"wp:attachment":[{"href":"https:\/\/www.muralunique.com\/fr\/wp-json\/wp\/v2\/media?parent=5088"}],"wp:term":[{"taxonomy":"product_brand","embeddable":true,"href":"https:\/\/www.muralunique.com\/fr\/wp-json\/wp\/v2\/product_brand?post=5088"},{"taxonomy":"product_cat","embeddable":true,"href":"https:\/\/www.muralunique.com\/fr\/wp-json\/wp\/v2\/product_cat?post=5088"},{"taxonomy":"product_tag","embeddable":true,"href":"https:\/\/www.muralunique.com\/fr\/wp-json\/wp\/v2\/product_tag?post=5088"}],"curies":[{"name":"wp","href":"https:\/\/api.w.org\/{rel}","templated":true}]}}