{"id":5100,"date":"2012-02-28T09:12:29","date_gmt":"2012-02-28T09:12:29","guid":{"rendered":"https:\/\/muralunique.com\/?post_type=product&#038;p=5100"},"modified":"2021-09-15T16:59:36","modified_gmt":"2021-09-15T20:59:36","slug":"grand-canyon","status":"publish","type":"product","link":"https:\/\/www.muralunique.com\/fr\/produit\/grand-canyon\/","title":{"rendered":"Grand Canyon"},"content":{"rendered":"<p>-Magnifique murale en papier peint du Grand Canyon en Arizona (\u00c9tats-Unis). Le Grand Canyon est consid\u00e9r\u00e9 comme l&#8217;une des Sept Merveilles Naturelles du Monde et fait partie du Patrimoine Mondial de l&#8217;UNESCO.<\/p>\n<p>-La murale comprend des laizes de 18&#8243; (45cm) de largeur. Par exemple, une murale de 6&#8242; (1,83m) de largeur a 4 laizes et une murale de 12&#8242; (3,66m) de largeur a 8 laizes.<\/p>\n<p>-Murale en papier\u00a0peint pr\u00e9encoll\u00e9e, lavable, s&#8217;enl\u00e8ve \u00e0 sec et r\u00e9utilisable. Facile \u00e0 installer, se pose comme du papier\u00a0peint (tapisserie).<\/p>\n<p>-murale grand canyon, murale en papier peint grand canyon, papier peint grand canyon, tapisserie paysage, murale paysage<\/p>\n","protected":false},"excerpt":{"rendered":"<p>-Magnifique murale en papier peint du Grand Canyon en Arizona (\u00c9tats-Unis). Le Grand Canyon est consid\u00e9r\u00e9 comme l&#8217;une des Sept Merveilles Naturelles du Monde et fait partie du Patrimoine Mondial de l&#8217;UNESCO. -La murale comprend des laizes de 18&#8243; (45cm) de largeur. Par exemple, une murale de 6&#8242; (1,83m) de largeur a 4 laizes et [&hellip;]<\/p>\n","protected":false},"featured_media":31441,"template":"","meta":{"_acf_changed":false},"product_brand":[203],"product_cat":[128,141,401],"product_tag":[8781,8871,9499,9061,9536,9537,9545,9219,9137,9495],"class_list":{"0":"post-5100","1":"product","2":"type-product","3":"status-publish","4":"has-post-thumbnail","6":"product_brand-muralunique-com","7":"product_cat-merveilles-du-monde","8":"product_cat-nature-et-paysages","9":"product_cat-tous-nos-produits","10":"product_tag-arizona-fr","11":"product_tag-canyon-fr","12":"product_tag-etats-unis","13":"product_tag-grand-canyon-fr","14":"product_tag-merveilles","15":"product_tag-merveilles-du-monde","16":"product_tag-monde","17":"product_tag-nature-fr","18":"product_tag-paysage","19":"product_tag-unesco-fr","21":"first","22":"instock","23":"taxable","24":"shipping-taxable","25":"purchasable","26":"product-type-variable","27":"has-default-attributes"},"acf":[],"_links":{"self":[{"href":"https:\/\/www.muralunique.com\/fr\/wp-json\/wp\/v2\/product\/5100","targetHints":{"allow":["GET"]}}],"collection":[{"href":"https:\/\/www.muralunique.com\/fr\/wp-json\/wp\/v2\/product"}],"about":[{"href":"https:\/\/www.muralunique.com\/fr\/wp-json\/wp\/v2\/types\/product"}],"wp:featuredmedia":[{"embeddable":true,"href":"https:\/\/www.muralunique.com\/fr\/wp-json\/wp\/v2\/media\/31441"}],"wp:attachment":[{"href":"https:\/\/www.muralunique.com\/fr\/wp-json\/wp\/v2\/media?parent=5100"}],"wp:term":[{"taxonomy":"product_brand","embeddable":true,"href":"https:\/\/www.muralunique.com\/fr\/wp-json\/wp\/v2\/product_brand?post=5100"},{"taxonomy":"product_cat","embeddable":true,"href":"https:\/\/www.muralunique.com\/fr\/wp-json\/wp\/v2\/product_cat?post=5100"},{"taxonomy":"product_tag","embeddable":true,"href":"https:\/\/www.muralunique.com\/fr\/wp-json\/wp\/v2\/product_tag?post=5100"}],"curies":[{"name":"wp","href":"https:\/\/api.w.org\/{rel}","templated":true}]}}