{"id":51020,"date":"2021-05-10T17:26:44","date_gmt":"2021-05-10T21:26:44","guid":{"rendered":"https:\/\/www.muralunique.com\/?post_type=product&#038;p=51020"},"modified":"2022-03-16T17:38:00","modified_gmt":"2022-03-16T21:38:00","slug":"fleurs-erodees","status":"publish","type":"product","link":"https:\/\/www.muralunique.com\/fr\/produit\/fleurs-erodees\/","title":{"rendered":"Fleurs \u00c9rod\u00e9es"},"content":{"rendered":"<p>-Murale en papier peint d&#8217;un design de fleurs \u00e9rod\u00e9es blanches sur une texture grise de style b\u00e9ton. Un design simple mais \u00e9l\u00e9gant qui donnera un style unique et tendance \u00e0 n&#8217;importe quel mur.<\/p>\n<p>-La murale comprend des laizes de 18\u2033 (45cm) de largeur. Par exemple, une murale de 6\u2032 (1,83m) de largeur a 4 laizes et une murale de 12\u2032 (3,66m) de largeur a 8 laizes.<\/p>\n<p>-Murale en papier\u00a0peint pr\u00e9encoll\u00e9e, lavable, s\u2019enl\u00e8ve \u00e0 sec et r\u00e9utilisable. Facile \u00e0 installer, se pose comme du papier\u00a0peint (tapisserie).<\/p>\n<p>-murale fleurs \u00e9rod\u00e9es, tapisserie fleurs \u00e9rod\u00e9es, murale en papier peint fleurs \u00e9rod\u00e9es, papier peint fleurs \u00e9rod\u00e9es, murale florale, papier peint floral, murale en papier peint florale<\/p>\n","protected":false},"excerpt":{"rendered":"<p>-Murale en papier peint d&#8217;un design de fleurs \u00e9rod\u00e9es blanches sur une texture grise de style b\u00e9ton. Un design simple mais \u00e9l\u00e9gant qui donnera un style unique et tendance \u00e0 n&#8217;importe quel mur. -La murale comprend des laizes de 18\u2033 (45cm) de largeur. Par exemple, une murale de 6\u2032 (1,83m) de largeur a 4 laizes [&hellip;]<\/p>\n","protected":false},"featured_media":51019,"template":"","meta":{"_acf_changed":false},"product_brand":[],"product_cat":[150,169,401],"product_tag":[8919,9728,9010,9006,9447,9448,9449],"class_list":{"0":"post-51020","1":"product","2":"type-product","3":"status-publish","4":"has-post-thumbnail","6":"product_cat-fleurs-et-feuillages","7":"product_cat-textures-2","8":"product_cat-tous-nos-produits","9":"product_tag-beton","10":"product_tag-erode","11":"product_tag-fleurs","12":"product_tag-floral-fr","13":"product_tag-texture-fr","14":"product_tag-texture-fr-2","15":"product_tag-textures","17":"first","18":"instock","19":"taxable","20":"shipping-taxable","21":"purchasable","22":"product-type-variable","23":"has-default-attributes"},"acf":[],"_links":{"self":[{"href":"https:\/\/www.muralunique.com\/fr\/wp-json\/wp\/v2\/product\/51020","targetHints":{"allow":["GET"]}}],"collection":[{"href":"https:\/\/www.muralunique.com\/fr\/wp-json\/wp\/v2\/product"}],"about":[{"href":"https:\/\/www.muralunique.com\/fr\/wp-json\/wp\/v2\/types\/product"}],"wp:featuredmedia":[{"embeddable":true,"href":"https:\/\/www.muralunique.com\/fr\/wp-json\/wp\/v2\/media\/51019"}],"wp:attachment":[{"href":"https:\/\/www.muralunique.com\/fr\/wp-json\/wp\/v2\/media?parent=51020"}],"wp:term":[{"taxonomy":"product_brand","embeddable":true,"href":"https:\/\/www.muralunique.com\/fr\/wp-json\/wp\/v2\/product_brand?post=51020"},{"taxonomy":"product_cat","embeddable":true,"href":"https:\/\/www.muralunique.com\/fr\/wp-json\/wp\/v2\/product_cat?post=51020"},{"taxonomy":"product_tag","embeddable":true,"href":"https:\/\/www.muralunique.com\/fr\/wp-json\/wp\/v2\/product_tag?post=51020"}],"curies":[{"name":"wp","href":"https:\/\/api.w.org\/{rel}","templated":true}]}}