{"id":51051,"date":"2021-05-11T13:20:25","date_gmt":"2021-05-11T17:20:25","guid":{"rendered":"https:\/\/www.muralunique.com\/?post_type=product&#038;p=51051"},"modified":"2023-10-11T14:27:45","modified_gmt":"2023-10-11T18:27:45","slug":"feuilles-de-banane-en-noir-et-gris","status":"publish","type":"product","link":"https:\/\/www.muralunique.com\/fr\/produit\/feuilles-de-banane-en-noir-et-gris\/","title":{"rendered":"Feuilles de Banane en Noir et Gris"},"content":{"rendered":"<p>-Murale en papier peint \u00e0 motif de feuilles de bananier en noir et gris. Une excellente option pour cr\u00e9er une ambiance tropicale dans votre int\u00e9rieur. De plus, les feuillages tropicaux et les feuilles de bananier sont tr\u00e8s \u00e0 la mode.<\/p>\n<p>-1863.20 (9&#8242; x 9&#8242; (2,75m x 2,75m)) peut \u00eatre r\u00e9p\u00e9t\u00e9 horizontalement et verticalement (pas les autres dimensions).<\/p>\n<p>-La murale comprend des laizes de 18\u2033 (45cm) de largeur. Par exemple, une murale de 6\u2032 (1,83m) de largeur a 4 laizes et une murale de 12\u2032 (3,66m) de largeur a 8 laizes.<\/p>\n<p>-Murale en papier\u00a0peint pr\u00e9encoll\u00e9e, lavable, s\u2019enl\u00e8ve \u00e0 sec et r\u00e9utilisable. Facile \u00e0 installer, se pose comme du papier\u00a0peint (tapisserie).<\/p>\n<p>-murale feuilles de banane en noir et gris, papier peint feuilles de banane en noir et gris, murale en papier peint feuilles de banane en noir et gris, tapisserie feuilles de banane en noir et gris<\/p>\n","protected":false},"excerpt":{"rendered":"<p>-Murale en papier peint \u00e0 motif de feuilles de bananier en noir et gris. Une excellente option pour cr\u00e9er une ambiance tropicale dans votre int\u00e9rieur. De plus, les feuillages tropicaux et les feuilles de bananier sont tr\u00e8s \u00e0 la mode. -1863.20 (9&#8242; x 9&#8242; (2,75m x 2,75m)) peut \u00eatre r\u00e9p\u00e9t\u00e9 horizontalement et verticalement (pas les [&hellip;]<\/p>\n","protected":false},"featured_media":80929,"template":"","meta":{"_acf_changed":false},"product_brand":[],"product_cat":[150,367,10345,401],"product_tag":[9715,8970,9014,9144,9713],"class_list":{"0":"post-51051","1":"product","2":"type-product","3":"status-publish","4":"has-post-thumbnail","6":"product_cat-fleurs-et-feuillages","7":"product_cat-murales-en-r-p-tition","8":"product_cat-murs-extra-hauts-murales-repetition-verticale","9":"product_cat-tous-nos-produits","10":"product_tag-banane","11":"product_tag-exotique","12":"product_tag-feuillage","13":"product_tag-feuilles","14":"product_tag-feuilles-de-banane","16":"first","17":"instock","18":"taxable","19":"shipping-taxable","20":"purchasable","21":"product-type-variable"},"acf":[],"_links":{"self":[{"href":"https:\/\/www.muralunique.com\/fr\/wp-json\/wp\/v2\/product\/51051","targetHints":{"allow":["GET"]}}],"collection":[{"href":"https:\/\/www.muralunique.com\/fr\/wp-json\/wp\/v2\/product"}],"about":[{"href":"https:\/\/www.muralunique.com\/fr\/wp-json\/wp\/v2\/types\/product"}],"wp:featuredmedia":[{"embeddable":true,"href":"https:\/\/www.muralunique.com\/fr\/wp-json\/wp\/v2\/media\/80929"}],"wp:attachment":[{"href":"https:\/\/www.muralunique.com\/fr\/wp-json\/wp\/v2\/media?parent=51051"}],"wp:term":[{"taxonomy":"product_brand","embeddable":true,"href":"https:\/\/www.muralunique.com\/fr\/wp-json\/wp\/v2\/product_brand?post=51051"},{"taxonomy":"product_cat","embeddable":true,"href":"https:\/\/www.muralunique.com\/fr\/wp-json\/wp\/v2\/product_cat?post=51051"},{"taxonomy":"product_tag","embeddable":true,"href":"https:\/\/www.muralunique.com\/fr\/wp-json\/wp\/v2\/product_tag?post=51051"}],"curies":[{"name":"wp","href":"https:\/\/api.w.org\/{rel}","templated":true}]}}