{"id":5107,"date":"2012-02-28T09:15:57","date_gmt":"2012-02-28T09:15:57","guid":{"rendered":"https:\/\/muralunique.com\/?post_type=product&#038;p=5107"},"modified":"2021-09-15T16:59:37","modified_gmt":"2021-09-15T20:59:37","slug":"grand-bouddha-de-kamakura-japon","status":"publish","type":"product","link":"https:\/\/www.muralunique.com\/fr\/produit\/grand-bouddha-de-kamakura-japon\/","title":{"rendered":"Grand Bouddha de Kamakura, Japon"},"content":{"rendered":"<p>-Photo murale en papier peint de la statue du Grand Amit\u0101bha Bouddha situ\u00e9e au temple de K\u014dtoku-in \u00e0 Kamakura au Japon.<\/p>\n<p>-La murale comprend des laizes de 18&#8243; (45cm) de largeur. Par exemple, une murale de 6&#8242; (1,83m) de largeur a 4 laizes et une murale de 12&#8242; (3,66m) de largeur a 8 laizes.<\/p>\n<p>-Murale en papier\u00a0peint pr\u00e9encoll\u00e9e, lavable, s&#8217;enl\u00e8ve \u00e0 sec et r\u00e9utilisable. Facile \u00e0 installer, se pose comme du papier\u00a0peint (tapisserie).<\/p>\n<p>-murale Grand Bouddha de Kamakura, papier peint Grand Bouddha de Kamakura, murale Grand Bouddha, papier peint Grand Bouddha, murale Bouddha<\/p>\n<p>&nbsp;<\/p>\n","protected":false},"excerpt":{"rendered":"<p>-Photo murale en papier peint de la statue du Grand Amit\u0101bha Bouddha situ\u00e9e au temple de K\u014dtoku-in \u00e0 Kamakura au Japon. -La murale comprend des laizes de 18&#8243; (45cm) de largeur. Par exemple, une murale de 6&#8242; (1,83m) de largeur a 4 laizes et une murale de 12&#8242; (3,66m) de largeur a 8 laizes. -Murale [&hellip;]<\/p>\n","protected":false},"featured_media":5108,"template":"","meta":{"_acf_changed":false},"product_brand":[203],"product_cat":[128,138,401],"product_tag":[8784,8783,8852,8853,8864,9064,9117,9118,9123,9182,9537,9238,9261,9321,9443,9467,9552],"class_list":{"0":"post-5107","1":"product","2":"type-product","3":"status-publish","4":"has-post-thumbnail","6":"product_brand-muralunique-com","7":"product_cat-merveilles-du-monde","8":"product_cat-oriental-religion-spiritualite","9":"product_cat-tous-nos-produits","10":"product_tag-asiatique","11":"product_tag-asie","12":"product_tag-bouddha","13":"product_tag-bouddhisme","14":"product_tag-calme","15":"product_tag-grand-bouddha","16":"product_tag-japon","17":"product_tag-japonais","18":"product_tag-kamakura-fr","19":"product_tag-meditation-fr","20":"product_tag-merveilles-du-monde","21":"product_tag-oriental-fr","22":"product_tag-paisible","23":"product_tag-religion-fr","24":"product_tag-temple-fr","25":"product_tag-tranquilite","26":"product_tag-zen-fr","28":"first","29":"instock","30":"taxable","31":"shipping-taxable","32":"purchasable","33":"product-type-variable","34":"has-default-attributes"},"acf":[],"_links":{"self":[{"href":"https:\/\/www.muralunique.com\/fr\/wp-json\/wp\/v2\/product\/5107","targetHints":{"allow":["GET"]}}],"collection":[{"href":"https:\/\/www.muralunique.com\/fr\/wp-json\/wp\/v2\/product"}],"about":[{"href":"https:\/\/www.muralunique.com\/fr\/wp-json\/wp\/v2\/types\/product"}],"wp:featuredmedia":[{"embeddable":true,"href":"https:\/\/www.muralunique.com\/fr\/wp-json\/wp\/v2\/media\/5108"}],"wp:attachment":[{"href":"https:\/\/www.muralunique.com\/fr\/wp-json\/wp\/v2\/media?parent=5107"}],"wp:term":[{"taxonomy":"product_brand","embeddable":true,"href":"https:\/\/www.muralunique.com\/fr\/wp-json\/wp\/v2\/product_brand?post=5107"},{"taxonomy":"product_cat","embeddable":true,"href":"https:\/\/www.muralunique.com\/fr\/wp-json\/wp\/v2\/product_cat?post=5107"},{"taxonomy":"product_tag","embeddable":true,"href":"https:\/\/www.muralunique.com\/fr\/wp-json\/wp\/v2\/product_tag?post=5107"}],"curies":[{"name":"wp","href":"https:\/\/api.w.org\/{rel}","templated":true}]}}